{"id":31854,"date":"2025-01-08T11:45:29","date_gmt":"2025-01-08T11:45:29","guid":{"rendered":"https:\/\/theeyesongroup.com\/contact-lenses\/manejo-de-la-miopia-en-ninos\/"},"modified":"2025-11-18T07:09:42","modified_gmt":"2025-11-18T07:09:42","slug":"manejo-de-la-miopia-en-ninos","status":"publish","type":"page","link":"https:\/\/theeyesongroup.com\/es\/contact-lenses\/manejo-de-la-miopia-en-ninos\/","title":{"rendered":"Manejo de la Miop\u00eda en Ni\u00f1os"},"content":{"rendered":"\t\t<div data-elementor-type=\"wp-page\" data-elementor-id=\"31854\" class=\"elementor elementor-31854 elementor-31353\">\n\t\t\t\t\t\t<section class=\"elementor-section elementor-top-section elementor-element elementor-element-4030b8d elementor-section-boxed elementor-section-height-default elementor-section-height-default\" data-id=\"4030b8d\" data-element_type=\"section\" data-settings=\"{&quot;background_background&quot;:&quot;classic&quot;}\">\n\t\t\t\t\t\t\t<div class=\"elementor-background-overlay\"><\/div>\n\t\t\t\t\t\t\t<div class=\"elementor-container elementor-column-gap-default\">\n\t\t\t\t\t<div class=\"elementor-column elementor-col-100 elementor-top-column elementor-element elementor-element-0c88a02\" data-id=\"0c88a02\" data-element_type=\"column\">\n\t\t\t<div class=\"elementor-widget-wrap elementor-element-populated\">\n\t\t\t\t\t\t<section class=\"elementor-section elementor-inner-section elementor-element elementor-element-eb161f4 elementor-section-boxed elementor-section-height-default elementor-section-height-default elementor-invisible\" data-id=\"eb161f4\" data-element_type=\"section\" data-settings=\"{&quot;animation&quot;:&quot;fadeIn&quot;,&quot;animation_delay&quot;:100}\">\n\t\t\t\t\t\t<div class=\"elementor-container elementor-column-gap-default\">\n\t\t\t\t\t<div class=\"elementor-column elementor-col-100 elementor-inner-column elementor-element elementor-element-31b27fa\" data-id=\"31b27fa\" data-element_type=\"column\">\n\t\t\t<div class=\"elementor-widget-wrap elementor-element-populated\">\n\t\t\t\t\t\t<div class=\"elementor-element elementor-element-e879679 elementor-widget elementor-widget-heading\" data-id=\"e879679\" data-element_type=\"widget\" data-widget_type=\"heading.default\">\n\t\t\t\t<div class=\"elementor-widget-container\">\n\t\t\t<style>\/*! elementor - v3.23.0 - 05-08-2024 *\/\n.elementor-heading-title{padding:0;margin:0;line-height:1}.elementor-widget-heading .elementor-heading-title[class*=elementor-size-]>a{color:inherit;font-size:inherit;line-height:inherit}.elementor-widget-heading .elementor-heading-title.elementor-size-small{font-size:15px}.elementor-widget-heading .elementor-heading-title.elementor-size-medium{font-size:19px}.elementor-widget-heading .elementor-heading-title.elementor-size-large{font-size:29px}.elementor-widget-heading .elementor-heading-title.elementor-size-xl{font-size:39px}.elementor-widget-heading .elementor-heading-title.elementor-size-xxl{font-size:59px}<\/style><h1 class=\"elementor-heading-title elementor-size-default\">Manejo de la Miop\u00eda en Ni\u00f1os<\/h1>\t\t<\/div>\n\t\t\t\t<\/div>\n\t\t\t\t\t<\/div>\n\t\t<\/div>\n\t\t\t\t\t<\/div>\n\t\t<\/section>\n\t\t\t\t\t<\/div>\n\t\t<\/div>\n\t\t\t\t\t<\/div>\n\t\t<\/section>\n\t\t\t\t<section class=\"elementor-section elementor-top-section elementor-element elementor-element-f1a868c elementor-section-full_width elementor-section-height-default elementor-section-height-default\" data-id=\"f1a868c\" data-element_type=\"section\" data-settings=\"{&quot;background_background&quot;:&quot;classic&quot;}\">\n\t\t\t\t\t\t\t<div class=\"elementor-background-overlay\"><\/div>\n\t\t\t\t\t\t\t<div class=\"elementor-container elementor-column-gap-default\">\n\t\t\t\t\t<div class=\"elementor-column elementor-col-100 elementor-top-column elementor-element elementor-element-c019f6f\" data-id=\"c019f6f\" data-element_type=\"column\">\n\t\t\t<div class=\"elementor-widget-wrap elementor-element-populated\">\n\t\t\t\t\t\t<section class=\"elementor-section elementor-inner-section elementor-element elementor-element-814c9d6 elementor-section-boxed elementor-section-height-default elementor-section-height-default\" data-id=\"814c9d6\" data-element_type=\"section\">\n\t\t\t\t\t\t<div class=\"elementor-container elementor-column-gap-default\">\n\t\t\t\t\t<div class=\"elementor-column elementor-col-50 elementor-inner-column elementor-element elementor-element-177ea59\" data-id=\"177ea59\" data-element_type=\"column\" data-settings=\"{&quot;background_background&quot;:&quot;classic&quot;}\">\n\t\t\t<div class=\"elementor-widget-wrap elementor-element-populated\">\n\t\t\t\t\t\t<div class=\"elementor-element elementor-element-56e61d9 elementor-widget elementor-widget-text-editor\" data-id=\"56e61d9\" data-element_type=\"widget\" data-widget_type=\"text-editor.default\">\n\t\t\t\t<div class=\"elementor-widget-container\">\n\t\t\t<style>\/*! elementor - v3.23.0 - 05-08-2024 *\/\n.elementor-widget-text-editor.elementor-drop-cap-view-stacked .elementor-drop-cap{background-color:#69727d;color:#fff}.elementor-widget-text-editor.elementor-drop-cap-view-framed .elementor-drop-cap{color:#69727d;border:3px solid;background-color:transparent}.elementor-widget-text-editor:not(.elementor-drop-cap-view-default) .elementor-drop-cap{margin-top:8px}.elementor-widget-text-editor:not(.elementor-drop-cap-view-default) .elementor-drop-cap-letter{width:1em;height:1em}.elementor-widget-text-editor .elementor-drop-cap{float:left;text-align:center;line-height:1;font-size:50px}.elementor-widget-text-editor .elementor-drop-cap-letter{display:inline-block}<\/style>\t\t\t\t<p>Solicitar una <span style=\"color: #4268d2;\">Cita<\/span><\/p>\t\t\t\t\t\t<\/div>\n\t\t\t\t<\/div>\n\t\t\t\t<div class=\"elementor-element elementor-element-ad8487d elementor-widget elementor-widget-text-editor\" data-id=\"ad8487d\" data-element_type=\"widget\" data-widget_type=\"text-editor.default\">\n\t\t\t\t<div class=\"elementor-widget-container\">\n\t\t\t\t\t\t\t<span style=\"font-weight: 400;\">Programa tu cita de cuidado ocular en l\u00ednea en la ubicaci\u00f3n m\u00e1s cercana.<\/span>\t\t\t\t\t\t<\/div>\n\t\t\t\t<\/div>\n\t\t\t\t<div class=\"elementor-element elementor-element-649ca13 appointment-form elementor-widget elementor-widget-shortcode\" data-id=\"649ca13\" data-element_type=\"widget\" data-widget_type=\"shortcode.default\">\n\t\t\t\t<div class=\"elementor-widget-container\">\n\t\t\t\t\t<div class=\"elementor-shortcode\">\n<div class=\"wpcf7 no-js\" id=\"wpcf7-f29310-o1\" lang=\"es-ES\" dir=\"ltr\">\n<div class=\"screen-reader-response\"><p role=\"status\" aria-live=\"polite\" aria-atomic=\"true\"><\/p> <ul><\/ul><\/div>\n<form action=\"\/es\/wp-json\/wp\/v2\/pages\/31854#wpcf7-f29310-o1\" method=\"post\" class=\"wpcf7-form init\" aria-label=\"Formulario de contacto\" novalidate=\"novalidate\" data-status=\"init\">\n<div style=\"display: none;\">\n<input type=\"hidden\" name=\"_wpcf7\" value=\"29310\" \/>\n<input type=\"hidden\" name=\"_wpcf7_version\" value=\"5.9.8\" \/>\n<input type=\"hidden\" name=\"_wpcf7_locale\" value=\"es_ES\" \/>\n<input type=\"hidden\" name=\"_wpcf7_unit_tag\" value=\"wpcf7-f29310-o1\" \/>\n<input type=\"hidden\" name=\"_wpcf7_container_post\" value=\"0\" \/>\n<input type=\"hidden\" name=\"_wpcf7_posted_data_hash\" value=\"\" \/>\n<input type=\"hidden\" name=\"_wpcf7_recaptcha_response\" value=\"\" \/>\n<\/div>\n<p><label> Nombre y Apellido<br \/>\n<span class=\"wpcf7-form-control-wrap\" data-name=\"your-name\"><input size=\"40\" maxlength=\"400\" class=\"wpcf7-form-control wpcf7-text wpcf7-validates-as-required\" autocomplete=\"name\" aria-required=\"true\" aria-invalid=\"false\" value=\"\" type=\"text\" name=\"your-name\" \/><\/span> <\/label>\n<\/p>\n<p><label> Correo Electr\u00f3nico<br \/>\n<span class=\"wpcf7-form-control-wrap\" data-name=\"your-email\"><input size=\"40\" maxlength=\"400\" class=\"wpcf7-form-control wpcf7-email wpcf7-validates-as-required wpcf7-text wpcf7-validates-as-email\" autocomplete=\"email\" aria-required=\"true\" aria-invalid=\"false\" value=\"\" type=\"email\" name=\"your-email\" \/><\/span> <\/label>\n<\/p>\n<p><label> Tel\u00e9fono m\u00f3vil<br \/>\n<span class=\"wpcf7-form-control-wrap\" data-name=\"your-phone\"><input size=\"40\" maxlength=\"400\" class=\"wpcf7-form-control wpcf7-tel wpcf7-validates-as-required wpcf7-text wpcf7-validates-as-tel\" aria-required=\"true\" aria-invalid=\"false\" value=\"\" type=\"tel\" name=\"your-phone\" \/><\/span> <\/label>\n<\/p>\n<p><label> Tipo de Paciente<br \/>\n<span class=\"wpcf7-form-control-wrap\" data-name=\"patient-type\"><select class=\"wpcf7-form-control wpcf7-select wpcf7-validates-as-required\" aria-required=\"true\" aria-invalid=\"false\" name=\"patient-type\"><option value=\"\">&#8212;Por favor, elige una opci\u00f3n&#8212;<\/option><option value=\"Paciente Nuevo\">Paciente Nuevo<\/option><option value=\"Paciente Establecido\">Paciente Establecido<\/option><\/select><\/span> <\/label>\n<\/p>\n<p><label> Seleccionar Ubicaci\u00f3n<br \/>\n<span class=\"wpcf7-form-control-wrap\" data-name=\"your-location\"><select class=\"wpcf7-form-control wpcf7-select wpcf7-validates-as-required\" aria-required=\"true\" aria-invalid=\"false\" name=\"your-location\"><option value=\"\">&#8212;Por favor, elige una opci\u00f3n&#8212;<\/option><option value=\"Worcester\">Worcester<\/option><option value=\"Randolph\">Randolph<\/option><option value=\"Lincoln\">Lincoln<\/option><option value=\"Cranston\">Cranston<\/option><\/select><\/span> <\/label>\n<\/p>\n<p><input class=\"wpcf7-form-control wpcf7-submit has-spinner\" type=\"submit\" value=\"Reserva Ahora\" \/>\n<\/p><div class=\"wpcf7-response-output\" aria-hidden=\"true\"><\/div>\n<\/form>\n<\/div>\n<\/div>\n\t\t\t\t<\/div>\n\t\t\t\t<\/div>\n\t\t\t\t\t<\/div>\n\t\t<\/div>\n\t\t\t\t<div class=\"elementor-column elementor-col-50 elementor-inner-column elementor-element elementor-element-fbe3e97 elementor-invisible\" data-id=\"fbe3e97\" data-element_type=\"column\" data-settings=\"{&quot;animation&quot;:&quot;fadeIn&quot;,&quot;animation_delay&quot;:0}\">\n\t\t\t<div class=\"elementor-widget-wrap elementor-element-populated\">\n\t\t\t\t\t\t<div class=\"elementor-element elementor-element-c0b78cf elementor-widget-mobile__width-inherit elementor-widget elementor-widget-text-editor\" data-id=\"c0b78cf\" data-element_type=\"widget\" data-widget_type=\"text-editor.default\">\n\t\t\t\t<div class=\"elementor-widget-container\">\n\t\t\t\t\t\t\t<span style=\"color: #4268d2;\">Manejo de la<\/span>miop\u00eda en ni\u00f1os\n\n\n\n\t\t\t\t\t\t<\/div>\n\t\t\t\t<\/div>\n\t\t\t\t<div class=\"elementor-element elementor-element-c84ebfe elementor-widget elementor-widget-text-editor\" data-id=\"c84ebfe\" data-element_type=\"widget\" data-widget_type=\"text-editor.default\">\n\t\t\t\t<div class=\"elementor-widget-container\">\n\t\t\t\t\t\t\t<p><b>\u00bfQu\u00e9 son las lentes de contacto MiSight?<\/b><b><br \/><\/b><span style=\"font-weight: 400;\">Las lentes de contacto MiSight son lentes diarias desechables, blandas y aprobadas por la FDA, dise\u00f1adas para ni\u00f1os de entre 8 y 12 a\u00f1os con el prop\u00f3sito de manejar la miop\u00eda (visi\u00f3n corta). Estas lentes no solo corrigen la visi\u00f3n, sino que tambi\u00e9n ralentizan la progresi\u00f3n de la miop\u00eda mediante tecnolog\u00eda \u00f3ptica innovadora que influye en c\u00f3mo la luz se enfoca en la retina.<\/span><\/p><div id=\"moreCataracts\" style=\"display: none;\"><p><b>\u00bfPor qu\u00e9 usamos lentes MiSight?<\/b><\/p><ul><li style=\"font-weight: 400;\" aria-level=\"1\"><b>Manejo de la Miop\u00eda:<\/b><span style=\"font-weight: 400;\"> Ralentizar la progresi\u00f3n de la miop\u00eda puede reducir el riesgo de futuros problemas de salud ocular, como desprendimiento de retina, glaucoma y degeneraci\u00f3n macular.<\/span><\/li><li style=\"font-weight: 400;\" aria-level=\"1\"><b>Mejora de la Visi\u00f3n:<\/b><span style=\"font-weight: 400;\"> Ofrecen una visi\u00f3n clara para las actividades diarias sin necesidad de gafas.<\/span><\/li><li style=\"font-weight: 400;\" aria-level=\"1\"><b>Estilo de Vida Mejorado:<\/b><span style=\"font-weight: 400;\"> Son ideales para ni\u00f1os activos que pueden encontrar las gafas inconvenientes durante deportes o actividades al aire libre.<\/span><\/li><\/ul><p><b>Ventajas de las lentes MiSight<\/b><\/p><ul><li style=\"font-weight: 400;\" aria-level=\"1\"><b>Eficacia Probada Cl\u00ednicamente:<\/b><span style=\"font-weight: 400;\"> Los estudios muestran una reducci\u00f3n significativa en la progresi\u00f3n de la miop\u00eda con el uso constante.<\/span><\/li><li style=\"font-weight: 400;\" aria-level=\"1\"><b>Comodidad:<\/b><span style=\"font-weight: 400;\"> Al ser desechables diarias, eliminan la necesidad de limpieza y almacenamiento, asegurando una mejor higiene.<\/span><\/li><li style=\"font-weight: 400;\" aria-level=\"1\"><b>Seguridad:<\/b><span style=\"font-weight: 400;\"> El material blando de las lentes es c\u00f3modo y bien tolerado por los ni\u00f1os, bajo la supervisi\u00f3n adecuada.<\/span><\/li><li style=\"font-weight: 400;\" aria-level=\"1\"><b>Beneficios a Largo Plazo:<\/b><span style=\"font-weight: 400;\"> Ayudan a reducir el riesgo de afecciones oculares graves asociadas con una alta miop\u00eda en la edad adulta.<\/span><\/li><\/ul><p><b>Desventajas de las lentes MiSight<\/b><\/p><ul><li style=\"font-weight: 400;\" aria-level=\"1\"><b>Responsabilidad:<\/b><span style=\"font-weight: 400;\"> Requieren que los ni\u00f1os sigan pr\u00e1cticas adecuadas de higiene y manejo para prevenir infecciones.<\/span><\/li><li style=\"font-weight: 400;\" aria-level=\"1\"><b>No Aptas para Todos:<\/b><span style=\"font-weight: 400;\"> Algunos ni\u00f1os pueden no ser candidatos debido a la forma de sus ojos, la prescripci\u00f3n u otros factores.<\/span><\/li><li style=\"font-weight: 400;\" aria-level=\"1\"><b>Per\u00edodo de Adaptaci\u00f3n:<\/b><span style=\"font-weight: 400;\"><span style=\"font-weight: 400;\"> Los ni\u00f1os que son nuevos en el uso de lentes de contacto pueden necesitar tiempo para adaptarse a pon\u00e9rselas, insertarlas y quitarlas.<\/span><\/span><\/li><\/ul><p><b>\u00bfC\u00f3mo empezar?<\/b><b><br \/><\/b><span style=\"font-weight: 400;\">Agenda una consulta con uno de nuestros doctores experimentados en <\/span><b>The Eyes on Group<\/b><span style=\"font-weight: 400;\"> para determinar si las lentes MiSight son la opci\u00f3n adecuada para tu hijo. Nuestro equipo proporcionar\u00e1 orientaci\u00f3n personalizada, responder\u00e1 tus preguntas y supervisar\u00e1 el progreso de tu hijo para garantizar los mejores resultados posibles para su visi\u00f3n y salud ocular a largo plazo.<\/span><\/p><\/div><p><a id=\"readMoreCataracts\" href=\"#\">Leer m\u00e1s<\/a><br \/><a id=\"readLessCataracts\" style=\"display: none;\" href=\"#\">leer menos<\/a><\/p>\t\t\t\t\t\t<\/div>\n\t\t\t\t<\/div>\n\t\t\t\t<div class=\"elementor-element elementor-element-4d197e8 elementor-align-left elementor-tablet-align-center elementor-widget elementor-widget-button\" data-id=\"4d197e8\" data-element_type=\"widget\" data-widget_type=\"button.default\">\n\t\t\t\t<div class=\"elementor-widget-container\">\n\t\t\t\t\t<div class=\"elementor-button-wrapper\">\n\t\t\t<a class=\"elementor-button elementor-button-link elementor-size-xl\" href=\"https:\/\/theeyesongroup.com\/es\/book-an-appointment\/\">\n\t\t\t\t\t\t<span class=\"elementor-button-content-wrapper\">\n\t\t\t\t\t\t<span class=\"elementor-button-icon\">\n\t\t\t\t<i aria-hidden=\"true\" class=\"fas fa-angle-double-right\"><\/i>\t\t\t<\/span>\n\t\t\t\t\t\t\t\t\t<span class=\"elementor-button-text\">Solicitar una cita<\/span>\n\t\t\t\t\t<\/span>\n\t\t\t\t\t<\/a>\n\t\t<\/div>\n\t\t\t\t<\/div>\n\t\t\t\t<\/div>\n\t\t\t\t\t<\/div>\n\t\t<\/div>\n\t\t\t\t\t<\/div>\n\t\t<\/section>\n\t\t\t\t\t<\/div>\n\t\t<\/div>\n\t\t\t\t\t<\/div>\n\t\t<\/section>\n\t\t\t\t<\/div>\n\t\t","protected":false},"excerpt":{"rendered":"<p>Manejo de la Miop\u00eda en Ni\u00f1os Solicitar una Cita Programa tu cita de cuidado ocular en l\u00ednea en la ubicaci\u00f3n m\u00e1s cercana.Manejo de lamiop\u00eda en ni\u00f1os \u00bfQu\u00e9 son las lentes de contacto MiSight? Las lentes de contacto MiSight son lentes diarias desechables, blandas y aprobadas por la FDA, dise\u00f1adas para ni\u00f1os de entre 8 y [&hellip;]<\/p>\n","protected":false},"author":2,"featured_media":0,"parent":29326,"menu_order":0,"comment_status":"closed","ping_status":"closed","template":"page-templates\/template-full-width-page-without-header-title.php","meta":{"footnotes":""},"class_list":["post-31854","page","type-page","status-publish","hentry"],"yoast_head":"<!-- This site is optimized with the Yoast SEO plugin v23.8 - https:\/\/yoast.com\/wordpress\/plugins\/seo\/ -->\n<title>Manejo de la Miop\u00eda en Ni\u00f1os | Lincoln, Cranston y M\u00e1s<\/title>\n<meta name=\"description\" content=\"Lentes de contacto MiSight aprobadas por la FDA para manejar la miop\u00eda en ni\u00f1os, ralentizando su progresi\u00f3n mientras ofrecen una visi\u00f3n clara.\" \/>\n<meta name=\"robots\" content=\"index, follow, max-snippet:-1, max-image-preview:large, max-video-preview:-1\" \/>\n<link rel=\"canonical\" href=\"https:\/\/theeyesongroup.com\/es\/contact-lenses\/manejo-de-la-miopia-en-ninos\/\" \/>\n<meta property=\"og:locale\" content=\"es_ES\" \/>\n<meta property=\"og:type\" content=\"article\" \/>\n<meta property=\"og:title\" content=\"Manejo de la Miop\u00eda en Ni\u00f1os | Lincoln, Cranston y M\u00e1s\" \/>\n<meta property=\"og:description\" content=\"Lentes de contacto MiSight aprobadas por la FDA para manejar la miop\u00eda en ni\u00f1os, ralentizando su progresi\u00f3n mientras ofrecen una visi\u00f3n clara.\" \/>\n<meta property=\"og:url\" content=\"https:\/\/theeyesongroup.com\/es\/contact-lenses\/manejo-de-la-miopia-en-ninos\/\" \/>\n<meta property=\"og:site_name\" content=\"Eyes On\" \/>\n<meta property=\"article:modified_time\" content=\"2025-11-18T07:09:42+00:00\" \/>\n<meta name=\"twitter:card\" content=\"summary_large_image\" \/>\n<meta name=\"twitter:label1\" content=\"Tiempo de lectura\" \/>\n\t<meta name=\"twitter:data1\" content=\"2 minutos\" \/>\n<script type=\"application\/ld+json\" class=\"yoast-schema-graph\">{\"@context\":\"https:\/\/schema.org\",\"@graph\":[{\"@type\":\"WebPage\",\"@id\":\"https:\/\/theeyesongroup.com\/es\/contact-lenses\/manejo-de-la-miopia-en-ninos\/\",\"url\":\"https:\/\/theeyesongroup.com\/es\/contact-lenses\/manejo-de-la-miopia-en-ninos\/\",\"name\":\"Manejo de la Miop\u00eda en Ni\u00f1os | Lincoln, Cranston y M\u00e1s\",\"isPartOf\":{\"@id\":\"https:\/\/theeyesongroup.com\/es\/#website\"},\"datePublished\":\"2025-01-08T11:45:29+00:00\",\"dateModified\":\"2025-11-18T07:09:42+00:00\",\"description\":\"Lentes de contacto MiSight aprobadas por la FDA para manejar la miop\u00eda en ni\u00f1os, ralentizando su progresi\u00f3n mientras ofrecen una visi\u00f3n clara.\",\"breadcrumb\":{\"@id\":\"https:\/\/theeyesongroup.com\/es\/contact-lenses\/manejo-de-la-miopia-en-ninos\/#breadcrumb\"},\"inLanguage\":\"es\",\"potentialAction\":[{\"@type\":\"ReadAction\",\"target\":[\"https:\/\/theeyesongroup.com\/es\/contact-lenses\/manejo-de-la-miopia-en-ninos\/\"]}]},{\"@type\":\"BreadcrumbList\",\"@id\":\"https:\/\/theeyesongroup.com\/es\/contact-lenses\/manejo-de-la-miopia-en-ninos\/#breadcrumb\",\"itemListElement\":[{\"@type\":\"ListItem\",\"position\":1,\"name\":\"Home\",\"item\":\"https:\/\/theeyesongroup.com\/es\/\"},{\"@type\":\"ListItem\",\"position\":2,\"name\":\"Contact Lenses\",\"item\":\"https:\/\/theeyesongroup.com\/es\/contact-lenses\/\"},{\"@type\":\"ListItem\",\"position\":3,\"name\":\"Manejo de la Miop\u00eda en Ni\u00f1os\"}]},{\"@type\":\"WebSite\",\"@id\":\"https:\/\/theeyesongroup.com\/es\/#website\",\"url\":\"https:\/\/theeyesongroup.com\/es\/\",\"name\":\"Eyes On\",\"description\":\"\",\"publisher\":{\"@id\":\"https:\/\/theeyesongroup.com\/es\/#organization\"},\"potentialAction\":[{\"@type\":\"SearchAction\",\"target\":{\"@type\":\"EntryPoint\",\"urlTemplate\":\"https:\/\/theeyesongroup.com\/es\/?s={search_term_string}\"},\"query-input\":{\"@type\":\"PropertyValueSpecification\",\"valueRequired\":true,\"valueName\":\"search_term_string\"}}],\"inLanguage\":\"es\"},{\"@type\":\"Organization\",\"@id\":\"https:\/\/theeyesongroup.com\/es\/#organization\",\"name\":\"Eyes On\",\"url\":\"https:\/\/theeyesongroup.com\/es\/\",\"logo\":{\"@type\":\"ImageObject\",\"inLanguage\":\"es\",\"@id\":\"https:\/\/theeyesongroup.com\/es\/#\/schema\/logo\/image\/\",\"url\":\"https:\/\/theeyesongroup.com\/wp-content\/uploads\/2024\/12\/website-header-logo.png\",\"contentUrl\":\"https:\/\/theeyesongroup.com\/wp-content\/uploads\/2024\/12\/website-header-logo.png\",\"width\":842,\"height\":304,\"caption\":\"Eyes On\"},\"image\":{\"@id\":\"https:\/\/theeyesongroup.com\/es\/#\/schema\/logo\/image\/\"}}]}<\/script>\n<!-- \/ Yoast SEO plugin. -->","yoast_head_json":{"title":"Manejo de la Miop\u00eda en Ni\u00f1os | Lincoln, Cranston y M\u00e1s","description":"Lentes de contacto MiSight aprobadas por la FDA para manejar la miop\u00eda en ni\u00f1os, ralentizando su progresi\u00f3n mientras ofrecen una visi\u00f3n clara.","robots":{"index":"index","follow":"follow","max-snippet":"max-snippet:-1","max-image-preview":"max-image-preview:large","max-video-preview":"max-video-preview:-1"},"canonical":"https:\/\/theeyesongroup.com\/es\/contact-lenses\/manejo-de-la-miopia-en-ninos\/","og_locale":"es_ES","og_type":"article","og_title":"Manejo de la Miop\u00eda en Ni\u00f1os | Lincoln, Cranston y M\u00e1s","og_description":"Lentes de contacto MiSight aprobadas por la FDA para manejar la miop\u00eda en ni\u00f1os, ralentizando su progresi\u00f3n mientras ofrecen una visi\u00f3n clara.","og_url":"https:\/\/theeyesongroup.com\/es\/contact-lenses\/manejo-de-la-miopia-en-ninos\/","og_site_name":"Eyes On","article_modified_time":"2025-11-18T07:09:42+00:00","twitter_card":"summary_large_image","twitter_misc":{"Tiempo de lectura":"2 minutos"},"schema":{"@context":"https:\/\/schema.org","@graph":[{"@type":"WebPage","@id":"https:\/\/theeyesongroup.com\/es\/contact-lenses\/manejo-de-la-miopia-en-ninos\/","url":"https:\/\/theeyesongroup.com\/es\/contact-lenses\/manejo-de-la-miopia-en-ninos\/","name":"Manejo de la Miop\u00eda en Ni\u00f1os | Lincoln, Cranston y M\u00e1s","isPartOf":{"@id":"https:\/\/theeyesongroup.com\/es\/#website"},"datePublished":"2025-01-08T11:45:29+00:00","dateModified":"2025-11-18T07:09:42+00:00","description":"Lentes de contacto MiSight aprobadas por la FDA para manejar la miop\u00eda en ni\u00f1os, ralentizando su progresi\u00f3n mientras ofrecen una visi\u00f3n clara.","breadcrumb":{"@id":"https:\/\/theeyesongroup.com\/es\/contact-lenses\/manejo-de-la-miopia-en-ninos\/#breadcrumb"},"inLanguage":"es","potentialAction":[{"@type":"ReadAction","target":["https:\/\/theeyesongroup.com\/es\/contact-lenses\/manejo-de-la-miopia-en-ninos\/"]}]},{"@type":"BreadcrumbList","@id":"https:\/\/theeyesongroup.com\/es\/contact-lenses\/manejo-de-la-miopia-en-ninos\/#breadcrumb","itemListElement":[{"@type":"ListItem","position":1,"name":"Home","item":"https:\/\/theeyesongroup.com\/es\/"},{"@type":"ListItem","position":2,"name":"Contact Lenses","item":"https:\/\/theeyesongroup.com\/es\/contact-lenses\/"},{"@type":"ListItem","position":3,"name":"Manejo de la Miop\u00eda en Ni\u00f1os"}]},{"@type":"WebSite","@id":"https:\/\/theeyesongroup.com\/es\/#website","url":"https:\/\/theeyesongroup.com\/es\/","name":"Eyes On","description":"","publisher":{"@id":"https:\/\/theeyesongroup.com\/es\/#organization"},"potentialAction":[{"@type":"SearchAction","target":{"@type":"EntryPoint","urlTemplate":"https:\/\/theeyesongroup.com\/es\/?s={search_term_string}"},"query-input":{"@type":"PropertyValueSpecification","valueRequired":true,"valueName":"search_term_string"}}],"inLanguage":"es"},{"@type":"Organization","@id":"https:\/\/theeyesongroup.com\/es\/#organization","name":"Eyes On","url":"https:\/\/theeyesongroup.com\/es\/","logo":{"@type":"ImageObject","inLanguage":"es","@id":"https:\/\/theeyesongroup.com\/es\/#\/schema\/logo\/image\/","url":"https:\/\/theeyesongroup.com\/wp-content\/uploads\/2024\/12\/website-header-logo.png","contentUrl":"https:\/\/theeyesongroup.com\/wp-content\/uploads\/2024\/12\/website-header-logo.png","width":842,"height":304,"caption":"Eyes On"},"image":{"@id":"https:\/\/theeyesongroup.com\/es\/#\/schema\/logo\/image\/"}}]}},"_links":{"self":[{"href":"https:\/\/theeyesongroup.com\/es\/wp-json\/wp\/v2\/pages\/31854","targetHints":{"allow":["GET"]}}],"collection":[{"href":"https:\/\/theeyesongroup.com\/es\/wp-json\/wp\/v2\/pages"}],"about":[{"href":"https:\/\/theeyesongroup.com\/es\/wp-json\/wp\/v2\/types\/page"}],"author":[{"embeddable":true,"href":"https:\/\/theeyesongroup.com\/es\/wp-json\/wp\/v2\/users\/2"}],"replies":[{"embeddable":true,"href":"https:\/\/theeyesongroup.com\/es\/wp-json\/wp\/v2\/comments?post=31854"}],"version-history":[{"count":35,"href":"https:\/\/theeyesongroup.com\/es\/wp-json\/wp\/v2\/pages\/31854\/revisions"}],"predecessor-version":[{"id":39002,"href":"https:\/\/theeyesongroup.com\/es\/wp-json\/wp\/v2\/pages\/31854\/revisions\/39002"}],"up":[{"embeddable":true,"href":"https:\/\/theeyesongroup.com\/es\/wp-json\/wp\/v2\/pages\/29326"}],"wp:attachment":[{"href":"https:\/\/theeyesongroup.com\/es\/wp-json\/wp\/v2\/media?parent=31854"}],"curies":[{"name":"wp","href":"https:\/\/api.w.org\/{rel}","templated":true}]}}