{"id":30660,"date":"2024-12-04T13:56:30","date_gmt":"2024-12-04T13:56:30","guid":{"rendered":"https:\/\/theeyesongroup.com\/your-eye-health\/healthy-sight\/"},"modified":"2025-11-18T09:32:35","modified_gmt":"2025-11-18T09:32:35","slug":"healthy-sight","status":"publish","type":"page","link":"https:\/\/theeyesongroup.com\/es\/your-eye-health\/healthy-sight\/","title":{"rendered":"Visi\u00f3n Saludable"},"content":{"rendered":"\t\t<div data-elementor-type=\"wp-page\" data-elementor-id=\"30660\" class=\"elementor elementor-30660 elementor-30595\">\n\t\t\t\t\t\t<section class=\"elementor-section elementor-top-section elementor-element elementor-element-4030b8d elementor-section-boxed elementor-section-height-default elementor-section-height-default\" data-id=\"4030b8d\" data-element_type=\"section\" data-settings=\"{&quot;background_background&quot;:&quot;classic&quot;}\">\n\t\t\t\t\t\t\t<div class=\"elementor-background-overlay\"><\/div>\n\t\t\t\t\t\t\t<div class=\"elementor-container elementor-column-gap-default\">\n\t\t\t\t\t<div class=\"elementor-column elementor-col-100 elementor-top-column elementor-element elementor-element-0c88a02\" data-id=\"0c88a02\" data-element_type=\"column\">\n\t\t\t<div class=\"elementor-widget-wrap elementor-element-populated\">\n\t\t\t\t\t\t<section class=\"elementor-section elementor-inner-section elementor-element elementor-element-eb161f4 elementor-section-boxed elementor-section-height-default elementor-section-height-default elementor-invisible\" data-id=\"eb161f4\" data-element_type=\"section\" data-settings=\"{&quot;animation&quot;:&quot;fadeIn&quot;,&quot;animation_delay&quot;:100}\">\n\t\t\t\t\t\t<div class=\"elementor-container elementor-column-gap-default\">\n\t\t\t\t\t<div class=\"elementor-column elementor-col-100 elementor-inner-column elementor-element elementor-element-31b27fa\" data-id=\"31b27fa\" data-element_type=\"column\">\n\t\t\t<div class=\"elementor-widget-wrap elementor-element-populated\">\n\t\t\t\t\t\t<div class=\"elementor-element elementor-element-6f54490 elementor-widget elementor-widget-heading\" data-id=\"6f54490\" data-element_type=\"widget\" data-widget_type=\"heading.default\">\n\t\t\t\t<div class=\"elementor-widget-container\">\n\t\t\t<style>\/*! elementor - v3.23.0 - 05-08-2024 *\/\n.elementor-heading-title{padding:0;margin:0;line-height:1}.elementor-widget-heading .elementor-heading-title[class*=elementor-size-]>a{color:inherit;font-size:inherit;line-height:inherit}.elementor-widget-heading .elementor-heading-title.elementor-size-small{font-size:15px}.elementor-widget-heading .elementor-heading-title.elementor-size-medium{font-size:19px}.elementor-widget-heading .elementor-heading-title.elementor-size-large{font-size:29px}.elementor-widget-heading .elementor-heading-title.elementor-size-xl{font-size:39px}.elementor-widget-heading .elementor-heading-title.elementor-size-xxl{font-size:59px}<\/style><h1 class=\"elementor-heading-title elementor-size-default\">Visi\u00f3n Saludable<\/h1>\t\t<\/div>\n\t\t\t\t<\/div>\n\t\t\t\t\t<\/div>\n\t\t<\/div>\n\t\t\t\t\t<\/div>\n\t\t<\/section>\n\t\t\t\t\t<\/div>\n\t\t<\/div>\n\t\t\t\t\t<\/div>\n\t\t<\/section>\n\t\t\t\t<section class=\"elementor-section elementor-top-section elementor-element elementor-element-f1a868c elementor-section-full_width elementor-section-height-default elementor-section-height-default\" data-id=\"f1a868c\" data-element_type=\"section\" data-settings=\"{&quot;background_background&quot;:&quot;classic&quot;}\">\n\t\t\t\t\t\t\t<div class=\"elementor-background-overlay\"><\/div>\n\t\t\t\t\t\t\t<div class=\"elementor-container elementor-column-gap-default\">\n\t\t\t\t\t<div class=\"elementor-column elementor-col-100 elementor-top-column elementor-element elementor-element-c019f6f\" data-id=\"c019f6f\" data-element_type=\"column\">\n\t\t\t<div class=\"elementor-widget-wrap elementor-element-populated\">\n\t\t\t\t\t\t<section class=\"elementor-section elementor-inner-section elementor-element elementor-element-814c9d6 elementor-section-boxed elementor-section-height-default elementor-section-height-default\" data-id=\"814c9d6\" data-element_type=\"section\">\n\t\t\t\t\t\t<div class=\"elementor-container elementor-column-gap-default\">\n\t\t\t\t\t<div class=\"elementor-column elementor-col-50 elementor-inner-column elementor-element elementor-element-4a9e561 elementor-invisible\" data-id=\"4a9e561\" data-element_type=\"column\" data-settings=\"{&quot;animation&quot;:&quot;fadeIn&quot;,&quot;animation_delay&quot;:200,&quot;background_background&quot;:&quot;classic&quot;}\">\n\t\t\t<div class=\"elementor-widget-wrap elementor-element-populated\">\n\t\t\t\t\t\t<div class=\"elementor-element elementor-element-052b019 elementor-widget elementor-widget-image\" data-id=\"052b019\" data-element_type=\"widget\" data-settings=\"{&quot;_animation&quot;:&quot;none&quot;}\" data-widget_type=\"image.default\">\n\t\t\t\t<div class=\"elementor-widget-container\">\n\t\t\t<style>\/*! elementor - v3.23.0 - 05-08-2024 *\/\n.elementor-widget-image{text-align:center}.elementor-widget-image a{display:inline-block}.elementor-widget-image a img[src$=\".svg\"]{width:48px}.elementor-widget-image img{vertical-align:middle;display:inline-block}<\/style>\t\t\t\t\t\t\t\t\t\t<img fetchpriority=\"high\" decoding=\"async\" width=\"928\" height=\"1024\" src=\"https:\/\/theeyesongroup.com\/wp-content\/uploads\/2025\/01\/Your-Eye-Health_0007_Healthy-Sight.jpg\" class=\"attachment-large size-large wp-image-31969\" alt=\"Tips for maintaining long-term healthy eyesight\" srcset=\"https:\/\/theeyesongroup.com\/wp-content\/uploads\/2025\/01\/Your-Eye-Health_0007_Healthy-Sight.jpg 928w, https:\/\/theeyesongroup.com\/wp-content\/uploads\/2025\/01\/Your-Eye-Health_0007_Healthy-Sight-272x300.jpg 272w, https:\/\/theeyesongroup.com\/wp-content\/uploads\/2025\/01\/Your-Eye-Health_0007_Healthy-Sight-768x847.jpg 768w\" sizes=\"(max-width: 928px) 100vw, 928px\" \/>\t\t\t\t\t\t\t\t\t\t\t\t\t<\/div>\n\t\t\t\t<\/div>\n\t\t\t\t\t<\/div>\n\t\t<\/div>\n\t\t\t\t<div class=\"elementor-column elementor-col-50 elementor-inner-column elementor-element elementor-element-fbe3e97 elementor-invisible\" data-id=\"fbe3e97\" data-element_type=\"column\" data-settings=\"{&quot;animation&quot;:&quot;fadeIn&quot;,&quot;animation_delay&quot;:0}\">\n\t\t\t<div class=\"elementor-widget-wrap elementor-element-populated\">\n\t\t\t\t\t\t<div class=\"elementor-element elementor-element-c0b78cf elementor-widget-mobile__width-inherit elementor-widget elementor-widget-text-editor\" data-id=\"c0b78cf\" data-element_type=\"widget\" data-widget_type=\"text-editor.default\">\n\t\t\t\t<div class=\"elementor-widget-container\">\n\t\t\t<style>\/*! elementor - v3.23.0 - 05-08-2024 *\/\n.elementor-widget-text-editor.elementor-drop-cap-view-stacked .elementor-drop-cap{background-color:#69727d;color:#fff}.elementor-widget-text-editor.elementor-drop-cap-view-framed .elementor-drop-cap{color:#69727d;border:3px solid;background-color:transparent}.elementor-widget-text-editor:not(.elementor-drop-cap-view-default) .elementor-drop-cap{margin-top:8px}.elementor-widget-text-editor:not(.elementor-drop-cap-view-default) .elementor-drop-cap-letter{width:1em;height:1em}.elementor-widget-text-editor .elementor-drop-cap{float:left;text-align:center;line-height:1;font-size:50px}.elementor-widget-text-editor .elementor-drop-cap-letter{display:inline-block}<\/style>\t\t\t\t<span style=\"color: #4268d2;\">Visi\u00f3n <\/span> Saludable\t\t\t\t\t\t<\/div>\n\t\t\t\t<\/div>\n\t\t\t\t<div class=\"elementor-element elementor-element-c84ebfe elementor-widget elementor-widget-text-editor\" data-id=\"c84ebfe\" data-element_type=\"widget\" data-widget_type=\"text-editor.default\">\n\t\t\t\t<div class=\"elementor-widget-container\">\n\t\t\t\t\t\t\t<p><b>Mantener Ojos Saludables y una Visi\u00f3n Clara<\/b><\/p><p><span style=\"font-weight: 400;\">Mantener ojos saludables y una visi\u00f3n clara es fundamental para el bienestar general y la calidad de vida. Los ex\u00e1menes oculares regulares son esenciales para la salud visual, ya que permiten la detecci\u00f3n temprana de cambios en la visi\u00f3n, errores refractivos y condiciones potencialmente graves como el glaucoma, la degeneraci\u00f3n macular y la retinopat\u00eda diab\u00e9tica.<\/span><\/p><p><span style=\"font-weight: 400;\">Una dieta equilibrada, rica en vitaminas A, C y E, junto con \u00e1cidos grasos omega-3, respalda la funci\u00f3n ocular y ayuda a proteger contra afecciones como el ojo seco y las cataratas. Medidas protectoras, como usar gafas de sol con protecci\u00f3n UV al 100%, protegen sus ojos de los da\u00f1inos rayos ultravioleta que pueden causar da\u00f1os a largo plazo. Adem\u00e1s, los lentes con filtro de luz azul pueden reducir la fatiga ocular digital causada por el uso prolongado de pantallas en el mundo tecnol\u00f3gico de hoy.<\/span><\/p><p><span style=\"font-weight: 400;\">En <\/span><b>The Eyes on Group<\/b><span style=\"font-weight: 400;\">, le ofrecemos asesoramiento experto, atenci\u00f3n personalizada y acceso a la \u00faltima tecnolog\u00eda para respaldar su salud ocular. Ya sea con consejos para el cuidado diario, orientaci\u00f3n sobre gafas protectoras o evaluaciones de rutina, estamos aqu\u00ed para ayudarle a ver el mundo con claridad y comodidad durante muchos a\u00f1os. Tomar medidas proactivas hoy puede marcar una diferencia duradera en la preservaci\u00f3n de su visi\u00f3n para el futuro.<\/span><\/p>\t\t\t\t\t\t<\/div>\n\t\t\t\t<\/div>\n\t\t\t\t<div class=\"elementor-element elementor-element-4d197e8 elementor-align-left elementor-tablet-align-center elementor-widget elementor-widget-button\" data-id=\"4d197e8\" data-element_type=\"widget\" data-widget_type=\"button.default\">\n\t\t\t\t<div class=\"elementor-widget-container\">\n\t\t\t\t\t<div class=\"elementor-button-wrapper\">\n\t\t\t<a class=\"elementor-button elementor-button-link elementor-size-xl\" href=\"https:\/\/theeyesongroup.com\/es\/contact-us\/\">\n\t\t\t\t\t\t<span class=\"elementor-button-content-wrapper\">\n\t\t\t\t\t\t<span class=\"elementor-button-icon\">\n\t\t\t\t<i aria-hidden=\"true\" class=\"fas fa-angle-double-right\"><\/i>\t\t\t<\/span>\n\t\t\t\t\t\t\t\t\t<span class=\"elementor-button-text\">Cont\u00e1ctanos<\/span>\n\t\t\t\t\t<\/span>\n\t\t\t\t\t<\/a>\n\t\t<\/div>\n\t\t\t\t<\/div>\n\t\t\t\t<\/div>\n\t\t\t\t\t<\/div>\n\t\t<\/div>\n\t\t\t\t\t<\/div>\n\t\t<\/section>\n\t\t\t\t\t<\/div>\n\t\t<\/div>\n\t\t\t\t\t<\/div>\n\t\t<\/section>\n\t\t\t\t<\/div>\n\t\t","protected":false},"excerpt":{"rendered":"<p>Visi\u00f3n Saludable Visi\u00f3n Saludable Mantener Ojos Saludables y una Visi\u00f3n Clara Mantener ojos saludables y una visi\u00f3n clara es fundamental para el bienestar general y la calidad de vida. Los ex\u00e1menes oculares regulares son esenciales para la salud visual, ya que permiten la detecci\u00f3n temprana de cambios en la visi\u00f3n, errores refractivos y condiciones potencialmente [&hellip;]<\/p>\n","protected":false},"author":2,"featured_media":0,"parent":29441,"menu_order":0,"comment_status":"closed","ping_status":"closed","template":"page-templates\/template-full-width-page-without-header-title.php","meta":{"footnotes":""},"class_list":["post-30660","page","type-page","status-publish","hentry"],"yoast_head":"<!-- This site is optimized with the Yoast SEO plugin v23.8 - https:\/\/yoast.com\/wordpress\/plugins\/seo\/ -->\n<title>C\u00f3mo mantener una visi\u00f3n saludable | Eyes on Group<\/title>\n<meta name=\"description\" content=\"Mejora tu visi\u00f3n y salud ocular con los consejos y cuidados de The Eyes On Group. Protege tus ojos y disfruta de una vista clara durante m\u00e1s tiempo.\" \/>\n<meta name=\"robots\" content=\"index, follow, max-snippet:-1, max-image-preview:large, max-video-preview:-1\" \/>\n<link rel=\"canonical\" href=\"https:\/\/theeyesongroup.com\/es\/your-eye-health\/healthy-sight\/\" \/>\n<meta property=\"og:locale\" content=\"es_ES\" \/>\n<meta property=\"og:type\" content=\"article\" \/>\n<meta property=\"og:title\" content=\"C\u00f3mo mantener una visi\u00f3n saludable | Eyes on Group\" \/>\n<meta property=\"og:description\" content=\"Mejora tu visi\u00f3n y salud ocular con los consejos y cuidados de The Eyes On Group. Protege tus ojos y disfruta de una vista clara durante m\u00e1s tiempo.\" \/>\n<meta property=\"og:url\" content=\"https:\/\/theeyesongroup.com\/es\/your-eye-health\/healthy-sight\/\" \/>\n<meta property=\"og:site_name\" content=\"Eyes On\" \/>\n<meta property=\"article:modified_time\" content=\"2025-11-18T09:32:35+00:00\" \/>\n<meta property=\"og:image\" content=\"http:\/\/theeyesongroup.com\/wp-content\/uploads\/2025\/01\/Your-Eye-Health_0007_Healthy-Sight.jpg\" \/>\n<meta name=\"twitter:card\" content=\"summary_large_image\" \/>\n<meta name=\"twitter:label1\" content=\"Tiempo de lectura\" \/>\n\t<meta name=\"twitter:data1\" content=\"2 minutos\" \/>\n<script type=\"application\/ld+json\" class=\"yoast-schema-graph\">{\"@context\":\"https:\/\/schema.org\",\"@graph\":[{\"@type\":\"WebPage\",\"@id\":\"https:\/\/theeyesongroup.com\/es\/your-eye-health\/healthy-sight\/\",\"url\":\"https:\/\/theeyesongroup.com\/es\/your-eye-health\/healthy-sight\/\",\"name\":\"C\u00f3mo mantener una visi\u00f3n saludable | Eyes on Group\",\"isPartOf\":{\"@id\":\"https:\/\/theeyesongroup.com\/es\/#website\"},\"primaryImageOfPage\":{\"@id\":\"https:\/\/theeyesongroup.com\/es\/your-eye-health\/healthy-sight\/#primaryimage\"},\"image\":{\"@id\":\"https:\/\/theeyesongroup.com\/es\/your-eye-health\/healthy-sight\/#primaryimage\"},\"thumbnailUrl\":\"http:\/\/theeyesongroup.com\/wp-content\/uploads\/2025\/01\/Your-Eye-Health_0007_Healthy-Sight.jpg\",\"datePublished\":\"2024-12-04T13:56:30+00:00\",\"dateModified\":\"2025-11-18T09:32:35+00:00\",\"description\":\"Mejora tu visi\u00f3n y salud ocular con los consejos y cuidados de The Eyes On Group. Protege tus ojos y disfruta de una vista clara durante m\u00e1s tiempo.\",\"breadcrumb\":{\"@id\":\"https:\/\/theeyesongroup.com\/es\/your-eye-health\/healthy-sight\/#breadcrumb\"},\"inLanguage\":\"es\",\"potentialAction\":[{\"@type\":\"ReadAction\",\"target\":[\"https:\/\/theeyesongroup.com\/es\/your-eye-health\/healthy-sight\/\"]}]},{\"@type\":\"ImageObject\",\"inLanguage\":\"es\",\"@id\":\"https:\/\/theeyesongroup.com\/es\/your-eye-health\/healthy-sight\/#primaryimage\",\"url\":\"http:\/\/theeyesongroup.com\/wp-content\/uploads\/2025\/01\/Your-Eye-Health_0007_Healthy-Sight.jpg\",\"contentUrl\":\"http:\/\/theeyesongroup.com\/wp-content\/uploads\/2025\/01\/Your-Eye-Health_0007_Healthy-Sight.jpg\"},{\"@type\":\"BreadcrumbList\",\"@id\":\"https:\/\/theeyesongroup.com\/es\/your-eye-health\/healthy-sight\/#breadcrumb\",\"itemListElement\":[{\"@type\":\"ListItem\",\"position\":1,\"name\":\"Home\",\"item\":\"https:\/\/theeyesongroup.com\/es\/\"},{\"@type\":\"ListItem\",\"position\":2,\"name\":\"Your Eye Health\",\"item\":\"https:\/\/theeyesongroup.com\/es\/your-eye-health\/\"},{\"@type\":\"ListItem\",\"position\":3,\"name\":\"Visi\u00f3n Saludable\"}]},{\"@type\":\"WebSite\",\"@id\":\"https:\/\/theeyesongroup.com\/es\/#website\",\"url\":\"https:\/\/theeyesongroup.com\/es\/\",\"name\":\"Eyes On\",\"description\":\"\",\"publisher\":{\"@id\":\"https:\/\/theeyesongroup.com\/es\/#organization\"},\"potentialAction\":[{\"@type\":\"SearchAction\",\"target\":{\"@type\":\"EntryPoint\",\"urlTemplate\":\"https:\/\/theeyesongroup.com\/es\/?s={search_term_string}\"},\"query-input\":{\"@type\":\"PropertyValueSpecification\",\"valueRequired\":true,\"valueName\":\"search_term_string\"}}],\"inLanguage\":\"es\"},{\"@type\":\"Organization\",\"@id\":\"https:\/\/theeyesongroup.com\/es\/#organization\",\"name\":\"Eyes On\",\"url\":\"https:\/\/theeyesongroup.com\/es\/\",\"logo\":{\"@type\":\"ImageObject\",\"inLanguage\":\"es\",\"@id\":\"https:\/\/theeyesongroup.com\/es\/#\/schema\/logo\/image\/\",\"url\":\"https:\/\/theeyesongroup.com\/wp-content\/uploads\/2024\/12\/website-header-logo.png\",\"contentUrl\":\"https:\/\/theeyesongroup.com\/wp-content\/uploads\/2024\/12\/website-header-logo.png\",\"width\":842,\"height\":304,\"caption\":\"Eyes On\"},\"image\":{\"@id\":\"https:\/\/theeyesongroup.com\/es\/#\/schema\/logo\/image\/\"}}]}<\/script>\n<!-- \/ Yoast SEO plugin. -->","yoast_head_json":{"title":"C\u00f3mo mantener una visi\u00f3n saludable | Eyes on Group","description":"Mejora tu visi\u00f3n y salud ocular con los consejos y cuidados de The Eyes On Group. Protege tus ojos y disfruta de una vista clara durante m\u00e1s tiempo.","robots":{"index":"index","follow":"follow","max-snippet":"max-snippet:-1","max-image-preview":"max-image-preview:large","max-video-preview":"max-video-preview:-1"},"canonical":"https:\/\/theeyesongroup.com\/es\/your-eye-health\/healthy-sight\/","og_locale":"es_ES","og_type":"article","og_title":"C\u00f3mo mantener una visi\u00f3n saludable | Eyes on Group","og_description":"Mejora tu visi\u00f3n y salud ocular con los consejos y cuidados de The Eyes On Group. Protege tus ojos y disfruta de una vista clara durante m\u00e1s tiempo.","og_url":"https:\/\/theeyesongroup.com\/es\/your-eye-health\/healthy-sight\/","og_site_name":"Eyes On","article_modified_time":"2025-11-18T09:32:35+00:00","og_image":[{"url":"http:\/\/theeyesongroup.com\/wp-content\/uploads\/2025\/01\/Your-Eye-Health_0007_Healthy-Sight.jpg"}],"twitter_card":"summary_large_image","twitter_misc":{"Tiempo de lectura":"2 minutos"},"schema":{"@context":"https:\/\/schema.org","@graph":[{"@type":"WebPage","@id":"https:\/\/theeyesongroup.com\/es\/your-eye-health\/healthy-sight\/","url":"https:\/\/theeyesongroup.com\/es\/your-eye-health\/healthy-sight\/","name":"C\u00f3mo mantener una visi\u00f3n saludable | Eyes on Group","isPartOf":{"@id":"https:\/\/theeyesongroup.com\/es\/#website"},"primaryImageOfPage":{"@id":"https:\/\/theeyesongroup.com\/es\/your-eye-health\/healthy-sight\/#primaryimage"},"image":{"@id":"https:\/\/theeyesongroup.com\/es\/your-eye-health\/healthy-sight\/#primaryimage"},"thumbnailUrl":"http:\/\/theeyesongroup.com\/wp-content\/uploads\/2025\/01\/Your-Eye-Health_0007_Healthy-Sight.jpg","datePublished":"2024-12-04T13:56:30+00:00","dateModified":"2025-11-18T09:32:35+00:00","description":"Mejora tu visi\u00f3n y salud ocular con los consejos y cuidados de The Eyes On Group. Protege tus ojos y disfruta de una vista clara durante m\u00e1s tiempo.","breadcrumb":{"@id":"https:\/\/theeyesongroup.com\/es\/your-eye-health\/healthy-sight\/#breadcrumb"},"inLanguage":"es","potentialAction":[{"@type":"ReadAction","target":["https:\/\/theeyesongroup.com\/es\/your-eye-health\/healthy-sight\/"]}]},{"@type":"ImageObject","inLanguage":"es","@id":"https:\/\/theeyesongroup.com\/es\/your-eye-health\/healthy-sight\/#primaryimage","url":"http:\/\/theeyesongroup.com\/wp-content\/uploads\/2025\/01\/Your-Eye-Health_0007_Healthy-Sight.jpg","contentUrl":"http:\/\/theeyesongroup.com\/wp-content\/uploads\/2025\/01\/Your-Eye-Health_0007_Healthy-Sight.jpg"},{"@type":"BreadcrumbList","@id":"https:\/\/theeyesongroup.com\/es\/your-eye-health\/healthy-sight\/#breadcrumb","itemListElement":[{"@type":"ListItem","position":1,"name":"Home","item":"https:\/\/theeyesongroup.com\/es\/"},{"@type":"ListItem","position":2,"name":"Your Eye Health","item":"https:\/\/theeyesongroup.com\/es\/your-eye-health\/"},{"@type":"ListItem","position":3,"name":"Visi\u00f3n Saludable"}]},{"@type":"WebSite","@id":"https:\/\/theeyesongroup.com\/es\/#website","url":"https:\/\/theeyesongroup.com\/es\/","name":"Eyes On","description":"","publisher":{"@id":"https:\/\/theeyesongroup.com\/es\/#organization"},"potentialAction":[{"@type":"SearchAction","target":{"@type":"EntryPoint","urlTemplate":"https:\/\/theeyesongroup.com\/es\/?s={search_term_string}"},"query-input":{"@type":"PropertyValueSpecification","valueRequired":true,"valueName":"search_term_string"}}],"inLanguage":"es"},{"@type":"Organization","@id":"https:\/\/theeyesongroup.com\/es\/#organization","name":"Eyes On","url":"https:\/\/theeyesongroup.com\/es\/","logo":{"@type":"ImageObject","inLanguage":"es","@id":"https:\/\/theeyesongroup.com\/es\/#\/schema\/logo\/image\/","url":"https:\/\/theeyesongroup.com\/wp-content\/uploads\/2024\/12\/website-header-logo.png","contentUrl":"https:\/\/theeyesongroup.com\/wp-content\/uploads\/2024\/12\/website-header-logo.png","width":842,"height":304,"caption":"Eyes On"},"image":{"@id":"https:\/\/theeyesongroup.com\/es\/#\/schema\/logo\/image\/"}}]}},"_links":{"self":[{"href":"https:\/\/theeyesongroup.com\/es\/wp-json\/wp\/v2\/pages\/30660","targetHints":{"allow":["GET"]}}],"collection":[{"href":"https:\/\/theeyesongroup.com\/es\/wp-json\/wp\/v2\/pages"}],"about":[{"href":"https:\/\/theeyesongroup.com\/es\/wp-json\/wp\/v2\/types\/page"}],"author":[{"embeddable":true,"href":"https:\/\/theeyesongroup.com\/es\/wp-json\/wp\/v2\/users\/2"}],"replies":[{"embeddable":true,"href":"https:\/\/theeyesongroup.com\/es\/wp-json\/wp\/v2\/comments?post=30660"}],"version-history":[{"count":20,"href":"https:\/\/theeyesongroup.com\/es\/wp-json\/wp\/v2\/pages\/30660\/revisions"}],"predecessor-version":[{"id":39060,"href":"https:\/\/theeyesongroup.com\/es\/wp-json\/wp\/v2\/pages\/30660\/revisions\/39060"}],"up":[{"embeddable":true,"href":"https:\/\/theeyesongroup.com\/es\/wp-json\/wp\/v2\/pages\/29441"}],"wp:attachment":[{"href":"https:\/\/theeyesongroup.com\/es\/wp-json\/wp\/v2\/media?parent=30660"}],"curies":[{"name":"wp","href":"https:\/\/api.w.org\/{rel}","templated":true}]}}