{"id":30659,"date":"2024-12-04T13:56:31","date_gmt":"2024-12-04T13:56:31","guid":{"rendered":"https:\/\/theeyesongroup.com\/your-eye-health\/glossary-of-eye-care-terms\/"},"modified":"2025-11-18T08:07:04","modified_gmt":"2025-11-18T08:07:04","slug":"glossary-of-eye-care-terms","status":"publish","type":"page","link":"https:\/\/theeyesongroup.com\/es\/your-eye-health\/glossary-of-eye-care-terms\/","title":{"rendered":"Glosario de T\u00e9rminos de Cuidado Ocular"},"content":{"rendered":"\t\t<div data-elementor-type=\"wp-page\" data-elementor-id=\"30659\" class=\"elementor elementor-30659 elementor-30594\">\n\t\t\t\t\t\t<section class=\"elementor-section elementor-top-section elementor-element elementor-element-4030b8d elementor-section-boxed elementor-section-height-default elementor-section-height-default\" data-id=\"4030b8d\" data-element_type=\"section\" data-settings=\"{&quot;background_background&quot;:&quot;classic&quot;}\">\n\t\t\t\t\t\t\t<div class=\"elementor-background-overlay\"><\/div>\n\t\t\t\t\t\t\t<div class=\"elementor-container elementor-column-gap-default\">\n\t\t\t\t\t<div class=\"elementor-column elementor-col-100 elementor-top-column elementor-element elementor-element-0c88a02\" data-id=\"0c88a02\" data-element_type=\"column\">\n\t\t\t<div class=\"elementor-widget-wrap elementor-element-populated\">\n\t\t\t\t\t\t<section class=\"elementor-section elementor-inner-section elementor-element elementor-element-eb161f4 elementor-section-boxed elementor-section-height-default elementor-section-height-default elementor-invisible\" data-id=\"eb161f4\" data-element_type=\"section\" data-settings=\"{&quot;animation&quot;:&quot;fadeIn&quot;,&quot;animation_delay&quot;:100}\">\n\t\t\t\t\t\t<div class=\"elementor-container elementor-column-gap-default\">\n\t\t\t\t\t<div class=\"elementor-column elementor-col-100 elementor-inner-column elementor-element elementor-element-31b27fa\" data-id=\"31b27fa\" data-element_type=\"column\">\n\t\t\t<div class=\"elementor-widget-wrap elementor-element-populated\">\n\t\t\t\t\t\t<div class=\"elementor-element elementor-element-53108bd elementor-widget elementor-widget-heading\" data-id=\"53108bd\" data-element_type=\"widget\" data-widget_type=\"heading.default\">\n\t\t\t\t<div class=\"elementor-widget-container\">\n\t\t\t<style>\/*! elementor - v3.23.0 - 05-08-2024 *\/\n.elementor-heading-title{padding:0;margin:0;line-height:1}.elementor-widget-heading .elementor-heading-title[class*=elementor-size-]>a{color:inherit;font-size:inherit;line-height:inherit}.elementor-widget-heading .elementor-heading-title.elementor-size-small{font-size:15px}.elementor-widget-heading .elementor-heading-title.elementor-size-medium{font-size:19px}.elementor-widget-heading .elementor-heading-title.elementor-size-large{font-size:29px}.elementor-widget-heading .elementor-heading-title.elementor-size-xl{font-size:39px}.elementor-widget-heading .elementor-heading-title.elementor-size-xxl{font-size:59px}<\/style><h1 class=\"elementor-heading-title elementor-size-default\">Glosario de T\u00e9rminos de Cuidado Ocular<\/h1>\t\t<\/div>\n\t\t\t\t<\/div>\n\t\t\t\t\t<\/div>\n\t\t<\/div>\n\t\t\t\t\t<\/div>\n\t\t<\/section>\n\t\t\t\t\t<\/div>\n\t\t<\/div>\n\t\t\t\t\t<\/div>\n\t\t<\/section>\n\t\t\t\t<section class=\"elementor-section elementor-top-section elementor-element elementor-element-f1a868c elementor-section-full_width elementor-section-height-default elementor-section-height-default\" data-id=\"f1a868c\" data-element_type=\"section\" data-settings=\"{&quot;background_background&quot;:&quot;classic&quot;}\">\n\t\t\t\t\t\t\t<div class=\"elementor-background-overlay\"><\/div>\n\t\t\t\t\t\t\t<div class=\"elementor-container elementor-column-gap-default\">\n\t\t\t\t\t<div class=\"elementor-column elementor-col-100 elementor-top-column elementor-element elementor-element-c019f6f\" data-id=\"c019f6f\" data-element_type=\"column\">\n\t\t\t<div class=\"elementor-widget-wrap elementor-element-populated\">\n\t\t\t\t\t\t<section class=\"elementor-section elementor-inner-section elementor-element elementor-element-814c9d6 elementor-section-boxed elementor-section-height-default elementor-section-height-default\" data-id=\"814c9d6\" data-element_type=\"section\">\n\t\t\t\t\t\t<div class=\"elementor-container elementor-column-gap-default\">\n\t\t\t\t\t<div class=\"elementor-column elementor-col-50 elementor-inner-column elementor-element elementor-element-4a9e561 elementor-invisible\" data-id=\"4a9e561\" data-element_type=\"column\" data-settings=\"{&quot;animation&quot;:&quot;fadeIn&quot;,&quot;animation_delay&quot;:200,&quot;background_background&quot;:&quot;classic&quot;}\">\n\t\t\t<div class=\"elementor-widget-wrap elementor-element-populated\">\n\t\t\t\t\t\t<div class=\"elementor-element elementor-element-052b019 elementor-widget elementor-widget-image\" data-id=\"052b019\" data-element_type=\"widget\" data-settings=\"{&quot;_animation&quot;:&quot;none&quot;}\" data-widget_type=\"image.default\">\n\t\t\t\t<div class=\"elementor-widget-container\">\n\t\t\t<style>\/*! elementor - v3.23.0 - 05-08-2024 *\/\n.elementor-widget-image{text-align:center}.elementor-widget-image a{display:inline-block}.elementor-widget-image a img[src$=\".svg\"]{width:48px}.elementor-widget-image img{vertical-align:middle;display:inline-block}<\/style>\t\t\t\t\t\t\t\t\t\t<img fetchpriority=\"high\" decoding=\"async\" width=\"928\" height=\"1024\" src=\"https:\/\/theeyesongroup.com\/wp-content\/uploads\/2025\/01\/Your-Eye-Health_0008_Glossary-of-Eye-Care-Terms.jpg\" class=\"attachment-large size-large wp-image-31961\" alt=\"Senior woman undergoing an eye scan while a technician points to diagnostic results on the screen\" srcset=\"https:\/\/theeyesongroup.com\/wp-content\/uploads\/2025\/01\/Your-Eye-Health_0008_Glossary-of-Eye-Care-Terms.jpg 928w, https:\/\/theeyesongroup.com\/wp-content\/uploads\/2025\/01\/Your-Eye-Health_0008_Glossary-of-Eye-Care-Terms-272x300.jpg 272w, https:\/\/theeyesongroup.com\/wp-content\/uploads\/2025\/01\/Your-Eye-Health_0008_Glossary-of-Eye-Care-Terms-768x847.jpg 768w\" sizes=\"(max-width: 928px) 100vw, 928px\" \/>\t\t\t\t\t\t\t\t\t\t\t\t\t<\/div>\n\t\t\t\t<\/div>\n\t\t\t\t\t<\/div>\n\t\t<\/div>\n\t\t\t\t<div class=\"elementor-column elementor-col-50 elementor-inner-column elementor-element elementor-element-fbe3e97 elementor-invisible\" data-id=\"fbe3e97\" data-element_type=\"column\" data-settings=\"{&quot;animation&quot;:&quot;fadeIn&quot;,&quot;animation_delay&quot;:0}\">\n\t\t\t<div class=\"elementor-widget-wrap elementor-element-populated\">\n\t\t\t\t\t\t<div class=\"elementor-element elementor-element-c0b78cf elementor-widget-mobile__width-inherit elementor-widget elementor-widget-text-editor\" data-id=\"c0b78cf\" data-element_type=\"widget\" data-widget_type=\"text-editor.default\">\n\t\t\t\t<div class=\"elementor-widget-container\">\n\t\t\t<style>\/*! elementor - v3.23.0 - 05-08-2024 *\/\n.elementor-widget-text-editor.elementor-drop-cap-view-stacked .elementor-drop-cap{background-color:#69727d;color:#fff}.elementor-widget-text-editor.elementor-drop-cap-view-framed .elementor-drop-cap{color:#69727d;border:3px solid;background-color:transparent}.elementor-widget-text-editor:not(.elementor-drop-cap-view-default) .elementor-drop-cap{margin-top:8px}.elementor-widget-text-editor:not(.elementor-drop-cap-view-default) .elementor-drop-cap-letter{width:1em;height:1em}.elementor-widget-text-editor .elementor-drop-cap{float:left;text-align:center;line-height:1;font-size:50px}.elementor-widget-text-editor .elementor-drop-cap-letter{display:inline-block}<\/style>\t\t\t\t<span style=\"color: #4268d2;\">Glosario <\/span> de T\u00e9rminos de Cuidado Ocular\t\t\t\t\t\t<\/div>\n\t\t\t\t<\/div>\n\t\t\t\t<div class=\"elementor-element elementor-element-c84ebfe elementor-widget elementor-widget-text-editor\" data-id=\"c84ebfe\" data-element_type=\"widget\" data-widget_type=\"text-editor.default\">\n\t\t\t\t<div class=\"elementor-widget-container\">\n\t\t\t\t\t\t\t<p><span style=\"font-weight: 400;\">Navegue por el mundo del cuidado ocular con facilidad utilizando nuestro completo glosario de t\u00e9rminos. Desde <\/span><b>astigmatismo<\/b><span style=\"font-weight: 400;\"> hasta <\/span><b>presbicia<\/b><span style=\"font-weight: 400;\">, descubra las definiciones y la importancia de los conceptos comunes relacionados con la salud ocular.<\/span><\/p>\t\t\t\t\t\t<\/div>\n\t\t\t\t<\/div>\n\t\t\t\t<div class=\"elementor-element elementor-element-24386f8 elementor-widget elementor-widget-text-editor\" data-id=\"24386f8\" data-element_type=\"widget\" data-widget_type=\"text-editor.default\">\n\t\t\t\t<div class=\"elementor-widget-container\">\n\t\t\t\t\t\t\t<p><b>A<\/b><\/p><p><b>Astigmatismo<\/b><span style=\"font-weight: 400;\">: Un error refractivo causado por una c\u00f3rnea o lente con forma irregular, que produce visi\u00f3n borrosa o distorsionada.<\/span><\/p><p><b>Ambliop\u00eda (Ojo Vago)<\/b><span style=\"font-weight: 400;\">: Reducci\u00f3n de la visi\u00f3n en un ojo debido a un desarrollo visual anormal, generalmente comenzando en la infancia.<\/span><\/p><p><b>Recubrimiento Antirreflejante (AR Coating)<\/b><span style=\"font-weight: 400;\">: Tratamiento para lentes que reduce el deslumbramiento y los reflejos, mejorando la claridad y la comodidad, especialmente durante actividades nocturnas.<\/span><\/p><p><b>B<\/b><\/p><p><b>Visi\u00f3n Binocular<\/b><span style=\"font-weight: 400;\">: La capacidad de ambos ojos para trabajar juntos y crear una sola imagen clara.<\/span><\/p><p><b>Blefaritis<\/b><span style=\"font-weight: 400;\">: Inflamaci\u00f3n de los p\u00e1rpados, que a menudo causa enrojecimiento, irritaci\u00f3n y formaci\u00f3n de costras cerca de las pesta\u00f1as.<\/span><\/p><p><b>Lentes con Filtro de Luz Azul<\/b><span style=\"font-weight: 400;\">: Lentes dise\u00f1ados para filtrar la luz azul da\u00f1ina de pantallas y dispositivos digitales, reduciendo la fatiga ocular.<\/span><\/p><div id=\"moreCataracts\" style=\"display: none;\"><b>C<\/b><p><b>Cataratas<\/b><span style=\"font-weight: 400;\">: Opacidad del cristalino natural del ojo, que provoca visi\u00f3n borrosa y sensibilidad a la luz.<\/span><\/p><p><b>Conjuntivitis (Ojo Rojo)<\/b><span style=\"font-weight: 400;\">: Inflamaci\u00f3n o infecci\u00f3n de la conjuntiva, que causa enrojecimiento, picaz\u00f3n y secreci\u00f3n.<\/span><\/p><p><b>C\u00f3rnea<\/b><span style=\"font-weight: 400;\">: La superficie transparente y con forma de c\u00fapula en la parte frontal del ojo que ayuda a enfocar la luz en la retina.<\/span><\/p><p><b>D<\/b><\/p><p><b>Retinopat\u00eda Diab\u00e9tica<\/b><span style=\"font-weight: 400;\">: Da\u00f1o a los vasos sangu\u00edneos de la retina causado por la diabetes, que puede llevar a la p\u00e9rdida de visi\u00f3n.<\/span><\/p><p><b>S\u00edndrome de Ojo Seco<\/b><span style=\"font-weight: 400;\">: Condici\u00f3n en la que los ojos no producen suficientes l\u00e1grimas o estas se evaporan demasiado r\u00e1pido, causando incomodidad e irritaci\u00f3n.<\/span><\/p><p><b>E<\/b><\/p><p><b>Emetrop\u00eda<\/b><span style=\"font-weight: 400;\">: T\u00e9rmino utilizado para describir la visi\u00f3n perfecta, sin errores refractivos (como miop\u00eda o hipermetrop\u00eda).<\/span><\/p><p><b>Prescripci\u00f3n de Gafas<\/b><span style=\"font-weight: 400;\">: Orden escrita por un oftalm\u00f3logo u optometrista que especifica la graduaci\u00f3n de lentes necesaria para corregir su visi\u00f3n.<\/span><\/p><p><b>F<\/b><\/p><p><b>Hipermetrop\u00eda (Farsightedness)<\/b><span style=\"font-weight: 400;\">: Un error refractivo en el que los objetos distantes se ven claramente, pero los objetos cercanos aparecen borrosos.<\/span><\/p><p><b>Flotadores<\/b><span style=\"font-weight: 400;\">: Peque\u00f1as manchas o hilos que flotan en su visi\u00f3n, causados por acumulaciones en el gel v\u00edtreo del ojo.<\/span><\/p><p><b>G<\/b><\/p><p><b>Glaucoma<\/b><span style=\"font-weight: 400;\">: Un grupo de afecciones oculares que da\u00f1an el nervio \u00f3ptico, a menudo asociado con alta presi\u00f3n ocular, lo que puede provocar p\u00e9rdida de visi\u00f3n.<\/span><\/p><p>\u00a0<\/p><p><b>K<\/b><\/p><p><b>Queratocono<\/b><span style=\"font-weight: 400;\">: Una condici\u00f3n progresiva en la que la c\u00f3rnea se adelgaza y se abulta en forma de cono, distorsionando la visi\u00f3n.<\/span><\/p><p><b>M<\/b><\/p><p><b>Degeneraci\u00f3n Macular<\/b><span style=\"font-weight: 400;\">: Una condici\u00f3n relacionada con la edad que afecta la parte central de la retina (la m\u00e1cula), causando p\u00e9rdida de la visi\u00f3n central.<\/span><\/p><p><b>Miop\u00eda (Nearsightedness)<\/b><span style=\"font-weight: 400;\">: Un error refractivo en el que los objetos cercanos se ven claramente, pero los objetos distantes aparecen borrosos.<\/span><\/p><p><b>O<\/b><\/p><p><b>Optometrista<\/b><span style=\"font-weight: 400;\">: Un profesional de la salud que diagnostica y trata problemas de visi\u00f3n, prescribe gafas o lentes de contacto, y maneja afecciones y enfermedades oculares.<\/span><\/p><p><b>Superficie Ocular<\/b><span style=\"font-weight: 400;\">: La capa m\u00e1s externa del ojo, que incluye la c\u00f3rnea y la conjuntiva, esencial para mantener la salud ocular y la visi\u00f3n.<\/span><\/p><p><b>P<\/b><\/p><p><b>Presbicia<\/b><span style=\"font-weight: 400;\">: P\u00e9rdida relacionada con la edad de la capacidad del ojo para enfocar objetos cercanos, que generalmente ocurre despu\u00e9s de los 40 a\u00f1os.<\/span><\/p><p><b>Lentes Prism\u00e1ticos<\/b><span style=\"font-weight: 400;\">: Lentes especializados utilizados para corregir problemas de visi\u00f3n binocular al alterar la trayectoria de la luz que entra en el ojo.<\/span><\/p><p><b>R<\/b><\/p><p><b>Retina<\/b><span style=\"font-weight: 400;\">: La capa sensible a la luz en la parte posterior del ojo que convierte la luz en se\u00f1ales enviadas al cerebro.<\/span><\/p><p><b>Desprendimiento de Retina<\/b><span style=\"font-weight: 400;\">: Una condici\u00f3n grave en la que la retina se separa del tejido subyacente, lo que puede causar p\u00e9rdida de visi\u00f3n.<\/span><\/p><p><b>T<\/b><\/p><p><b>Lentes T\u00f3ricas<\/b><span style=\"font-weight: 400;\">: Lentes de contacto dise\u00f1ados para corregir el astigmatismo al proporcionar diferentes potencias en distintos meridianos del lente.<\/span><\/p><p><b>V<\/b><\/p><p><b>Agudeza Visual<\/b><span style=\"font-weight: 400;\">: La claridad o nitidez de la visi\u00f3n, generalmente medida mediante la lectura de una tabla de Snellen.<\/span><\/p><p><b>Humor V\u00edtreo<\/b><span style=\"font-weight: 400;\">: La sustancia gelatinosa que llena el espacio entre el cristalino y la retina en el ojo.<\/span><\/p><\/div><p><a id=\"readMoreCataracts\" href=\"#\">Leer m\u00e1s<\/a><br \/><a id=\"readLessCataracts\" style=\"display: none;\" href=\"#\">leer menos<\/a><\/p>\t\t\t\t\t\t<\/div>\n\t\t\t\t<\/div>\n\t\t\t\t<div class=\"elementor-element elementor-element-4d197e8 elementor-align-left elementor-tablet-align-center elementor-widget elementor-widget-button\" data-id=\"4d197e8\" data-element_type=\"widget\" data-widget_type=\"button.default\">\n\t\t\t\t<div class=\"elementor-widget-container\">\n\t\t\t\t\t<div class=\"elementor-button-wrapper\">\n\t\t\t<a class=\"elementor-button elementor-button-link elementor-size-xl\" href=\"https:\/\/theeyesongroup.com\/es\/contact-us\/\">\n\t\t\t\t\t\t<span class=\"elementor-button-content-wrapper\">\n\t\t\t\t\t\t<span class=\"elementor-button-icon\">\n\t\t\t\t<i aria-hidden=\"true\" class=\"fas fa-angle-double-right\"><\/i>\t\t\t<\/span>\n\t\t\t\t\t\t\t\t\t<span class=\"elementor-button-text\">Cont\u00e1ctanos<\/span>\n\t\t\t\t\t<\/span>\n\t\t\t\t\t<\/a>\n\t\t<\/div>\n\t\t\t\t<\/div>\n\t\t\t\t<\/div>\n\t\t\t\t\t<\/div>\n\t\t<\/div>\n\t\t\t\t\t<\/div>\n\t\t<\/section>\n\t\t\t\t\t<\/div>\n\t\t<\/div>\n\t\t\t\t\t<\/div>\n\t\t<\/section>\n\t\t\t\t<\/div>\n\t\t","protected":false},"excerpt":{"rendered":"<p>Glosario de T\u00e9rminos de Cuidado Ocular Glosario de T\u00e9rminos de Cuidado Ocular Navegue por el mundo del cuidado ocular con facilidad utilizando nuestro completo glosario de t\u00e9rminos. Desde astigmatismo hasta presbicia, descubra las definiciones y la importancia de los conceptos comunes relacionados con la salud ocular. A Astigmatismo: Un error refractivo causado por una c\u00f3rnea [&hellip;]<\/p>\n","protected":false},"author":2,"featured_media":0,"parent":29441,"menu_order":0,"comment_status":"closed","ping_status":"closed","template":"page-templates\/template-full-width-page-without-header-title.php","meta":{"footnotes":""},"class_list":["post-30659","page","type-page","status-publish","hentry"],"yoast_head":"<!-- This site is optimized with the Yoast SEO plugin v23.8 - https:\/\/yoast.com\/wordpress\/plugins\/seo\/ -->\n<title>Glosario de t\u00e9rminos de salud ocular | Eyes on Group<\/title>\n<meta name=\"description\" content=\"Consulta el glosario de t\u00e9rminos de cuidado ocular en The Eyes On Group. Familiar\u00edzate con el vocabulario esencial para entender la salud ocular.\" \/>\n<meta name=\"robots\" content=\"index, follow, max-snippet:-1, max-image-preview:large, max-video-preview:-1\" \/>\n<link rel=\"canonical\" href=\"https:\/\/theeyesongroup.com\/es\/your-eye-health\/glossary-of-eye-care-terms\/\" \/>\n<meta property=\"og:locale\" content=\"es_ES\" \/>\n<meta property=\"og:type\" content=\"article\" \/>\n<meta property=\"og:title\" content=\"Glosario de t\u00e9rminos de salud ocular | Eyes on Group\" \/>\n<meta property=\"og:description\" content=\"Consulta el glosario de t\u00e9rminos de cuidado ocular en The Eyes On Group. Familiar\u00edzate con el vocabulario esencial para entender la salud ocular.\" \/>\n<meta property=\"og:url\" content=\"https:\/\/theeyesongroup.com\/es\/your-eye-health\/glossary-of-eye-care-terms\/\" \/>\n<meta property=\"og:site_name\" content=\"Eyes On\" \/>\n<meta property=\"article:modified_time\" content=\"2025-11-18T08:07:04+00:00\" \/>\n<meta property=\"og:image\" content=\"http:\/\/theeyesongroup.com\/wp-content\/uploads\/2025\/01\/Your-Eye-Health_0008_Glossary-of-Eye-Care-Terms.jpg\" \/>\n<meta name=\"twitter:card\" content=\"summary_large_image\" \/>\n<meta name=\"twitter:label1\" content=\"Tiempo de lectura\" \/>\n\t<meta name=\"twitter:data1\" content=\"4 minutos\" \/>\n<script type=\"application\/ld+json\" class=\"yoast-schema-graph\">{\"@context\":\"https:\/\/schema.org\",\"@graph\":[{\"@type\":\"WebPage\",\"@id\":\"https:\/\/theeyesongroup.com\/es\/your-eye-health\/glossary-of-eye-care-terms\/\",\"url\":\"https:\/\/theeyesongroup.com\/es\/your-eye-health\/glossary-of-eye-care-terms\/\",\"name\":\"Glosario de t\u00e9rminos de salud ocular | Eyes on Group\",\"isPartOf\":{\"@id\":\"https:\/\/theeyesongroup.com\/es\/#website\"},\"primaryImageOfPage\":{\"@id\":\"https:\/\/theeyesongroup.com\/es\/your-eye-health\/glossary-of-eye-care-terms\/#primaryimage\"},\"image\":{\"@id\":\"https:\/\/theeyesongroup.com\/es\/your-eye-health\/glossary-of-eye-care-terms\/#primaryimage\"},\"thumbnailUrl\":\"http:\/\/theeyesongroup.com\/wp-content\/uploads\/2025\/01\/Your-Eye-Health_0008_Glossary-of-Eye-Care-Terms.jpg\",\"datePublished\":\"2024-12-04T13:56:31+00:00\",\"dateModified\":\"2025-11-18T08:07:04+00:00\",\"description\":\"Consulta el glosario de t\u00e9rminos de cuidado ocular en The Eyes On Group. Familiar\u00edzate con el vocabulario esencial para entender la salud ocular.\",\"breadcrumb\":{\"@id\":\"https:\/\/theeyesongroup.com\/es\/your-eye-health\/glossary-of-eye-care-terms\/#breadcrumb\"},\"inLanguage\":\"es\",\"potentialAction\":[{\"@type\":\"ReadAction\",\"target\":[\"https:\/\/theeyesongroup.com\/es\/your-eye-health\/glossary-of-eye-care-terms\/\"]}]},{\"@type\":\"ImageObject\",\"inLanguage\":\"es\",\"@id\":\"https:\/\/theeyesongroup.com\/es\/your-eye-health\/glossary-of-eye-care-terms\/#primaryimage\",\"url\":\"http:\/\/theeyesongroup.com\/wp-content\/uploads\/2025\/01\/Your-Eye-Health_0008_Glossary-of-Eye-Care-Terms.jpg\",\"contentUrl\":\"http:\/\/theeyesongroup.com\/wp-content\/uploads\/2025\/01\/Your-Eye-Health_0008_Glossary-of-Eye-Care-Terms.jpg\"},{\"@type\":\"BreadcrumbList\",\"@id\":\"https:\/\/theeyesongroup.com\/es\/your-eye-health\/glossary-of-eye-care-terms\/#breadcrumb\",\"itemListElement\":[{\"@type\":\"ListItem\",\"position\":1,\"name\":\"Home\",\"item\":\"https:\/\/theeyesongroup.com\/es\/\"},{\"@type\":\"ListItem\",\"position\":2,\"name\":\"Your Eye Health\",\"item\":\"https:\/\/theeyesongroup.com\/es\/your-eye-health\/\"},{\"@type\":\"ListItem\",\"position\":3,\"name\":\"Glosario de T\u00e9rminos de Cuidado Ocular\"}]},{\"@type\":\"WebSite\",\"@id\":\"https:\/\/theeyesongroup.com\/es\/#website\",\"url\":\"https:\/\/theeyesongroup.com\/es\/\",\"name\":\"Eyes On\",\"description\":\"\",\"publisher\":{\"@id\":\"https:\/\/theeyesongroup.com\/es\/#organization\"},\"potentialAction\":[{\"@type\":\"SearchAction\",\"target\":{\"@type\":\"EntryPoint\",\"urlTemplate\":\"https:\/\/theeyesongroup.com\/es\/?s={search_term_string}\"},\"query-input\":{\"@type\":\"PropertyValueSpecification\",\"valueRequired\":true,\"valueName\":\"search_term_string\"}}],\"inLanguage\":\"es\"},{\"@type\":\"Organization\",\"@id\":\"https:\/\/theeyesongroup.com\/es\/#organization\",\"name\":\"Eyes On\",\"url\":\"https:\/\/theeyesongroup.com\/es\/\",\"logo\":{\"@type\":\"ImageObject\",\"inLanguage\":\"es\",\"@id\":\"https:\/\/theeyesongroup.com\/es\/#\/schema\/logo\/image\/\",\"url\":\"https:\/\/theeyesongroup.com\/wp-content\/uploads\/2024\/12\/website-header-logo.png\",\"contentUrl\":\"https:\/\/theeyesongroup.com\/wp-content\/uploads\/2024\/12\/website-header-logo.png\",\"width\":842,\"height\":304,\"caption\":\"Eyes On\"},\"image\":{\"@id\":\"https:\/\/theeyesongroup.com\/es\/#\/schema\/logo\/image\/\"}}]}<\/script>\n<!-- \/ Yoast SEO plugin. -->","yoast_head_json":{"title":"Glosario de t\u00e9rminos de salud ocular | Eyes on Group","description":"Consulta el glosario de t\u00e9rminos de cuidado ocular en The Eyes On Group. Familiar\u00edzate con el vocabulario esencial para entender la salud ocular.","robots":{"index":"index","follow":"follow","max-snippet":"max-snippet:-1","max-image-preview":"max-image-preview:large","max-video-preview":"max-video-preview:-1"},"canonical":"https:\/\/theeyesongroup.com\/es\/your-eye-health\/glossary-of-eye-care-terms\/","og_locale":"es_ES","og_type":"article","og_title":"Glosario de t\u00e9rminos de salud ocular | Eyes on Group","og_description":"Consulta el glosario de t\u00e9rminos de cuidado ocular en The Eyes On Group. Familiar\u00edzate con el vocabulario esencial para entender la salud ocular.","og_url":"https:\/\/theeyesongroup.com\/es\/your-eye-health\/glossary-of-eye-care-terms\/","og_site_name":"Eyes On","article_modified_time":"2025-11-18T08:07:04+00:00","og_image":[{"url":"http:\/\/theeyesongroup.com\/wp-content\/uploads\/2025\/01\/Your-Eye-Health_0008_Glossary-of-Eye-Care-Terms.jpg"}],"twitter_card":"summary_large_image","twitter_misc":{"Tiempo de lectura":"4 minutos"},"schema":{"@context":"https:\/\/schema.org","@graph":[{"@type":"WebPage","@id":"https:\/\/theeyesongroup.com\/es\/your-eye-health\/glossary-of-eye-care-terms\/","url":"https:\/\/theeyesongroup.com\/es\/your-eye-health\/glossary-of-eye-care-terms\/","name":"Glosario de t\u00e9rminos de salud ocular | Eyes on Group","isPartOf":{"@id":"https:\/\/theeyesongroup.com\/es\/#website"},"primaryImageOfPage":{"@id":"https:\/\/theeyesongroup.com\/es\/your-eye-health\/glossary-of-eye-care-terms\/#primaryimage"},"image":{"@id":"https:\/\/theeyesongroup.com\/es\/your-eye-health\/glossary-of-eye-care-terms\/#primaryimage"},"thumbnailUrl":"http:\/\/theeyesongroup.com\/wp-content\/uploads\/2025\/01\/Your-Eye-Health_0008_Glossary-of-Eye-Care-Terms.jpg","datePublished":"2024-12-04T13:56:31+00:00","dateModified":"2025-11-18T08:07:04+00:00","description":"Consulta el glosario de t\u00e9rminos de cuidado ocular en The Eyes On Group. Familiar\u00edzate con el vocabulario esencial para entender la salud ocular.","breadcrumb":{"@id":"https:\/\/theeyesongroup.com\/es\/your-eye-health\/glossary-of-eye-care-terms\/#breadcrumb"},"inLanguage":"es","potentialAction":[{"@type":"ReadAction","target":["https:\/\/theeyesongroup.com\/es\/your-eye-health\/glossary-of-eye-care-terms\/"]}]},{"@type":"ImageObject","inLanguage":"es","@id":"https:\/\/theeyesongroup.com\/es\/your-eye-health\/glossary-of-eye-care-terms\/#primaryimage","url":"http:\/\/theeyesongroup.com\/wp-content\/uploads\/2025\/01\/Your-Eye-Health_0008_Glossary-of-Eye-Care-Terms.jpg","contentUrl":"http:\/\/theeyesongroup.com\/wp-content\/uploads\/2025\/01\/Your-Eye-Health_0008_Glossary-of-Eye-Care-Terms.jpg"},{"@type":"BreadcrumbList","@id":"https:\/\/theeyesongroup.com\/es\/your-eye-health\/glossary-of-eye-care-terms\/#breadcrumb","itemListElement":[{"@type":"ListItem","position":1,"name":"Home","item":"https:\/\/theeyesongroup.com\/es\/"},{"@type":"ListItem","position":2,"name":"Your Eye Health","item":"https:\/\/theeyesongroup.com\/es\/your-eye-health\/"},{"@type":"ListItem","position":3,"name":"Glosario de T\u00e9rminos de Cuidado Ocular"}]},{"@type":"WebSite","@id":"https:\/\/theeyesongroup.com\/es\/#website","url":"https:\/\/theeyesongroup.com\/es\/","name":"Eyes On","description":"","publisher":{"@id":"https:\/\/theeyesongroup.com\/es\/#organization"},"potentialAction":[{"@type":"SearchAction","target":{"@type":"EntryPoint","urlTemplate":"https:\/\/theeyesongroup.com\/es\/?s={search_term_string}"},"query-input":{"@type":"PropertyValueSpecification","valueRequired":true,"valueName":"search_term_string"}}],"inLanguage":"es"},{"@type":"Organization","@id":"https:\/\/theeyesongroup.com\/es\/#organization","name":"Eyes On","url":"https:\/\/theeyesongroup.com\/es\/","logo":{"@type":"ImageObject","inLanguage":"es","@id":"https:\/\/theeyesongroup.com\/es\/#\/schema\/logo\/image\/","url":"https:\/\/theeyesongroup.com\/wp-content\/uploads\/2024\/12\/website-header-logo.png","contentUrl":"https:\/\/theeyesongroup.com\/wp-content\/uploads\/2024\/12\/website-header-logo.png","width":842,"height":304,"caption":"Eyes On"},"image":{"@id":"https:\/\/theeyesongroup.com\/es\/#\/schema\/logo\/image\/"}}]}},"_links":{"self":[{"href":"https:\/\/theeyesongroup.com\/es\/wp-json\/wp\/v2\/pages\/30659","targetHints":{"allow":["GET"]}}],"collection":[{"href":"https:\/\/theeyesongroup.com\/es\/wp-json\/wp\/v2\/pages"}],"about":[{"href":"https:\/\/theeyesongroup.com\/es\/wp-json\/wp\/v2\/types\/page"}],"author":[{"embeddable":true,"href":"https:\/\/theeyesongroup.com\/es\/wp-json\/wp\/v2\/users\/2"}],"replies":[{"embeddable":true,"href":"https:\/\/theeyesongroup.com\/es\/wp-json\/wp\/v2\/comments?post=30659"}],"version-history":[{"count":20,"href":"https:\/\/theeyesongroup.com\/es\/wp-json\/wp\/v2\/pages\/30659\/revisions"}],"predecessor-version":[{"id":39051,"href":"https:\/\/theeyesongroup.com\/es\/wp-json\/wp\/v2\/pages\/30659\/revisions\/39051"}],"up":[{"embeddable":true,"href":"https:\/\/theeyesongroup.com\/es\/wp-json\/wp\/v2\/pages\/29441"}],"wp:attachment":[{"href":"https:\/\/theeyesongroup.com\/es\/wp-json\/wp\/v2\/media?parent=30659"}],"curies":[{"name":"wp","href":"https:\/\/api.w.org\/{rel}","templated":true}]}}