{"id":30658,"date":"2024-12-04T13:56:33","date_gmt":"2024-12-04T13:56:33","guid":{"rendered":"https:\/\/theeyesongroup.com\/your-eye-health\/binocular-vision-dysfunction-bvd\/"},"modified":"2025-11-18T08:13:47","modified_gmt":"2025-11-18T08:13:47","slug":"binocular-vision-dysfunction-bvd","status":"publish","type":"page","link":"https:\/\/theeyesongroup.com\/es\/your-eye-health\/binocular-vision-dysfunction-bvd\/","title":{"rendered":"Disfunci\u00f3n Binocular de la Visi\u00f3n (BVD)"},"content":{"rendered":"\t\t<div data-elementor-type=\"wp-page\" data-elementor-id=\"30658\" class=\"elementor elementor-30658 elementor-30593\">\n\t\t\t\t\t\t<section class=\"elementor-section elementor-top-section elementor-element elementor-element-4030b8d elementor-section-boxed elementor-section-height-default elementor-section-height-default\" data-id=\"4030b8d\" data-element_type=\"section\" data-settings=\"{&quot;background_background&quot;:&quot;classic&quot;}\">\n\t\t\t\t\t\t\t<div class=\"elementor-background-overlay\"><\/div>\n\t\t\t\t\t\t\t<div class=\"elementor-container elementor-column-gap-default\">\n\t\t\t\t\t<div class=\"elementor-column elementor-col-100 elementor-top-column elementor-element elementor-element-0c88a02\" data-id=\"0c88a02\" data-element_type=\"column\">\n\t\t\t<div class=\"elementor-widget-wrap elementor-element-populated\">\n\t\t\t\t\t\t<section class=\"elementor-section elementor-inner-section elementor-element elementor-element-eb161f4 elementor-section-boxed elementor-section-height-default elementor-section-height-default elementor-invisible\" data-id=\"eb161f4\" data-element_type=\"section\" data-settings=\"{&quot;animation&quot;:&quot;fadeIn&quot;,&quot;animation_delay&quot;:100}\">\n\t\t\t\t\t\t<div class=\"elementor-container elementor-column-gap-default\">\n\t\t\t\t\t<div class=\"elementor-column elementor-col-100 elementor-inner-column elementor-element elementor-element-31b27fa\" data-id=\"31b27fa\" data-element_type=\"column\">\n\t\t\t<div class=\"elementor-widget-wrap elementor-element-populated\">\n\t\t\t\t\t\t<div class=\"elementor-element elementor-element-4229c80 elementor-widget elementor-widget-heading\" data-id=\"4229c80\" data-element_type=\"widget\" data-widget_type=\"heading.default\">\n\t\t\t\t<div class=\"elementor-widget-container\">\n\t\t\t<style>\/*! elementor - v3.23.0 - 05-08-2024 *\/\n.elementor-heading-title{padding:0;margin:0;line-height:1}.elementor-widget-heading .elementor-heading-title[class*=elementor-size-]>a{color:inherit;font-size:inherit;line-height:inherit}.elementor-widget-heading .elementor-heading-title.elementor-size-small{font-size:15px}.elementor-widget-heading .elementor-heading-title.elementor-size-medium{font-size:19px}.elementor-widget-heading .elementor-heading-title.elementor-size-large{font-size:29px}.elementor-widget-heading .elementor-heading-title.elementor-size-xl{font-size:39px}.elementor-widget-heading .elementor-heading-title.elementor-size-xxl{font-size:59px}<\/style><h1 class=\"elementor-heading-title elementor-size-default\">Disfunci\u00f3n Binocular de la Visi\u00f3n (BVD)<\/h1>\t\t<\/div>\n\t\t\t\t<\/div>\n\t\t\t\t\t<\/div>\n\t\t<\/div>\n\t\t\t\t\t<\/div>\n\t\t<\/section>\n\t\t\t\t\t<\/div>\n\t\t<\/div>\n\t\t\t\t\t<\/div>\n\t\t<\/section>\n\t\t\t\t<section class=\"elementor-section elementor-top-section elementor-element elementor-element-f1a868c elementor-section-full_width elementor-section-height-default elementor-section-height-default\" data-id=\"f1a868c\" data-element_type=\"section\" data-settings=\"{&quot;background_background&quot;:&quot;classic&quot;}\">\n\t\t\t\t\t\t\t<div class=\"elementor-background-overlay\"><\/div>\n\t\t\t\t\t\t\t<div class=\"elementor-container elementor-column-gap-default\">\n\t\t\t\t\t<div class=\"elementor-column elementor-col-100 elementor-top-column elementor-element elementor-element-c019f6f\" data-id=\"c019f6f\" data-element_type=\"column\">\n\t\t\t<div class=\"elementor-widget-wrap elementor-element-populated\">\n\t\t\t\t\t\t<section class=\"elementor-section elementor-inner-section elementor-element elementor-element-814c9d6 elementor-section-boxed elementor-section-height-default elementor-section-height-default\" data-id=\"814c9d6\" data-element_type=\"section\">\n\t\t\t\t\t\t<div class=\"elementor-container elementor-column-gap-default\">\n\t\t\t\t\t<div class=\"elementor-column elementor-col-50 elementor-inner-column elementor-element elementor-element-4a9e561 elementor-invisible\" data-id=\"4a9e561\" data-element_type=\"column\" data-settings=\"{&quot;animation&quot;:&quot;fadeIn&quot;,&quot;animation_delay&quot;:200,&quot;background_background&quot;:&quot;classic&quot;}\">\n\t\t\t<div class=\"elementor-widget-wrap elementor-element-populated\">\n\t\t\t\t\t\t<div class=\"elementor-element elementor-element-052b019 elementor-widget elementor-widget-image\" data-id=\"052b019\" data-element_type=\"widget\" data-settings=\"{&quot;_animation&quot;:&quot;none&quot;}\" data-widget_type=\"image.default\">\n\t\t\t\t<div class=\"elementor-widget-container\">\n\t\t\t<style>\/*! elementor - v3.23.0 - 05-08-2024 *\/\n.elementor-widget-image{text-align:center}.elementor-widget-image a{display:inline-block}.elementor-widget-image a img[src$=\".svg\"]{width:48px}.elementor-widget-image img{vertical-align:middle;display:inline-block}<\/style>\t\t\t\t\t\t\t\t\t\t<img fetchpriority=\"high\" decoding=\"async\" width=\"928\" height=\"1024\" src=\"https:\/\/theeyesongroup.com\/wp-content\/uploads\/2025\/01\/Your-Eye-Health_0009_Binocular-Vision-Dysfunction.jpg\" class=\"attachment-large size-large wp-image-31953\" alt=\"Child undergoing a vision test using a phoropter during an eye exam at the optometrist\" srcset=\"https:\/\/theeyesongroup.com\/wp-content\/uploads\/2025\/01\/Your-Eye-Health_0009_Binocular-Vision-Dysfunction.jpg 928w, https:\/\/theeyesongroup.com\/wp-content\/uploads\/2025\/01\/Your-Eye-Health_0009_Binocular-Vision-Dysfunction-272x300.jpg 272w, https:\/\/theeyesongroup.com\/wp-content\/uploads\/2025\/01\/Your-Eye-Health_0009_Binocular-Vision-Dysfunction-768x847.jpg 768w\" sizes=\"(max-width: 928px) 100vw, 928px\" \/>\t\t\t\t\t\t\t\t\t\t\t\t\t<\/div>\n\t\t\t\t<\/div>\n\t\t\t\t\t<\/div>\n\t\t<\/div>\n\t\t\t\t<div class=\"elementor-column elementor-col-50 elementor-inner-column elementor-element elementor-element-fbe3e97 elementor-invisible\" data-id=\"fbe3e97\" data-element_type=\"column\" data-settings=\"{&quot;animation&quot;:&quot;fadeIn&quot;,&quot;animation_delay&quot;:0}\">\n\t\t\t<div class=\"elementor-widget-wrap elementor-element-populated\">\n\t\t\t\t\t\t<div class=\"elementor-element elementor-element-c0b78cf elementor-widget-mobile__width-inherit elementor-widget elementor-widget-text-editor\" data-id=\"c0b78cf\" data-element_type=\"widget\" data-widget_type=\"text-editor.default\">\n\t\t\t\t<div class=\"elementor-widget-container\">\n\t\t\t<style>\/*! elementor - v3.23.0 - 05-08-2024 *\/\n.elementor-widget-text-editor.elementor-drop-cap-view-stacked .elementor-drop-cap{background-color:#69727d;color:#fff}.elementor-widget-text-editor.elementor-drop-cap-view-framed .elementor-drop-cap{color:#69727d;border:3px solid;background-color:transparent}.elementor-widget-text-editor:not(.elementor-drop-cap-view-default) .elementor-drop-cap{margin-top:8px}.elementor-widget-text-editor:not(.elementor-drop-cap-view-default) .elementor-drop-cap-letter{width:1em;height:1em}.elementor-widget-text-editor .elementor-drop-cap{float:left;text-align:center;line-height:1;font-size:50px}.elementor-widget-text-editor .elementor-drop-cap-letter{display:inline-block}<\/style>\t\t\t\t<span style=\"color: #4268d2;\">Disfunci\u00f3n <\/span> Binocular de la Visi\u00f3n (BVD)\t\t\t\t\t\t<\/div>\n\t\t\t\t<\/div>\n\t\t\t\t<div class=\"elementor-element elementor-element-c84ebfe elementor-widget elementor-widget-text-editor\" data-id=\"c84ebfe\" data-element_type=\"widget\" data-widget_type=\"text-editor.default\">\n\t\t\t\t<div class=\"elementor-widget-container\">\n\t\t\t\t\t\t\t<b>Entendiendo la Disfunci\u00f3n de la Visi\u00f3n Binocular (BVD)<\/b>\n\n<span style=\"font-weight: 400;\">La <\/span><b>Disfunci\u00f3n de la Visi\u00f3n Binocular (BVD)<\/b><span style=\"font-weight: 400;\"> es una condici\u00f3n en la que los ojos tienen dificultades para trabajar juntos de manera coordinada. Incluso un leve desalineamiento entre los ojos puede obligar a su cerebro a trabajar en exceso para corregir el problema, lo que genera una serie de s\u00edntomas inc\u00f3modos que pueden alterar su vida diaria.<\/span>\n<div id=\"moreCataracts\" style=\"display: none;\">\n\n<b>S\u00edntomas Comunes de la Disfunci\u00f3n de la Visi\u00f3n Binocular (BVD)<\/b>\n\n<span style=\"font-weight: 400;\">Los s\u00edntomas de la BVD pueden variar de leves a severos e incluyen con frecuencia:<\/span>\n<ul>\n \t<li style=\"font-weight: 400;\" aria-level=\"1\"><span style=\"font-weight: 400;\">Dolores de cabeza o migra\u00f1as frecuentes<\/span><\/li>\n \t<li style=\"font-weight: 400;\" aria-level=\"1\"><span style=\"font-weight: 400;\">Mareos o sensaci\u00f3n de desequilibrio<\/span><\/li>\n \t<li style=\"font-weight: 400;\" aria-level=\"1\"><span style=\"font-weight: 400;\">Visi\u00f3n borrosa o doble<\/span><\/li>\n \t<li style=\"font-weight: 400;\" aria-level=\"1\"><span style=\"font-weight: 400;\">Dificultad para leer o concentrarse<\/span><\/li>\n \t<li style=\"font-weight: 400;\" aria-level=\"1\"><span style=\"font-weight: 400;\">Fatiga o tensi\u00f3n ocular, especialmente durante tareas prolongadas<\/span><\/li>\n \t<li style=\"font-weight: 400;\" aria-level=\"1\"><span style=\"font-weight: 400;\">Sensibilidad a la luz<\/span><\/li>\n \t<li style=\"font-weight: 400;\" aria-level=\"1\"><span style=\"font-weight: 400;\">N\u00e1useas o mareo por movimiento<\/span><\/li>\n<\/ul>\n<b>C\u00f3mo la Disfunci\u00f3n de la Visi\u00f3n Binocular (BVD) Afecta la Vida Diaria<\/b>\n\n<span style=\"font-weight: 400;\">Las personas con BVD pueden encontrar desafiantes actividades simples como leer, conducir o trabajar en una computadora. El esfuerzo de intentar alinear los ojos correctamente tambi\u00e9n puede afectar la postura, causando dolor en el cuello y los hombros. Muchas personas con BVD han sido mal diagnosticadas con otras condiciones, como v\u00e9rtigo o ansiedad, debido a la superposici\u00f3n de s\u00edntomas.<\/span>\n\n<b>\u00bfQu\u00e9 Causa la Disfunci\u00f3n de la Visi\u00f3n Binocular (BVD)?<\/b>\n\n<span style=\"font-weight: 400;\">La BVD ocurre cuando los peque\u00f1os m\u00fasculos que controlan el movimiento ocular no est\u00e1n perfectamente alineados. Esta desalineaci\u00f3n puede ser:<\/span>\n<ul>\n \t<li style=\"font-weight: 400;\" aria-level=\"1\"><b>Cong\u00e9nita<\/b><span style=\"font-weight: 400;\"> (presente desde el nacimiento)<\/span><\/li>\n \t<li style=\"font-weight: 400;\" aria-level=\"1\"><b>Adquirida<\/b><span style=\"font-weight: 400;\">, desarroll\u00e1ndose posteriormente debido a:<\/span>\n<ul>\n \t<li style=\"font-weight: 400;\" aria-level=\"2\"><span style=\"font-weight: 400;\">Lesiones en la cabeza, como conmociones cerebrales<\/span><\/li>\n \t<li style=\"font-weight: 400;\" aria-level=\"2\"><span style=\"font-weight: 400;\">Condiciones neurol\u00f3gicas<\/span><\/li>\n \t<li style=\"font-weight: 400;\" aria-level=\"2\"><span style=\"font-weight: 400;\">Fatiga ocular por uso excesivo de pantallas o trabajo a corta distancia<\/span><\/li>\n<\/ul>\n<\/li>\n<\/ul>\n<b>Diagn\u00f3stico y Tratamiento en The Eyes on Group<\/b>\n\n<span style=\"font-weight: 400;\">En <\/span><b>The Eyes on Group<\/b><span style=\"font-weight: 400;\">, nos especializamos en diagnosticar y tratar la Disfunci\u00f3n de la Visi\u00f3n Binocular (BVD). Nuestras evaluaciones integrales incluyen:<\/span>\n<ul>\n \t<li style=\"font-weight: 400;\" aria-level=\"1\"><span style=\"font-weight: 400;\">Pruebas detalladas de alineaci\u00f3n ocular<\/span><\/li>\n \t<li style=\"font-weight: 400;\" aria-level=\"1\"><span style=\"font-weight: 400;\">Evaluaciones de la funci\u00f3n visual y la coordinaci\u00f3n<\/span><\/li>\n \t<li style=\"font-weight: 400;\" aria-level=\"1\"><span style=\"font-weight: 400;\">Herramientas de diagn\u00f3stico avanzadas para medir la desalineaci\u00f3n ocular<\/span><\/li>\n<\/ul>\n<span style=\"font-weight: 400;\">Una vez diagnosticado, desarrollamos un plan de tratamiento personalizado para mejorar la alineaci\u00f3n y reducir las molestias. Los tratamientos pueden incluir:<\/span>\n<ul>\n \t<li style=\"font-weight: 400;\" aria-level=\"1\"><b>Lentes Prism\u00e1ticos<\/b><span style=\"font-weight: 400;\">: Lentes especiales dise\u00f1ados para corregir la desalineaci\u00f3n ocular y aliviar los s\u00edntomas.<\/span><\/li>\n \t<li style=\"font-weight: 400;\" aria-level=\"1\"><b>Terapia Visual<\/b><span style=\"font-weight: 400;\">: Ejercicios y t\u00e9cnicas para entrenar a los ojos a trabajar mejor juntos.<\/span><\/li>\n<\/ul>\n<b>Recomendaciones de Estilo de Vida<\/b><span style=\"font-weight: 400;\">: Consejos para reducir la tensi\u00f3n ocular, como ajustar el tiempo frente a pantallas y mejorar la ergonom\u00eda.<\/span>\n\n<b>\u00bfPor Qu\u00e9 Elegir The Eyes On Group para el Cuidado de la BVD?<\/b>\n\n<span style=\"font-weight: 400;\">Entendemos lo frustrante e incapacitante que puede ser la Disfunci\u00f3n de la Visi\u00f3n Binocular (BVD). Nuestro equipo experimentado utiliza tecnolog\u00eda de vanguardia y tratamientos comprobados para brindarle alivio y ayudarle a recuperar la claridad y comodidad en su vida diaria.<\/span>\n\n<span style=\"font-weight: 400;\">No permita que la BVD lo limite. <\/span><b>Cont\u00e1ctenos hoy mismo<\/b><span style=\"font-weight: 400;\"> para programar una evaluaci\u00f3n especializada y dar el primer paso hacia una mejor visi\u00f3n y bienestar mejorado.S<\/span>\n<\/div>\n\n<a href=\"#\" id=\"readMoreCataracts\">Leer m\u00e1s<\/a>\n<a href=\"#\" id=\"readLessCataracts\" style=\"display: none;\">leer menos<\/a>\t\t\t\t\t\t<\/div>\n\t\t\t\t<\/div>\n\t\t\t\t<div class=\"elementor-element elementor-element-4d197e8 elementor-align-left elementor-tablet-align-center elementor-widget elementor-widget-button\" data-id=\"4d197e8\" data-element_type=\"widget\" data-widget_type=\"button.default\">\n\t\t\t\t<div class=\"elementor-widget-container\">\n\t\t\t\t\t<div class=\"elementor-button-wrapper\">\n\t\t\t<a class=\"elementor-button elementor-button-link elementor-size-xl\" href=\"https:\/\/theeyesongroup.com\/es\/contact-us\/\">\n\t\t\t\t\t\t<span class=\"elementor-button-content-wrapper\">\n\t\t\t\t\t\t<span class=\"elementor-button-icon\">\n\t\t\t\t<i aria-hidden=\"true\" class=\"fas fa-angle-double-right\"><\/i>\t\t\t<\/span>\n\t\t\t\t\t\t\t\t\t<span class=\"elementor-button-text\">Cont\u00e1ctanos<\/span>\n\t\t\t\t\t<\/span>\n\t\t\t\t\t<\/a>\n\t\t<\/div>\n\t\t\t\t<\/div>\n\t\t\t\t<\/div>\n\t\t\t\t\t<\/div>\n\t\t<\/div>\n\t\t\t\t\t<\/div>\n\t\t<\/section>\n\t\t\t\t\t<\/div>\n\t\t<\/div>\n\t\t\t\t\t<\/div>\n\t\t<\/section>\n\t\t\t\t<\/div>\n\t\t","protected":false},"excerpt":{"rendered":"<p>Disfunci\u00f3n Binocular de la Visi\u00f3n (BVD) Disfunci\u00f3n Binocular de la Visi\u00f3n (BVD)Entendiendo la Disfunci\u00f3n de la Visi\u00f3n Binocular (BVD) La Disfunci\u00f3n de la Visi\u00f3n Binocular (BVD) es una condici\u00f3n en la que los ojos tienen dificultades para trabajar juntos de manera coordinada. Incluso un leve desalineamiento entre los ojos puede obligar a su cerebro a [&hellip;]<\/p>\n","protected":false},"author":2,"featured_media":0,"parent":29441,"menu_order":0,"comment_status":"closed","ping_status":"closed","template":"page-templates\/template-full-width-page-without-header-title.php","meta":{"footnotes":""},"class_list":["post-30658","page","type-page","status-publish","hentry"],"yoast_head":"<!-- This site is optimized with the Yoast SEO plugin v23.8 - https:\/\/yoast.com\/wordpress\/plugins\/seo\/ -->\n<title>Disfunci\u00f3n binocular BVD: gu\u00eda \u00fatil | Eyes on Group<\/title>\n<meta name=\"description\" content=\"Obt\u00e9n diagn\u00f3stico y tratamiento para la disfunci\u00f3n binocular (BVD) en The Eyes On Group. Mejora la alineaci\u00f3n ocular y alivia dolor y visi\u00f3n borrosa.\" \/>\n<meta name=\"robots\" content=\"index, follow, max-snippet:-1, max-image-preview:large, max-video-preview:-1\" \/>\n<link rel=\"canonical\" href=\"https:\/\/theeyesongroup.com\/es\/your-eye-health\/binocular-vision-dysfunction-bvd\/\" \/>\n<meta property=\"og:locale\" content=\"es_ES\" \/>\n<meta property=\"og:type\" content=\"article\" \/>\n<meta property=\"og:title\" content=\"Disfunci\u00f3n binocular BVD: gu\u00eda \u00fatil | Eyes on Group\" \/>\n<meta property=\"og:description\" content=\"Obt\u00e9n diagn\u00f3stico y tratamiento para la disfunci\u00f3n binocular (BVD) en The Eyes On Group. Mejora la alineaci\u00f3n ocular y alivia dolor y visi\u00f3n borrosa.\" \/>\n<meta property=\"og:url\" content=\"https:\/\/theeyesongroup.com\/es\/your-eye-health\/binocular-vision-dysfunction-bvd\/\" \/>\n<meta property=\"og:site_name\" content=\"Eyes On\" \/>\n<meta property=\"article:modified_time\" content=\"2025-11-18T08:13:47+00:00\" \/>\n<meta property=\"og:image\" content=\"http:\/\/theeyesongroup.com\/wp-content\/uploads\/2025\/01\/Your-Eye-Health_0009_Binocular-Vision-Dysfunction.jpg\" \/>\n<meta name=\"twitter:card\" content=\"summary_large_image\" \/>\n<meta name=\"twitter:label1\" content=\"Tiempo de lectura\" \/>\n\t<meta name=\"twitter:data1\" content=\"3 minutos\" \/>\n<script type=\"application\/ld+json\" class=\"yoast-schema-graph\">{\"@context\":\"https:\/\/schema.org\",\"@graph\":[{\"@type\":\"WebPage\",\"@id\":\"https:\/\/theeyesongroup.com\/es\/your-eye-health\/binocular-vision-dysfunction-bvd\/\",\"url\":\"https:\/\/theeyesongroup.com\/es\/your-eye-health\/binocular-vision-dysfunction-bvd\/\",\"name\":\"Disfunci\u00f3n binocular BVD: gu\u00eda \u00fatil | Eyes on Group\",\"isPartOf\":{\"@id\":\"https:\/\/theeyesongroup.com\/es\/#website\"},\"primaryImageOfPage\":{\"@id\":\"https:\/\/theeyesongroup.com\/es\/your-eye-health\/binocular-vision-dysfunction-bvd\/#primaryimage\"},\"image\":{\"@id\":\"https:\/\/theeyesongroup.com\/es\/your-eye-health\/binocular-vision-dysfunction-bvd\/#primaryimage\"},\"thumbnailUrl\":\"http:\/\/theeyesongroup.com\/wp-content\/uploads\/2025\/01\/Your-Eye-Health_0009_Binocular-Vision-Dysfunction.jpg\",\"datePublished\":\"2024-12-04T13:56:33+00:00\",\"dateModified\":\"2025-11-18T08:13:47+00:00\",\"description\":\"Obt\u00e9n diagn\u00f3stico y tratamiento para la disfunci\u00f3n binocular (BVD) en The Eyes On Group. Mejora la alineaci\u00f3n ocular y alivia dolor y visi\u00f3n borrosa.\",\"breadcrumb\":{\"@id\":\"https:\/\/theeyesongroup.com\/es\/your-eye-health\/binocular-vision-dysfunction-bvd\/#breadcrumb\"},\"inLanguage\":\"es\",\"potentialAction\":[{\"@type\":\"ReadAction\",\"target\":[\"https:\/\/theeyesongroup.com\/es\/your-eye-health\/binocular-vision-dysfunction-bvd\/\"]}]},{\"@type\":\"ImageObject\",\"inLanguage\":\"es\",\"@id\":\"https:\/\/theeyesongroup.com\/es\/your-eye-health\/binocular-vision-dysfunction-bvd\/#primaryimage\",\"url\":\"http:\/\/theeyesongroup.com\/wp-content\/uploads\/2025\/01\/Your-Eye-Health_0009_Binocular-Vision-Dysfunction.jpg\",\"contentUrl\":\"http:\/\/theeyesongroup.com\/wp-content\/uploads\/2025\/01\/Your-Eye-Health_0009_Binocular-Vision-Dysfunction.jpg\"},{\"@type\":\"BreadcrumbList\",\"@id\":\"https:\/\/theeyesongroup.com\/es\/your-eye-health\/binocular-vision-dysfunction-bvd\/#breadcrumb\",\"itemListElement\":[{\"@type\":\"ListItem\",\"position\":1,\"name\":\"Home\",\"item\":\"https:\/\/theeyesongroup.com\/es\/\"},{\"@type\":\"ListItem\",\"position\":2,\"name\":\"Your Eye Health\",\"item\":\"https:\/\/theeyesongroup.com\/es\/your-eye-health\/\"},{\"@type\":\"ListItem\",\"position\":3,\"name\":\"Disfunci\u00f3n Binocular de la Visi\u00f3n (BVD)\"}]},{\"@type\":\"WebSite\",\"@id\":\"https:\/\/theeyesongroup.com\/es\/#website\",\"url\":\"https:\/\/theeyesongroup.com\/es\/\",\"name\":\"Eyes On\",\"description\":\"\",\"publisher\":{\"@id\":\"https:\/\/theeyesongroup.com\/es\/#organization\"},\"potentialAction\":[{\"@type\":\"SearchAction\",\"target\":{\"@type\":\"EntryPoint\",\"urlTemplate\":\"https:\/\/theeyesongroup.com\/es\/?s={search_term_string}\"},\"query-input\":{\"@type\":\"PropertyValueSpecification\",\"valueRequired\":true,\"valueName\":\"search_term_string\"}}],\"inLanguage\":\"es\"},{\"@type\":\"Organization\",\"@id\":\"https:\/\/theeyesongroup.com\/es\/#organization\",\"name\":\"Eyes On\",\"url\":\"https:\/\/theeyesongroup.com\/es\/\",\"logo\":{\"@type\":\"ImageObject\",\"inLanguage\":\"es\",\"@id\":\"https:\/\/theeyesongroup.com\/es\/#\/schema\/logo\/image\/\",\"url\":\"https:\/\/theeyesongroup.com\/wp-content\/uploads\/2024\/12\/website-header-logo.png\",\"contentUrl\":\"https:\/\/theeyesongroup.com\/wp-content\/uploads\/2024\/12\/website-header-logo.png\",\"width\":842,\"height\":304,\"caption\":\"Eyes On\"},\"image\":{\"@id\":\"https:\/\/theeyesongroup.com\/es\/#\/schema\/logo\/image\/\"}}]}<\/script>\n<!-- \/ Yoast SEO plugin. -->","yoast_head_json":{"title":"Disfunci\u00f3n binocular BVD: gu\u00eda \u00fatil | Eyes on Group","description":"Obt\u00e9n diagn\u00f3stico y tratamiento para la disfunci\u00f3n binocular (BVD) en The Eyes On Group. Mejora la alineaci\u00f3n ocular y alivia dolor y visi\u00f3n borrosa.","robots":{"index":"index","follow":"follow","max-snippet":"max-snippet:-1","max-image-preview":"max-image-preview:large","max-video-preview":"max-video-preview:-1"},"canonical":"https:\/\/theeyesongroup.com\/es\/your-eye-health\/binocular-vision-dysfunction-bvd\/","og_locale":"es_ES","og_type":"article","og_title":"Disfunci\u00f3n binocular BVD: gu\u00eda \u00fatil | Eyes on Group","og_description":"Obt\u00e9n diagn\u00f3stico y tratamiento para la disfunci\u00f3n binocular (BVD) en The Eyes On Group. Mejora la alineaci\u00f3n ocular y alivia dolor y visi\u00f3n borrosa.","og_url":"https:\/\/theeyesongroup.com\/es\/your-eye-health\/binocular-vision-dysfunction-bvd\/","og_site_name":"Eyes On","article_modified_time":"2025-11-18T08:13:47+00:00","og_image":[{"url":"http:\/\/theeyesongroup.com\/wp-content\/uploads\/2025\/01\/Your-Eye-Health_0009_Binocular-Vision-Dysfunction.jpg"}],"twitter_card":"summary_large_image","twitter_misc":{"Tiempo de lectura":"3 minutos"},"schema":{"@context":"https:\/\/schema.org","@graph":[{"@type":"WebPage","@id":"https:\/\/theeyesongroup.com\/es\/your-eye-health\/binocular-vision-dysfunction-bvd\/","url":"https:\/\/theeyesongroup.com\/es\/your-eye-health\/binocular-vision-dysfunction-bvd\/","name":"Disfunci\u00f3n binocular BVD: gu\u00eda \u00fatil | Eyes on Group","isPartOf":{"@id":"https:\/\/theeyesongroup.com\/es\/#website"},"primaryImageOfPage":{"@id":"https:\/\/theeyesongroup.com\/es\/your-eye-health\/binocular-vision-dysfunction-bvd\/#primaryimage"},"image":{"@id":"https:\/\/theeyesongroup.com\/es\/your-eye-health\/binocular-vision-dysfunction-bvd\/#primaryimage"},"thumbnailUrl":"http:\/\/theeyesongroup.com\/wp-content\/uploads\/2025\/01\/Your-Eye-Health_0009_Binocular-Vision-Dysfunction.jpg","datePublished":"2024-12-04T13:56:33+00:00","dateModified":"2025-11-18T08:13:47+00:00","description":"Obt\u00e9n diagn\u00f3stico y tratamiento para la disfunci\u00f3n binocular (BVD) en The Eyes On Group. Mejora la alineaci\u00f3n ocular y alivia dolor y visi\u00f3n borrosa.","breadcrumb":{"@id":"https:\/\/theeyesongroup.com\/es\/your-eye-health\/binocular-vision-dysfunction-bvd\/#breadcrumb"},"inLanguage":"es","potentialAction":[{"@type":"ReadAction","target":["https:\/\/theeyesongroup.com\/es\/your-eye-health\/binocular-vision-dysfunction-bvd\/"]}]},{"@type":"ImageObject","inLanguage":"es","@id":"https:\/\/theeyesongroup.com\/es\/your-eye-health\/binocular-vision-dysfunction-bvd\/#primaryimage","url":"http:\/\/theeyesongroup.com\/wp-content\/uploads\/2025\/01\/Your-Eye-Health_0009_Binocular-Vision-Dysfunction.jpg","contentUrl":"http:\/\/theeyesongroup.com\/wp-content\/uploads\/2025\/01\/Your-Eye-Health_0009_Binocular-Vision-Dysfunction.jpg"},{"@type":"BreadcrumbList","@id":"https:\/\/theeyesongroup.com\/es\/your-eye-health\/binocular-vision-dysfunction-bvd\/#breadcrumb","itemListElement":[{"@type":"ListItem","position":1,"name":"Home","item":"https:\/\/theeyesongroup.com\/es\/"},{"@type":"ListItem","position":2,"name":"Your Eye Health","item":"https:\/\/theeyesongroup.com\/es\/your-eye-health\/"},{"@type":"ListItem","position":3,"name":"Disfunci\u00f3n Binocular de la Visi\u00f3n (BVD)"}]},{"@type":"WebSite","@id":"https:\/\/theeyesongroup.com\/es\/#website","url":"https:\/\/theeyesongroup.com\/es\/","name":"Eyes On","description":"","publisher":{"@id":"https:\/\/theeyesongroup.com\/es\/#organization"},"potentialAction":[{"@type":"SearchAction","target":{"@type":"EntryPoint","urlTemplate":"https:\/\/theeyesongroup.com\/es\/?s={search_term_string}"},"query-input":{"@type":"PropertyValueSpecification","valueRequired":true,"valueName":"search_term_string"}}],"inLanguage":"es"},{"@type":"Organization","@id":"https:\/\/theeyesongroup.com\/es\/#organization","name":"Eyes On","url":"https:\/\/theeyesongroup.com\/es\/","logo":{"@type":"ImageObject","inLanguage":"es","@id":"https:\/\/theeyesongroup.com\/es\/#\/schema\/logo\/image\/","url":"https:\/\/theeyesongroup.com\/wp-content\/uploads\/2024\/12\/website-header-logo.png","contentUrl":"https:\/\/theeyesongroup.com\/wp-content\/uploads\/2024\/12\/website-header-logo.png","width":842,"height":304,"caption":"Eyes On"},"image":{"@id":"https:\/\/theeyesongroup.com\/es\/#\/schema\/logo\/image\/"}}]}},"_links":{"self":[{"href":"https:\/\/theeyesongroup.com\/es\/wp-json\/wp\/v2\/pages\/30658","targetHints":{"allow":["GET"]}}],"collection":[{"href":"https:\/\/theeyesongroup.com\/es\/wp-json\/wp\/v2\/pages"}],"about":[{"href":"https:\/\/theeyesongroup.com\/es\/wp-json\/wp\/v2\/types\/page"}],"author":[{"embeddable":true,"href":"https:\/\/theeyesongroup.com\/es\/wp-json\/wp\/v2\/users\/2"}],"replies":[{"embeddable":true,"href":"https:\/\/theeyesongroup.com\/es\/wp-json\/wp\/v2\/comments?post=30658"}],"version-history":[{"count":20,"href":"https:\/\/theeyesongroup.com\/es\/wp-json\/wp\/v2\/pages\/30658\/revisions"}],"predecessor-version":[{"id":39055,"href":"https:\/\/theeyesongroup.com\/es\/wp-json\/wp\/v2\/pages\/30658\/revisions\/39055"}],"up":[{"embeddable":true,"href":"https:\/\/theeyesongroup.com\/es\/wp-json\/wp\/v2\/pages\/29441"}],"wp:attachment":[{"href":"https:\/\/theeyesongroup.com\/es\/wp-json\/wp\/v2\/media?parent=30658"}],"curies":[{"name":"wp","href":"https:\/\/api.w.org\/{rel}","templated":true}]}}