{"id":30470,"date":"2024-12-04T10:44:02","date_gmt":"2024-12-04T10:44:02","guid":{"rendered":"https:\/\/theeyesongroup.com\/contact-lenses\/bifocal-and-multifocal-contact-lenses\/"},"modified":"2025-11-18T09:56:46","modified_gmt":"2025-11-18T09:56:46","slug":"bifocal-and-multifocal-contact-lenses","status":"publish","type":"page","link":"https:\/\/theeyesongroup.com\/es\/contact-lenses\/bifocal-and-multifocal-contact-lenses\/","title":{"rendered":"Lentes de contacto multifocales"},"content":{"rendered":"\t\t<div data-elementor-type=\"wp-page\" data-elementor-id=\"30470\" class=\"elementor elementor-30470 elementor-30410\">\n\t\t\t\t\t\t<section class=\"elementor-section elementor-top-section elementor-element elementor-element-4030b8d elementor-section-boxed elementor-section-height-default elementor-section-height-default\" data-id=\"4030b8d\" data-element_type=\"section\" data-settings=\"{&quot;background_background&quot;:&quot;classic&quot;}\">\n\t\t\t\t\t\t\t<div class=\"elementor-background-overlay\"><\/div>\n\t\t\t\t\t\t\t<div class=\"elementor-container elementor-column-gap-default\">\n\t\t\t\t\t<div class=\"elementor-column elementor-col-100 elementor-top-column elementor-element elementor-element-0c88a02\" data-id=\"0c88a02\" data-element_type=\"column\">\n\t\t\t<div class=\"elementor-widget-wrap elementor-element-populated\">\n\t\t\t\t\t\t<section class=\"elementor-section elementor-inner-section elementor-element elementor-element-eb161f4 elementor-section-boxed elementor-section-height-default elementor-section-height-default elementor-invisible\" data-id=\"eb161f4\" data-element_type=\"section\" data-settings=\"{&quot;animation&quot;:&quot;fadeIn&quot;,&quot;animation_delay&quot;:100}\">\n\t\t\t\t\t\t<div class=\"elementor-container elementor-column-gap-default\">\n\t\t\t\t\t<div class=\"elementor-column elementor-col-100 elementor-inner-column elementor-element elementor-element-31b27fa\" data-id=\"31b27fa\" data-element_type=\"column\">\n\t\t\t<div class=\"elementor-widget-wrap elementor-element-populated\">\n\t\t\t\t\t\t<div class=\"elementor-element elementor-element-def5d4d elementor-widget elementor-widget-heading\" data-id=\"def5d4d\" data-element_type=\"widget\" data-widget_type=\"heading.default\">\n\t\t\t\t<div class=\"elementor-widget-container\">\n\t\t\t<style>\/*! elementor - v3.23.0 - 05-08-2024 *\/\n.elementor-heading-title{padding:0;margin:0;line-height:1}.elementor-widget-heading .elementor-heading-title[class*=elementor-size-]>a{color:inherit;font-size:inherit;line-height:inherit}.elementor-widget-heading .elementor-heading-title.elementor-size-small{font-size:15px}.elementor-widget-heading .elementor-heading-title.elementor-size-medium{font-size:19px}.elementor-widget-heading .elementor-heading-title.elementor-size-large{font-size:29px}.elementor-widget-heading .elementor-heading-title.elementor-size-xl{font-size:39px}.elementor-widget-heading .elementor-heading-title.elementor-size-xxl{font-size:59px}<\/style><h1 class=\"elementor-heading-title elementor-size-default\">Lentes de contacto multifocales<\/h1>\t\t<\/div>\n\t\t\t\t<\/div>\n\t\t\t\t\t<\/div>\n\t\t<\/div>\n\t\t\t\t\t<\/div>\n\t\t<\/section>\n\t\t\t\t\t<\/div>\n\t\t<\/div>\n\t\t\t\t\t<\/div>\n\t\t<\/section>\n\t\t\t\t<section class=\"elementor-section elementor-top-section elementor-element elementor-element-f1a868c elementor-section-full_width elementor-section-height-default elementor-section-height-default\" data-id=\"f1a868c\" data-element_type=\"section\" data-settings=\"{&quot;background_background&quot;:&quot;classic&quot;}\">\n\t\t\t\t\t\t\t<div class=\"elementor-background-overlay\"><\/div>\n\t\t\t\t\t\t\t<div class=\"elementor-container elementor-column-gap-default\">\n\t\t\t\t\t<div class=\"elementor-column elementor-col-100 elementor-top-column elementor-element elementor-element-c019f6f\" data-id=\"c019f6f\" data-element_type=\"column\">\n\t\t\t<div class=\"elementor-widget-wrap elementor-element-populated\">\n\t\t\t\t\t\t<section class=\"elementor-section elementor-inner-section elementor-element elementor-element-814c9d6 elementor-section-boxed elementor-section-height-default elementor-section-height-default\" data-id=\"814c9d6\" data-element_type=\"section\">\n\t\t\t\t\t\t<div class=\"elementor-container elementor-column-gap-default\">\n\t\t\t\t\t<div class=\"elementor-column elementor-col-50 elementor-inner-column elementor-element elementor-element-c18105a\" data-id=\"c18105a\" data-element_type=\"column\" data-settings=\"{&quot;background_background&quot;:&quot;classic&quot;}\">\n\t\t\t<div class=\"elementor-widget-wrap elementor-element-populated\">\n\t\t\t\t\t\t<div class=\"elementor-element elementor-element-7034c10 elementor-widget elementor-widget-text-editor\" data-id=\"7034c10\" data-element_type=\"widget\" data-widget_type=\"text-editor.default\">\n\t\t\t\t<div class=\"elementor-widget-container\">\n\t\t\t<style>\/*! elementor - v3.23.0 - 05-08-2024 *\/\n.elementor-widget-text-editor.elementor-drop-cap-view-stacked .elementor-drop-cap{background-color:#69727d;color:#fff}.elementor-widget-text-editor.elementor-drop-cap-view-framed .elementor-drop-cap{color:#69727d;border:3px solid;background-color:transparent}.elementor-widget-text-editor:not(.elementor-drop-cap-view-default) .elementor-drop-cap{margin-top:8px}.elementor-widget-text-editor:not(.elementor-drop-cap-view-default) .elementor-drop-cap-letter{width:1em;height:1em}.elementor-widget-text-editor .elementor-drop-cap{float:left;text-align:center;line-height:1;font-size:50px}.elementor-widget-text-editor .elementor-drop-cap-letter{display:inline-block}<\/style>\t\t\t\t<p>Solicitar una <span style=\"color: #4268d2;\">Cita<\/span><\/p>\t\t\t\t\t\t<\/div>\n\t\t\t\t<\/div>\n\t\t\t\t<div class=\"elementor-element elementor-element-03d2f76 elementor-widget elementor-widget-text-editor\" data-id=\"03d2f76\" data-element_type=\"widget\" data-widget_type=\"text-editor.default\">\n\t\t\t\t<div class=\"elementor-widget-container\">\n\t\t\t\t\t\t\t<span style=\"font-weight: 400;\">Programa tu cita de cuidado ocular en l\u00ednea en la ubicaci\u00f3n m\u00e1s cercana.<\/span>\t\t\t\t\t\t<\/div>\n\t\t\t\t<\/div>\n\t\t\t\t<div class=\"elementor-element elementor-element-aed9ddb appointment-form elementor-widget elementor-widget-shortcode\" data-id=\"aed9ddb\" data-element_type=\"widget\" data-widget_type=\"shortcode.default\">\n\t\t\t\t<div class=\"elementor-widget-container\">\n\t\t\t\t\t<div class=\"elementor-shortcode\">\n<div class=\"wpcf7 no-js\" id=\"wpcf7-f29310-o1\" lang=\"es-ES\" dir=\"ltr\">\n<div class=\"screen-reader-response\"><p role=\"status\" aria-live=\"polite\" aria-atomic=\"true\"><\/p> <ul><\/ul><\/div>\n<form action=\"\/es\/wp-json\/wp\/v2\/pages\/30470#wpcf7-f29310-o1\" method=\"post\" class=\"wpcf7-form init\" aria-label=\"Formulario de contacto\" novalidate=\"novalidate\" data-status=\"init\">\n<div style=\"display: none;\">\n<input type=\"hidden\" name=\"_wpcf7\" value=\"29310\" \/>\n<input type=\"hidden\" name=\"_wpcf7_version\" value=\"5.9.8\" \/>\n<input type=\"hidden\" name=\"_wpcf7_locale\" value=\"es_ES\" \/>\n<input type=\"hidden\" name=\"_wpcf7_unit_tag\" value=\"wpcf7-f29310-o1\" \/>\n<input type=\"hidden\" name=\"_wpcf7_container_post\" value=\"0\" \/>\n<input type=\"hidden\" name=\"_wpcf7_posted_data_hash\" value=\"\" \/>\n<input type=\"hidden\" name=\"_wpcf7_recaptcha_response\" value=\"\" \/>\n<\/div>\n<p><label> Nombre y Apellido<br \/>\n<span class=\"wpcf7-form-control-wrap\" data-name=\"your-name\"><input size=\"40\" maxlength=\"400\" class=\"wpcf7-form-control wpcf7-text wpcf7-validates-as-required\" autocomplete=\"name\" aria-required=\"true\" aria-invalid=\"false\" value=\"\" type=\"text\" name=\"your-name\" \/><\/span> <\/label>\n<\/p>\n<p><label> Correo Electr\u00f3nico<br \/>\n<span class=\"wpcf7-form-control-wrap\" data-name=\"your-email\"><input size=\"40\" maxlength=\"400\" class=\"wpcf7-form-control wpcf7-email wpcf7-validates-as-required wpcf7-text wpcf7-validates-as-email\" autocomplete=\"email\" aria-required=\"true\" aria-invalid=\"false\" value=\"\" type=\"email\" name=\"your-email\" \/><\/span> <\/label>\n<\/p>\n<p><label> Tel\u00e9fono m\u00f3vil<br \/>\n<span class=\"wpcf7-form-control-wrap\" data-name=\"your-phone\"><input size=\"40\" maxlength=\"400\" class=\"wpcf7-form-control wpcf7-tel wpcf7-validates-as-required wpcf7-text wpcf7-validates-as-tel\" aria-required=\"true\" aria-invalid=\"false\" value=\"\" type=\"tel\" name=\"your-phone\" \/><\/span> <\/label>\n<\/p>\n<p><label> Tipo de Paciente<br \/>\n<span class=\"wpcf7-form-control-wrap\" data-name=\"patient-type\"><select class=\"wpcf7-form-control wpcf7-select wpcf7-validates-as-required\" aria-required=\"true\" aria-invalid=\"false\" name=\"patient-type\"><option value=\"\">&#8212;Por favor, elige una opci\u00f3n&#8212;<\/option><option value=\"Paciente Nuevo\">Paciente Nuevo<\/option><option value=\"Paciente Establecido\">Paciente Establecido<\/option><\/select><\/span> <\/label>\n<\/p>\n<p><label> Seleccionar Ubicaci\u00f3n<br \/>\n<span class=\"wpcf7-form-control-wrap\" data-name=\"your-location\"><select class=\"wpcf7-form-control wpcf7-select wpcf7-validates-as-required\" aria-required=\"true\" aria-invalid=\"false\" name=\"your-location\"><option value=\"\">&#8212;Por favor, elige una opci\u00f3n&#8212;<\/option><option value=\"Worcester\">Worcester<\/option><option value=\"Randolph\">Randolph<\/option><option value=\"Lincoln\">Lincoln<\/option><option value=\"Cranston\">Cranston<\/option><\/select><\/span> <\/label>\n<\/p>\n<p><input class=\"wpcf7-form-control wpcf7-submit has-spinner\" type=\"submit\" value=\"Reserva Ahora\" \/>\n<\/p><div class=\"wpcf7-response-output\" aria-hidden=\"true\"><\/div>\n<\/form>\n<\/div>\n<\/div>\n\t\t\t\t<\/div>\n\t\t\t\t<\/div>\n\t\t\t\t\t<\/div>\n\t\t<\/div>\n\t\t\t\t<div class=\"elementor-column elementor-col-50 elementor-inner-column elementor-element elementor-element-fbe3e97 elementor-invisible\" data-id=\"fbe3e97\" data-element_type=\"column\" data-settings=\"{&quot;animation&quot;:&quot;fadeIn&quot;,&quot;animation_delay&quot;:0}\">\n\t\t\t<div class=\"elementor-widget-wrap elementor-element-populated\">\n\t\t\t\t\t\t<div class=\"elementor-element elementor-element-c0b78cf elementor-widget-mobile__width-inherit elementor-widget elementor-widget-text-editor\" data-id=\"c0b78cf\" data-element_type=\"widget\" data-widget_type=\"text-editor.default\">\n\t\t\t\t<div class=\"elementor-widget-container\">\n\t\t\t\t\t\t\t<p><span style=\"color: #4268d2;\">Lentes <\/span> de Contacto Multifocales<\/p>\t\t\t\t\t\t<\/div>\n\t\t\t\t<\/div>\n\t\t\t\t<div class=\"elementor-element elementor-element-a99ba62 elementor-widget elementor-widget-text-editor\" data-id=\"a99ba62\" data-element_type=\"widget\" data-widget_type=\"text-editor.default\">\n\t\t\t\t<div class=\"elementor-widget-container\">\n\t\t\t\t\t\t\t<p><strong>Lentes de Contacto Multifocales:<\/strong><\/p><p>Los lentes de contacto multifocales est\u00e1n dise\u00f1ados para corregir la presbicia, una condici\u00f3n natural relacionada con la edad que afecta la capacidad de los ojos para enfocar objetos a diferentes distancias. Estos lentes cuentan con m\u00faltiples zonas o gradientes de potencia, permitiendo una visi\u00f3n clara de cerca, a distancia intermedia y de lejos sin necesidad de gafas separadas.<\/p><p>Disponibles en materiales blandos o r\u00edgidos gas permeables, los lentes multifocales vienen en diversos dise\u00f1os, como anillos conc\u00e9ntricos, transiciones asf\u00e9ricas o zonas segmentadas, adapt\u00e1ndose a las necesidades y preferencias visuales individuales. Ofrecen una soluci\u00f3n pr\u00e1ctica y sin gafas para quienes requieren correcci\u00f3n tanto para la lectura como para la visi\u00f3n a distancia, siendo una opci\u00f3n ideal para un estilo de vida activo.<\/p>\t\t\t\t\t\t<\/div>\n\t\t\t\t<\/div>\n\t\t\t\t<div class=\"elementor-element elementor-element-4d197e8 elementor-align-left elementor-tablet-align-center elementor-widget elementor-widget-button\" data-id=\"4d197e8\" data-element_type=\"widget\" data-widget_type=\"button.default\">\n\t\t\t\t<div class=\"elementor-widget-container\">\n\t\t\t\t\t<div class=\"elementor-button-wrapper\">\n\t\t\t<a class=\"elementor-button elementor-button-link elementor-size-xl\" href=\"https:\/\/theeyesongroup.com\/es\/book-an-appointment\/\">\n\t\t\t\t\t\t<span class=\"elementor-button-content-wrapper\">\n\t\t\t\t\t\t<span class=\"elementor-button-icon\">\n\t\t\t\t<i aria-hidden=\"true\" class=\"fas fa-angle-double-right\"><\/i>\t\t\t<\/span>\n\t\t\t\t\t\t\t\t\t<span class=\"elementor-button-text\">Solicitar una cita<\/span>\n\t\t\t\t\t<\/span>\n\t\t\t\t\t<\/a>\n\t\t<\/div>\n\t\t\t\t<\/div>\n\t\t\t\t<\/div>\n\t\t\t\t\t<\/div>\n\t\t<\/div>\n\t\t\t\t\t<\/div>\n\t\t<\/section>\n\t\t\t\t\t<\/div>\n\t\t<\/div>\n\t\t\t\t\t<\/div>\n\t\t<\/section>\n\t\t\t\t<\/div>\n\t\t","protected":false},"excerpt":{"rendered":"<p>Lentes de contacto multifocales Solicitar una Cita Programa tu cita de cuidado ocular en l\u00ednea en la ubicaci\u00f3n m\u00e1s cercana. Lentes de Contacto Multifocales Lentes de Contacto Multifocales: Los lentes de contacto multifocales est\u00e1n dise\u00f1ados para corregir la presbicia, una condici\u00f3n natural relacionada con la edad que afecta la capacidad de los ojos para enfocar [&hellip;]<\/p>\n","protected":false},"author":2,"featured_media":0,"parent":29326,"menu_order":0,"comment_status":"closed","ping_status":"closed","template":"page-templates\/template-full-width-page-without-header-title.php","meta":{"footnotes":""},"class_list":["post-30470","page","type-page","status-publish","hentry"],"yoast_head":"<!-- This site is optimized with the Yoast SEO plugin v23.8 - https:\/\/yoast.com\/wordpress\/plugins\/seo\/ -->\n<title>Lentes de contacto multifocales - Eyes On Group<\/title>\n<meta name=\"description\" content=\"Lentes de contacto bifocales y multifocales en The Eyes On Group. Corrige visi\u00f3n cercana y lejana con lentes dise\u00f1ados para adaptarse a tus necesidades.\" \/>\n<meta name=\"robots\" content=\"index, follow, max-snippet:-1, max-image-preview:large, max-video-preview:-1\" \/>\n<link rel=\"canonical\" href=\"https:\/\/theeyesongroup.com\/es\/contact-lenses\/bifocal-and-multifocal-contact-lenses\/\" \/>\n<meta property=\"og:locale\" content=\"es_ES\" \/>\n<meta property=\"og:type\" content=\"article\" \/>\n<meta property=\"og:title\" content=\"Lentes de contacto multifocales - Eyes On Group\" \/>\n<meta property=\"og:description\" content=\"Lentes de contacto bifocales y multifocales en The Eyes On Group. Corrige visi\u00f3n cercana y lejana con lentes dise\u00f1ados para adaptarse a tus necesidades.\" \/>\n<meta property=\"og:url\" content=\"https:\/\/theeyesongroup.com\/es\/contact-lenses\/bifocal-and-multifocal-contact-lenses\/\" \/>\n<meta property=\"og:site_name\" content=\"Eyes On\" \/>\n<meta property=\"article:modified_time\" content=\"2025-11-18T09:56:46+00:00\" \/>\n<meta name=\"twitter:card\" content=\"summary_large_image\" \/>\n<meta name=\"twitter:label1\" content=\"Tiempo de lectura\" \/>\n\t<meta name=\"twitter:data1\" content=\"1 minuto\" \/>\n<script type=\"application\/ld+json\" class=\"yoast-schema-graph\">{\"@context\":\"https:\/\/schema.org\",\"@graph\":[{\"@type\":\"WebPage\",\"@id\":\"https:\/\/theeyesongroup.com\/es\/contact-lenses\/bifocal-and-multifocal-contact-lenses\/\",\"url\":\"https:\/\/theeyesongroup.com\/es\/contact-lenses\/bifocal-and-multifocal-contact-lenses\/\",\"name\":\"Lentes de contacto multifocales - Eyes On Group\",\"isPartOf\":{\"@id\":\"https:\/\/theeyesongroup.com\/es\/#website\"},\"datePublished\":\"2024-12-04T10:44:02+00:00\",\"dateModified\":\"2025-11-18T09:56:46+00:00\",\"description\":\"Lentes de contacto bifocales y multifocales en The Eyes On Group. Corrige visi\u00f3n cercana y lejana con lentes dise\u00f1ados para adaptarse a tus necesidades.\",\"breadcrumb\":{\"@id\":\"https:\/\/theeyesongroup.com\/es\/contact-lenses\/bifocal-and-multifocal-contact-lenses\/#breadcrumb\"},\"inLanguage\":\"es\",\"potentialAction\":[{\"@type\":\"ReadAction\",\"target\":[\"https:\/\/theeyesongroup.com\/es\/contact-lenses\/bifocal-and-multifocal-contact-lenses\/\"]}]},{\"@type\":\"BreadcrumbList\",\"@id\":\"https:\/\/theeyesongroup.com\/es\/contact-lenses\/bifocal-and-multifocal-contact-lenses\/#breadcrumb\",\"itemListElement\":[{\"@type\":\"ListItem\",\"position\":1,\"name\":\"Home\",\"item\":\"https:\/\/theeyesongroup.com\/es\/\"},{\"@type\":\"ListItem\",\"position\":2,\"name\":\"Contact Lenses\",\"item\":\"https:\/\/theeyesongroup.com\/es\/contact-lenses\/\"},{\"@type\":\"ListItem\",\"position\":3,\"name\":\"Lentes de contacto multifocales\"}]},{\"@type\":\"WebSite\",\"@id\":\"https:\/\/theeyesongroup.com\/es\/#website\",\"url\":\"https:\/\/theeyesongroup.com\/es\/\",\"name\":\"Eyes On\",\"description\":\"\",\"publisher\":{\"@id\":\"https:\/\/theeyesongroup.com\/es\/#organization\"},\"potentialAction\":[{\"@type\":\"SearchAction\",\"target\":{\"@type\":\"EntryPoint\",\"urlTemplate\":\"https:\/\/theeyesongroup.com\/es\/?s={search_term_string}\"},\"query-input\":{\"@type\":\"PropertyValueSpecification\",\"valueRequired\":true,\"valueName\":\"search_term_string\"}}],\"inLanguage\":\"es\"},{\"@type\":\"Organization\",\"@id\":\"https:\/\/theeyesongroup.com\/es\/#organization\",\"name\":\"Eyes On\",\"url\":\"https:\/\/theeyesongroup.com\/es\/\",\"logo\":{\"@type\":\"ImageObject\",\"inLanguage\":\"es\",\"@id\":\"https:\/\/theeyesongroup.com\/es\/#\/schema\/logo\/image\/\",\"url\":\"https:\/\/theeyesongroup.com\/wp-content\/uploads\/2024\/12\/website-header-logo.png\",\"contentUrl\":\"https:\/\/theeyesongroup.com\/wp-content\/uploads\/2024\/12\/website-header-logo.png\",\"width\":842,\"height\":304,\"caption\":\"Eyes On\"},\"image\":{\"@id\":\"https:\/\/theeyesongroup.com\/es\/#\/schema\/logo\/image\/\"}}]}<\/script>\n<!-- \/ Yoast SEO plugin. -->","yoast_head_json":{"title":"Lentes de contacto multifocales - Eyes On Group","description":"Lentes de contacto bifocales y multifocales en The Eyes On Group. Corrige visi\u00f3n cercana y lejana con lentes dise\u00f1ados para adaptarse a tus necesidades.","robots":{"index":"index","follow":"follow","max-snippet":"max-snippet:-1","max-image-preview":"max-image-preview:large","max-video-preview":"max-video-preview:-1"},"canonical":"https:\/\/theeyesongroup.com\/es\/contact-lenses\/bifocal-and-multifocal-contact-lenses\/","og_locale":"es_ES","og_type":"article","og_title":"Lentes de contacto multifocales - Eyes On Group","og_description":"Lentes de contacto bifocales y multifocales en The Eyes On Group. Corrige visi\u00f3n cercana y lejana con lentes dise\u00f1ados para adaptarse a tus necesidades.","og_url":"https:\/\/theeyesongroup.com\/es\/contact-lenses\/bifocal-and-multifocal-contact-lenses\/","og_site_name":"Eyes On","article_modified_time":"2025-11-18T09:56:46+00:00","twitter_card":"summary_large_image","twitter_misc":{"Tiempo de lectura":"1 minuto"},"schema":{"@context":"https:\/\/schema.org","@graph":[{"@type":"WebPage","@id":"https:\/\/theeyesongroup.com\/es\/contact-lenses\/bifocal-and-multifocal-contact-lenses\/","url":"https:\/\/theeyesongroup.com\/es\/contact-lenses\/bifocal-and-multifocal-contact-lenses\/","name":"Lentes de contacto multifocales - Eyes On Group","isPartOf":{"@id":"https:\/\/theeyesongroup.com\/es\/#website"},"datePublished":"2024-12-04T10:44:02+00:00","dateModified":"2025-11-18T09:56:46+00:00","description":"Lentes de contacto bifocales y multifocales en The Eyes On Group. Corrige visi\u00f3n cercana y lejana con lentes dise\u00f1ados para adaptarse a tus necesidades.","breadcrumb":{"@id":"https:\/\/theeyesongroup.com\/es\/contact-lenses\/bifocal-and-multifocal-contact-lenses\/#breadcrumb"},"inLanguage":"es","potentialAction":[{"@type":"ReadAction","target":["https:\/\/theeyesongroup.com\/es\/contact-lenses\/bifocal-and-multifocal-contact-lenses\/"]}]},{"@type":"BreadcrumbList","@id":"https:\/\/theeyesongroup.com\/es\/contact-lenses\/bifocal-and-multifocal-contact-lenses\/#breadcrumb","itemListElement":[{"@type":"ListItem","position":1,"name":"Home","item":"https:\/\/theeyesongroup.com\/es\/"},{"@type":"ListItem","position":2,"name":"Contact Lenses","item":"https:\/\/theeyesongroup.com\/es\/contact-lenses\/"},{"@type":"ListItem","position":3,"name":"Lentes de contacto multifocales"}]},{"@type":"WebSite","@id":"https:\/\/theeyesongroup.com\/es\/#website","url":"https:\/\/theeyesongroup.com\/es\/","name":"Eyes On","description":"","publisher":{"@id":"https:\/\/theeyesongroup.com\/es\/#organization"},"potentialAction":[{"@type":"SearchAction","target":{"@type":"EntryPoint","urlTemplate":"https:\/\/theeyesongroup.com\/es\/?s={search_term_string}"},"query-input":{"@type":"PropertyValueSpecification","valueRequired":true,"valueName":"search_term_string"}}],"inLanguage":"es"},{"@type":"Organization","@id":"https:\/\/theeyesongroup.com\/es\/#organization","name":"Eyes On","url":"https:\/\/theeyesongroup.com\/es\/","logo":{"@type":"ImageObject","inLanguage":"es","@id":"https:\/\/theeyesongroup.com\/es\/#\/schema\/logo\/image\/","url":"https:\/\/theeyesongroup.com\/wp-content\/uploads\/2024\/12\/website-header-logo.png","contentUrl":"https:\/\/theeyesongroup.com\/wp-content\/uploads\/2024\/12\/website-header-logo.png","width":842,"height":304,"caption":"Eyes On"},"image":{"@id":"https:\/\/theeyesongroup.com\/es\/#\/schema\/logo\/image\/"}}]}},"_links":{"self":[{"href":"https:\/\/theeyesongroup.com\/es\/wp-json\/wp\/v2\/pages\/30470","targetHints":{"allow":["GET"]}}],"collection":[{"href":"https:\/\/theeyesongroup.com\/es\/wp-json\/wp\/v2\/pages"}],"about":[{"href":"https:\/\/theeyesongroup.com\/es\/wp-json\/wp\/v2\/types\/page"}],"author":[{"embeddable":true,"href":"https:\/\/theeyesongroup.com\/es\/wp-json\/wp\/v2\/users\/2"}],"replies":[{"embeddable":true,"href":"https:\/\/theeyesongroup.com\/es\/wp-json\/wp\/v2\/comments?post=30470"}],"version-history":[{"count":49,"href":"https:\/\/theeyesongroup.com\/es\/wp-json\/wp\/v2\/pages\/30470\/revisions"}],"predecessor-version":[{"id":39078,"href":"https:\/\/theeyesongroup.com\/es\/wp-json\/wp\/v2\/pages\/30470\/revisions\/39078"}],"up":[{"embeddable":true,"href":"https:\/\/theeyesongroup.com\/es\/wp-json\/wp\/v2\/pages\/29326"}],"wp:attachment":[{"href":"https:\/\/theeyesongroup.com\/es\/wp-json\/wp\/v2\/media?parent=30470"}],"curies":[{"name":"wp","href":"https:\/\/api.w.org\/{rel}","templated":true}]}}