{"id":30467,"date":"2024-12-04T10:44:06","date_gmt":"2024-12-04T10:44:06","guid":{"rendered":"https:\/\/theeyesongroup.com\/contact-lenses\/contact-lenses-for-the-hard-to-fit-patient\/"},"modified":"2025-11-18T07:54:03","modified_gmt":"2025-11-18T07:54:03","slug":"contact-lenses-for-the-hard-to-fit-patient","status":"publish","type":"page","link":"https:\/\/theeyesongroup.com\/es\/contact-lenses\/contact-lenses-for-the-hard-to-fit-patient\/","title":{"rendered":"Lentes de Contacto para Pacientes Dif\u00edciles de Adaptar"},"content":{"rendered":"\t\t<div data-elementor-type=\"wp-page\" data-elementor-id=\"30467\" class=\"elementor elementor-30467 elementor-30408\">\n\t\t\t\t\t\t<section class=\"elementor-section elementor-top-section elementor-element elementor-element-4030b8d elementor-section-boxed elementor-section-height-default elementor-section-height-default\" data-id=\"4030b8d\" data-element_type=\"section\" data-settings=\"{&quot;background_background&quot;:&quot;classic&quot;}\">\n\t\t\t\t\t\t\t<div class=\"elementor-background-overlay\"><\/div>\n\t\t\t\t\t\t\t<div class=\"elementor-container elementor-column-gap-default\">\n\t\t\t\t\t<div class=\"elementor-column elementor-col-100 elementor-top-column elementor-element elementor-element-0c88a02\" data-id=\"0c88a02\" data-element_type=\"column\">\n\t\t\t<div class=\"elementor-widget-wrap elementor-element-populated\">\n\t\t\t\t\t\t<section class=\"elementor-section elementor-inner-section elementor-element elementor-element-eb161f4 elementor-section-boxed elementor-section-height-default elementor-section-height-default elementor-invisible\" data-id=\"eb161f4\" data-element_type=\"section\" data-settings=\"{&quot;animation&quot;:&quot;fadeIn&quot;,&quot;animation_delay&quot;:100}\">\n\t\t\t\t\t\t<div class=\"elementor-container elementor-column-gap-default\">\n\t\t\t\t\t<div class=\"elementor-column elementor-col-100 elementor-inner-column elementor-element elementor-element-31b27fa\" data-id=\"31b27fa\" data-element_type=\"column\">\n\t\t\t<div class=\"elementor-widget-wrap elementor-element-populated\">\n\t\t\t\t\t\t<div class=\"elementor-element elementor-element-1da6e39 elementor-widget elementor-widget-heading\" data-id=\"1da6e39\" data-element_type=\"widget\" data-widget_type=\"heading.default\">\n\t\t\t\t<div class=\"elementor-widget-container\">\n\t\t\t<style>\/*! elementor - v3.23.0 - 05-08-2024 *\/\n.elementor-heading-title{padding:0;margin:0;line-height:1}.elementor-widget-heading .elementor-heading-title[class*=elementor-size-]>a{color:inherit;font-size:inherit;line-height:inherit}.elementor-widget-heading .elementor-heading-title.elementor-size-small{font-size:15px}.elementor-widget-heading .elementor-heading-title.elementor-size-medium{font-size:19px}.elementor-widget-heading .elementor-heading-title.elementor-size-large{font-size:29px}.elementor-widget-heading .elementor-heading-title.elementor-size-xl{font-size:39px}.elementor-widget-heading .elementor-heading-title.elementor-size-xxl{font-size:59px}<\/style><h1 class=\"elementor-heading-title elementor-size-default\">Lentes de Contacto para Pacientes Dif\u00edciles de Adaptar<\/h1>\t\t<\/div>\n\t\t\t\t<\/div>\n\t\t\t\t\t<\/div>\n\t\t<\/div>\n\t\t\t\t\t<\/div>\n\t\t<\/section>\n\t\t\t\t\t<\/div>\n\t\t<\/div>\n\t\t\t\t\t<\/div>\n\t\t<\/section>\n\t\t\t\t<section class=\"elementor-section elementor-top-section elementor-element elementor-element-f1a868c elementor-section-full_width elementor-section-height-default elementor-section-height-default\" data-id=\"f1a868c\" data-element_type=\"section\" data-settings=\"{&quot;background_background&quot;:&quot;classic&quot;}\">\n\t\t\t\t\t\t\t<div class=\"elementor-background-overlay\"><\/div>\n\t\t\t\t\t\t\t<div class=\"elementor-container elementor-column-gap-default\">\n\t\t\t\t\t<div class=\"elementor-column elementor-col-100 elementor-top-column elementor-element elementor-element-c019f6f\" data-id=\"c019f6f\" data-element_type=\"column\">\n\t\t\t<div class=\"elementor-widget-wrap elementor-element-populated\">\n\t\t\t\t\t\t<section class=\"elementor-section elementor-inner-section elementor-element elementor-element-814c9d6 elementor-section-boxed elementor-section-height-default elementor-section-height-default\" data-id=\"814c9d6\" data-element_type=\"section\">\n\t\t\t\t\t\t<div class=\"elementor-container elementor-column-gap-default\">\n\t\t\t\t\t<div class=\"elementor-column elementor-col-50 elementor-inner-column elementor-element elementor-element-5c84592\" data-id=\"5c84592\" data-element_type=\"column\" data-settings=\"{&quot;background_background&quot;:&quot;classic&quot;}\">\n\t\t\t<div class=\"elementor-widget-wrap elementor-element-populated\">\n\t\t\t\t\t\t<div class=\"elementor-element elementor-element-6001cf0 elementor-widget elementor-widget-text-editor\" data-id=\"6001cf0\" data-element_type=\"widget\" data-widget_type=\"text-editor.default\">\n\t\t\t\t<div class=\"elementor-widget-container\">\n\t\t\t<style>\/*! elementor - v3.23.0 - 05-08-2024 *\/\n.elementor-widget-text-editor.elementor-drop-cap-view-stacked .elementor-drop-cap{background-color:#69727d;color:#fff}.elementor-widget-text-editor.elementor-drop-cap-view-framed .elementor-drop-cap{color:#69727d;border:3px solid;background-color:transparent}.elementor-widget-text-editor:not(.elementor-drop-cap-view-default) .elementor-drop-cap{margin-top:8px}.elementor-widget-text-editor:not(.elementor-drop-cap-view-default) .elementor-drop-cap-letter{width:1em;height:1em}.elementor-widget-text-editor .elementor-drop-cap{float:left;text-align:center;line-height:1;font-size:50px}.elementor-widget-text-editor .elementor-drop-cap-letter{display:inline-block}<\/style>\t\t\t\t<p>Solicitar una <span style=\"color: #4268d2;\">Cita<\/span><\/p>\t\t\t\t\t\t<\/div>\n\t\t\t\t<\/div>\n\t\t\t\t<div class=\"elementor-element elementor-element-f459c39 elementor-widget elementor-widget-text-editor\" data-id=\"f459c39\" data-element_type=\"widget\" data-widget_type=\"text-editor.default\">\n\t\t\t\t<div class=\"elementor-widget-container\">\n\t\t\t\t\t\t\t<span style=\"font-weight: 400;\">Programa tu cita de cuidado ocular en l\u00ednea en la ubicaci\u00f3n m\u00e1s cercana.<\/span>\t\t\t\t\t\t<\/div>\n\t\t\t\t<\/div>\n\t\t\t\t<div class=\"elementor-element elementor-element-45e4a3a appointment-form elementor-widget elementor-widget-shortcode\" data-id=\"45e4a3a\" data-element_type=\"widget\" data-widget_type=\"shortcode.default\">\n\t\t\t\t<div class=\"elementor-widget-container\">\n\t\t\t\t\t<div class=\"elementor-shortcode\">\n<div class=\"wpcf7 no-js\" id=\"wpcf7-f29310-o1\" lang=\"es-ES\" dir=\"ltr\">\n<div class=\"screen-reader-response\"><p role=\"status\" aria-live=\"polite\" aria-atomic=\"true\"><\/p> <ul><\/ul><\/div>\n<form action=\"\/es\/wp-json\/wp\/v2\/pages\/30467#wpcf7-f29310-o1\" method=\"post\" class=\"wpcf7-form init\" aria-label=\"Formulario de contacto\" novalidate=\"novalidate\" data-status=\"init\">\n<div style=\"display: none;\">\n<input type=\"hidden\" name=\"_wpcf7\" value=\"29310\" \/>\n<input type=\"hidden\" name=\"_wpcf7_version\" value=\"5.9.8\" \/>\n<input type=\"hidden\" name=\"_wpcf7_locale\" value=\"es_ES\" \/>\n<input type=\"hidden\" name=\"_wpcf7_unit_tag\" value=\"wpcf7-f29310-o1\" \/>\n<input type=\"hidden\" name=\"_wpcf7_container_post\" value=\"0\" \/>\n<input type=\"hidden\" name=\"_wpcf7_posted_data_hash\" value=\"\" \/>\n<input type=\"hidden\" name=\"_wpcf7_recaptcha_response\" value=\"\" \/>\n<\/div>\n<p><label> Nombre y Apellido<br \/>\n<span class=\"wpcf7-form-control-wrap\" data-name=\"your-name\"><input size=\"40\" maxlength=\"400\" class=\"wpcf7-form-control wpcf7-text wpcf7-validates-as-required\" autocomplete=\"name\" aria-required=\"true\" aria-invalid=\"false\" value=\"\" type=\"text\" name=\"your-name\" \/><\/span> <\/label>\n<\/p>\n<p><label> Correo Electr\u00f3nico<br \/>\n<span class=\"wpcf7-form-control-wrap\" data-name=\"your-email\"><input size=\"40\" maxlength=\"400\" class=\"wpcf7-form-control wpcf7-email wpcf7-validates-as-required wpcf7-text wpcf7-validates-as-email\" autocomplete=\"email\" aria-required=\"true\" aria-invalid=\"false\" value=\"\" type=\"email\" name=\"your-email\" \/><\/span> <\/label>\n<\/p>\n<p><label> Tel\u00e9fono m\u00f3vil<br \/>\n<span class=\"wpcf7-form-control-wrap\" data-name=\"your-phone\"><input size=\"40\" maxlength=\"400\" class=\"wpcf7-form-control wpcf7-tel wpcf7-validates-as-required wpcf7-text wpcf7-validates-as-tel\" aria-required=\"true\" aria-invalid=\"false\" value=\"\" type=\"tel\" name=\"your-phone\" \/><\/span> <\/label>\n<\/p>\n<p><label> Tipo de Paciente<br \/>\n<span class=\"wpcf7-form-control-wrap\" data-name=\"patient-type\"><select class=\"wpcf7-form-control wpcf7-select wpcf7-validates-as-required\" aria-required=\"true\" aria-invalid=\"false\" name=\"patient-type\"><option value=\"\">&#8212;Por favor, elige una opci\u00f3n&#8212;<\/option><option value=\"Paciente Nuevo\">Paciente Nuevo<\/option><option value=\"Paciente Establecido\">Paciente Establecido<\/option><\/select><\/span> <\/label>\n<\/p>\n<p><label> Seleccionar Ubicaci\u00f3n<br \/>\n<span class=\"wpcf7-form-control-wrap\" data-name=\"your-location\"><select class=\"wpcf7-form-control wpcf7-select wpcf7-validates-as-required\" aria-required=\"true\" aria-invalid=\"false\" name=\"your-location\"><option value=\"\">&#8212;Por favor, elige una opci\u00f3n&#8212;<\/option><option value=\"Worcester\">Worcester<\/option><option value=\"Randolph\">Randolph<\/option><option value=\"Lincoln\">Lincoln<\/option><option value=\"Cranston\">Cranston<\/option><\/select><\/span> <\/label>\n<\/p>\n<p><input class=\"wpcf7-form-control wpcf7-submit has-spinner\" type=\"submit\" value=\"Reserva Ahora\" \/>\n<\/p><div class=\"wpcf7-response-output\" aria-hidden=\"true\"><\/div>\n<\/form>\n<\/div>\n<\/div>\n\t\t\t\t<\/div>\n\t\t\t\t<\/div>\n\t\t\t\t\t<\/div>\n\t\t<\/div>\n\t\t\t\t<div class=\"elementor-column elementor-col-50 elementor-inner-column elementor-element elementor-element-fbe3e97 elementor-invisible\" data-id=\"fbe3e97\" data-element_type=\"column\" data-settings=\"{&quot;animation&quot;:&quot;fadeIn&quot;,&quot;animation_delay&quot;:0}\">\n\t\t\t<div class=\"elementor-widget-wrap elementor-element-populated\">\n\t\t\t\t\t\t<div class=\"elementor-element elementor-element-c0b78cf elementor-widget-mobile__width-inherit elementor-widget elementor-widget-text-editor\" data-id=\"c0b78cf\" data-element_type=\"widget\" data-widget_type=\"text-editor.default\">\n\t\t\t\t<div class=\"elementor-widget-container\">\n\t\t\t\t\t\t\t<span style=\"color: #4268d2;\">Lentes <\/span> de Contacto para Pacientes Dif\u00edciles de Adaptar\t\t\t\t\t\t<\/div>\n\t\t\t\t<\/div>\n\t\t\t\t<div class=\"elementor-element elementor-element-c84ebfe elementor-widget elementor-widget-text-editor\" data-id=\"c84ebfe\" data-element_type=\"widget\" data-widget_type=\"text-editor.default\">\n\t\t\t\t<div class=\"elementor-widget-container\">\n\t\t\t\t\t\t\t<p>Lentes especializados para personas con formas de ojos \u00fanicas o condiciones espec\u00edficas.<\/p>\t\t\t\t\t\t<\/div>\n\t\t\t\t<\/div>\n\t\t\t\t<div class=\"elementor-element elementor-element-a7c9550 elementor-widget elementor-widget-text-editor\" data-id=\"a7c9550\" data-element_type=\"widget\" data-widget_type=\"text-editor.default\">\n\t\t\t\t<div class=\"elementor-widget-container\">\n\t\t\t\t\t\t\t<p><b>\u00bfQui\u00e9nes Son los Pacientes Dif\u00edciles de Ajustar?<\/b><b><br \/><\/b><span style=\"font-weight: 400;\">Los pacientes pueden caer en esta categor\u00eda debido a:<\/span><\/p><ul><li style=\"font-weight: 400;\" aria-level=\"1\"><b>Astigmatismo:<\/b><span style=\"font-weight: 400;\"> Forma irregular de la c\u00f3rnea que requiere lentes t\u00f3ricas.<\/span><\/li><li style=\"font-weight: 400;\" aria-level=\"1\"><b>Queratocono:<\/b><span style=\"font-weight: 400;\"> C\u00f3rnea en forma de cono, que a menudo necesita lentes esclerales o h\u00edbridas.<\/span><\/li><li style=\"font-weight: 400;\" aria-level=\"1\"><b>S\u00edndrome de Ojos Secos:<\/b><span style=\"font-weight: 400;\"> Puede requerir lentes especiales dise\u00f1adas para retener humedad.<\/span><\/li><li style=\"font-weight: 400;\" aria-level=\"1\"><b>Presbicia:<\/b><span style=\"font-weight: 400;\"> Lentes multifocales o bifocales que cubren las necesidades visuales a m\u00faltiples distancias.<\/span><\/li><li style=\"font-weight: 400;\" aria-level=\"1\"><b>Ojos Postquir\u00fargicos:<\/b><span style=\"font-weight: 400;\"> Despu\u00e9s de procedimientos como LASIK o trasplantes de c\u00f3rnea, pueden ser necesarias lentes personalizadas.<\/span><\/li><\/ul><div id=\"moreCataracts\" style=\"display: none;\"><p><b>Opciones de Lentes de Contacto para Ojos Dif\u00edciles de Ajustar<\/b><\/p><ul><li style=\"font-weight: 400;\" aria-level=\"1\"><b>Lentes permeables al gas (GP):<\/b><span style=\"font-weight: 400;\"> Ofrecen una correcci\u00f3n visual precisa para c\u00f3rneas irregulares y astigmatismo.<\/span><\/li><li style=\"font-weight: 400;\" aria-level=\"1\"><b>Lentes Esclerales:<\/b><span style=\"font-weight: 400;\"> Lentes de di\u00e1metro grande que se colocan sobre la c\u00f3rnea, ofreciendo comodidad y estabilidad para ojo seco severo o queratocono.<\/span><\/li><li style=\"font-weight: 400;\" aria-level=\"1\"><b>Lentes H\u00edbridas:<\/b><span style=\"font-weight: 400;\"> Combinan un centro RGP con una falda de lente suave para comodidad y visi\u00f3n n\u00edtida.<\/span><\/li><li style=\"font-weight: 400;\" aria-level=\"1\"><b>Lentes Suaves Personalizadas:<\/b><span style=\"font-weight: 400;\"> Adaptadas para ajustarse a formas o prescripciones oculares inusuales.<\/span><\/li><\/ul><p><b>Consideraciones para Pacientes Dif\u00edciles de Ajustar<\/b><\/p><ul><li style=\"font-weight: 400;\" aria-level=\"1\"><b>Ajustes Especializados:<\/b><span style=\"font-weight: 400;\"> Requieren medidas avanzadas, como topograf\u00eda corneal, para asegurar un ajuste adecuado.<\/span><\/li><li style=\"font-weight: 400;\" aria-level=\"1\"><b>Per\u00edodo de Adaptaci\u00f3n:<\/b><span style=\"font-weight: 400;\"> Algunas lentes, particularmente las RGP y esclerales, pueden tomar tiempo para acostumbrarse.<\/span><\/li><li style=\"font-weight: 400;\" aria-level=\"1\"><b>Atenci\u00f3n de Seguimiento:<\/b><span style=\"font-weight: 400;\"> Los controles regulares son esenciales para monitorear la salud ocular y el rendimiento de las lentes.<\/span><\/li><\/ul><p><span style=\"font-weight: 400;\">En The Eyes on Group, nos especializamos en ayudar a pacientes con necesidades especiales en lentes de contacto, ofreciendo atenci\u00f3n personalizada y soluciones avanzadas. Utilizando herramientas de diagn\u00f3stico de \u00faltima generaci\u00f3n, evaluamos con precisi\u00f3n condiciones complejas como astigmatismo, queratocono, ojos postquir\u00fargicos y s\u00edndrome del ojo seco. Nuestra experiencia en la adaptaci\u00f3n de lentes especiales, como t\u00f3ricas, esclerales, h\u00edbridas y dise\u00f1os personalizados, garantiza comodidad y visi\u00f3n \u00f3ptima. Con ajustes a medida y apoyo continuo, nos comprometemos a encontrar la soluci\u00f3n perfecta incluso para los casos m\u00e1s desafiantes.<\/span><\/p><\/div><p><a id=\"readMoreCataracts\" href=\"#\">Leer m\u00e1s<\/a><br \/><a id=\"readLessCataracts\" style=\"display: none;\" href=\"#\">leer menos<\/a><\/p>\t\t\t\t\t\t<\/div>\n\t\t\t\t<\/div>\n\t\t\t\t<div class=\"elementor-element elementor-element-4d197e8 elementor-align-left elementor-tablet-align-center elementor-widget elementor-widget-button\" data-id=\"4d197e8\" data-element_type=\"widget\" data-widget_type=\"button.default\">\n\t\t\t\t<div class=\"elementor-widget-container\">\n\t\t\t\t\t<div class=\"elementor-button-wrapper\">\n\t\t\t<a class=\"elementor-button elementor-button-link elementor-size-xl\" href=\"https:\/\/theeyesongroup.com\/es\/contact-us\/\">\n\t\t\t\t\t\t<span class=\"elementor-button-content-wrapper\">\n\t\t\t\t\t\t<span class=\"elementor-button-icon\">\n\t\t\t\t<i aria-hidden=\"true\" class=\"fas fa-angle-double-right\"><\/i>\t\t\t<\/span>\n\t\t\t\t\t\t\t\t\t<span class=\"elementor-button-text\">Cont\u00e1ctanos<\/span>\n\t\t\t\t\t<\/span>\n\t\t\t\t\t<\/a>\n\t\t<\/div>\n\t\t\t\t<\/div>\n\t\t\t\t<\/div>\n\t\t\t\t\t<\/div>\n\t\t<\/div>\n\t\t\t\t\t<\/div>\n\t\t<\/section>\n\t\t\t\t\t<\/div>\n\t\t<\/div>\n\t\t\t\t\t<\/div>\n\t\t<\/section>\n\t\t\t\t<\/div>\n\t\t","protected":false},"excerpt":{"rendered":"<p>Lentes de Contacto para Pacientes Dif\u00edciles de Adaptar Solicitar una Cita Programa tu cita de cuidado ocular en l\u00ednea en la ubicaci\u00f3n m\u00e1s cercana.Lentes de Contacto para Pacientes Dif\u00edciles de Adaptar Lentes especializados para personas con formas de ojos \u00fanicas o condiciones espec\u00edficas. \u00bfQui\u00e9nes Son los Pacientes Dif\u00edciles de Ajustar? Los pacientes pueden caer en [&hellip;]<\/p>\n","protected":false},"author":2,"featured_media":0,"parent":29326,"menu_order":0,"comment_status":"closed","ping_status":"closed","template":"page-templates\/template-full-width-page-without-header-title.php","meta":{"footnotes":""},"class_list":["post-30467","page","type-page","status-publish","hentry"],"yoast_head":"<!-- This site is optimized with the Yoast SEO plugin v23.8 - https:\/\/yoast.com\/wordpress\/plugins\/seo\/ -->\n<title>Lentes de Contacto para Pacientes Dif\u00edciles de Adaptar<\/title>\n<meta name=\"description\" content=\"Lentes de contacto para pacientes dif\u00edciles de ajustar en The Eyes On Group. Encuentra la soluci\u00f3n perfecta con nuestras opciones personalizadas y c\u00f3modas.\" \/>\n<meta name=\"robots\" content=\"index, follow, max-snippet:-1, max-image-preview:large, max-video-preview:-1\" \/>\n<link rel=\"canonical\" href=\"https:\/\/theeyesongroup.com\/es\/contact-lenses\/contact-lenses-for-the-hard-to-fit-patient\/\" \/>\n<meta property=\"og:locale\" content=\"es_ES\" \/>\n<meta property=\"og:type\" content=\"article\" \/>\n<meta property=\"og:title\" content=\"Lentes de Contacto para Pacientes Dif\u00edciles de Adaptar\" \/>\n<meta property=\"og:description\" content=\"Lentes de contacto para pacientes dif\u00edciles de ajustar en The Eyes On Group. Encuentra la soluci\u00f3n perfecta con nuestras opciones personalizadas y c\u00f3modas.\" \/>\n<meta property=\"og:url\" content=\"https:\/\/theeyesongroup.com\/es\/contact-lenses\/contact-lenses-for-the-hard-to-fit-patient\/\" \/>\n<meta property=\"og:site_name\" content=\"Eyes On\" \/>\n<meta property=\"article:modified_time\" content=\"2025-11-18T07:54:03+00:00\" \/>\n<meta name=\"twitter:card\" content=\"summary_large_image\" \/>\n<meta name=\"twitter:label1\" content=\"Tiempo de lectura\" \/>\n\t<meta name=\"twitter:data1\" content=\"2 minutos\" \/>\n<script type=\"application\/ld+json\" class=\"yoast-schema-graph\">{\"@context\":\"https:\/\/schema.org\",\"@graph\":[{\"@type\":\"WebPage\",\"@id\":\"https:\/\/theeyesongroup.com\/es\/contact-lenses\/contact-lenses-for-the-hard-to-fit-patient\/\",\"url\":\"https:\/\/theeyesongroup.com\/es\/contact-lenses\/contact-lenses-for-the-hard-to-fit-patient\/\",\"name\":\"Lentes de Contacto para Pacientes Dif\u00edciles de Adaptar\",\"isPartOf\":{\"@id\":\"https:\/\/theeyesongroup.com\/es\/#website\"},\"datePublished\":\"2024-12-04T10:44:06+00:00\",\"dateModified\":\"2025-11-18T07:54:03+00:00\",\"description\":\"Lentes de contacto para pacientes dif\u00edciles de ajustar en The Eyes On Group. Encuentra la soluci\u00f3n perfecta con nuestras opciones personalizadas y c\u00f3modas.\",\"breadcrumb\":{\"@id\":\"https:\/\/theeyesongroup.com\/es\/contact-lenses\/contact-lenses-for-the-hard-to-fit-patient\/#breadcrumb\"},\"inLanguage\":\"es\",\"potentialAction\":[{\"@type\":\"ReadAction\",\"target\":[\"https:\/\/theeyesongroup.com\/es\/contact-lenses\/contact-lenses-for-the-hard-to-fit-patient\/\"]}]},{\"@type\":\"BreadcrumbList\",\"@id\":\"https:\/\/theeyesongroup.com\/es\/contact-lenses\/contact-lenses-for-the-hard-to-fit-patient\/#breadcrumb\",\"itemListElement\":[{\"@type\":\"ListItem\",\"position\":1,\"name\":\"Home\",\"item\":\"https:\/\/theeyesongroup.com\/es\/\"},{\"@type\":\"ListItem\",\"position\":2,\"name\":\"Contact Lenses\",\"item\":\"https:\/\/theeyesongroup.com\/es\/contact-lenses\/\"},{\"@type\":\"ListItem\",\"position\":3,\"name\":\"Lentes de Contacto para Pacientes Dif\u00edciles de Adaptar\"}]},{\"@type\":\"WebSite\",\"@id\":\"https:\/\/theeyesongroup.com\/es\/#website\",\"url\":\"https:\/\/theeyesongroup.com\/es\/\",\"name\":\"Eyes On\",\"description\":\"\",\"publisher\":{\"@id\":\"https:\/\/theeyesongroup.com\/es\/#organization\"},\"potentialAction\":[{\"@type\":\"SearchAction\",\"target\":{\"@type\":\"EntryPoint\",\"urlTemplate\":\"https:\/\/theeyesongroup.com\/es\/?s={search_term_string}\"},\"query-input\":{\"@type\":\"PropertyValueSpecification\",\"valueRequired\":true,\"valueName\":\"search_term_string\"}}],\"inLanguage\":\"es\"},{\"@type\":\"Organization\",\"@id\":\"https:\/\/theeyesongroup.com\/es\/#organization\",\"name\":\"Eyes On\",\"url\":\"https:\/\/theeyesongroup.com\/es\/\",\"logo\":{\"@type\":\"ImageObject\",\"inLanguage\":\"es\",\"@id\":\"https:\/\/theeyesongroup.com\/es\/#\/schema\/logo\/image\/\",\"url\":\"https:\/\/theeyesongroup.com\/wp-content\/uploads\/2024\/12\/website-header-logo.png\",\"contentUrl\":\"https:\/\/theeyesongroup.com\/wp-content\/uploads\/2024\/12\/website-header-logo.png\",\"width\":842,\"height\":304,\"caption\":\"Eyes On\"},\"image\":{\"@id\":\"https:\/\/theeyesongroup.com\/es\/#\/schema\/logo\/image\/\"}}]}<\/script>\n<!-- \/ Yoast SEO plugin. -->","yoast_head_json":{"title":"Lentes de Contacto para Pacientes Dif\u00edciles de Adaptar","description":"Lentes de contacto para pacientes dif\u00edciles de ajustar en The Eyes On Group. Encuentra la soluci\u00f3n perfecta con nuestras opciones personalizadas y c\u00f3modas.","robots":{"index":"index","follow":"follow","max-snippet":"max-snippet:-1","max-image-preview":"max-image-preview:large","max-video-preview":"max-video-preview:-1"},"canonical":"https:\/\/theeyesongroup.com\/es\/contact-lenses\/contact-lenses-for-the-hard-to-fit-patient\/","og_locale":"es_ES","og_type":"article","og_title":"Lentes de Contacto para Pacientes Dif\u00edciles de Adaptar","og_description":"Lentes de contacto para pacientes dif\u00edciles de ajustar en The Eyes On Group. Encuentra la soluci\u00f3n perfecta con nuestras opciones personalizadas y c\u00f3modas.","og_url":"https:\/\/theeyesongroup.com\/es\/contact-lenses\/contact-lenses-for-the-hard-to-fit-patient\/","og_site_name":"Eyes On","article_modified_time":"2025-11-18T07:54:03+00:00","twitter_card":"summary_large_image","twitter_misc":{"Tiempo de lectura":"2 minutos"},"schema":{"@context":"https:\/\/schema.org","@graph":[{"@type":"WebPage","@id":"https:\/\/theeyesongroup.com\/es\/contact-lenses\/contact-lenses-for-the-hard-to-fit-patient\/","url":"https:\/\/theeyesongroup.com\/es\/contact-lenses\/contact-lenses-for-the-hard-to-fit-patient\/","name":"Lentes de Contacto para Pacientes Dif\u00edciles de Adaptar","isPartOf":{"@id":"https:\/\/theeyesongroup.com\/es\/#website"},"datePublished":"2024-12-04T10:44:06+00:00","dateModified":"2025-11-18T07:54:03+00:00","description":"Lentes de contacto para pacientes dif\u00edciles de ajustar en The Eyes On Group. Encuentra la soluci\u00f3n perfecta con nuestras opciones personalizadas y c\u00f3modas.","breadcrumb":{"@id":"https:\/\/theeyesongroup.com\/es\/contact-lenses\/contact-lenses-for-the-hard-to-fit-patient\/#breadcrumb"},"inLanguage":"es","potentialAction":[{"@type":"ReadAction","target":["https:\/\/theeyesongroup.com\/es\/contact-lenses\/contact-lenses-for-the-hard-to-fit-patient\/"]}]},{"@type":"BreadcrumbList","@id":"https:\/\/theeyesongroup.com\/es\/contact-lenses\/contact-lenses-for-the-hard-to-fit-patient\/#breadcrumb","itemListElement":[{"@type":"ListItem","position":1,"name":"Home","item":"https:\/\/theeyesongroup.com\/es\/"},{"@type":"ListItem","position":2,"name":"Contact Lenses","item":"https:\/\/theeyesongroup.com\/es\/contact-lenses\/"},{"@type":"ListItem","position":3,"name":"Lentes de Contacto para Pacientes Dif\u00edciles de Adaptar"}]},{"@type":"WebSite","@id":"https:\/\/theeyesongroup.com\/es\/#website","url":"https:\/\/theeyesongroup.com\/es\/","name":"Eyes On","description":"","publisher":{"@id":"https:\/\/theeyesongroup.com\/es\/#organization"},"potentialAction":[{"@type":"SearchAction","target":{"@type":"EntryPoint","urlTemplate":"https:\/\/theeyesongroup.com\/es\/?s={search_term_string}"},"query-input":{"@type":"PropertyValueSpecification","valueRequired":true,"valueName":"search_term_string"}}],"inLanguage":"es"},{"@type":"Organization","@id":"https:\/\/theeyesongroup.com\/es\/#organization","name":"Eyes On","url":"https:\/\/theeyesongroup.com\/es\/","logo":{"@type":"ImageObject","inLanguage":"es","@id":"https:\/\/theeyesongroup.com\/es\/#\/schema\/logo\/image\/","url":"https:\/\/theeyesongroup.com\/wp-content\/uploads\/2024\/12\/website-header-logo.png","contentUrl":"https:\/\/theeyesongroup.com\/wp-content\/uploads\/2024\/12\/website-header-logo.png","width":842,"height":304,"caption":"Eyes On"},"image":{"@id":"https:\/\/theeyesongroup.com\/es\/#\/schema\/logo\/image\/"}}]}},"_links":{"self":[{"href":"https:\/\/theeyesongroup.com\/es\/wp-json\/wp\/v2\/pages\/30467","targetHints":{"allow":["GET"]}}],"collection":[{"href":"https:\/\/theeyesongroup.com\/es\/wp-json\/wp\/v2\/pages"}],"about":[{"href":"https:\/\/theeyesongroup.com\/es\/wp-json\/wp\/v2\/types\/page"}],"author":[{"embeddable":true,"href":"https:\/\/theeyesongroup.com\/es\/wp-json\/wp\/v2\/users\/2"}],"replies":[{"embeddable":true,"href":"https:\/\/theeyesongroup.com\/es\/wp-json\/wp\/v2\/comments?post=30467"}],"version-history":[{"count":44,"href":"https:\/\/theeyesongroup.com\/es\/wp-json\/wp\/v2\/pages\/30467\/revisions"}],"predecessor-version":[{"id":39041,"href":"https:\/\/theeyesongroup.com\/es\/wp-json\/wp\/v2\/pages\/30467\/revisions\/39041"}],"up":[{"embeddable":true,"href":"https:\/\/theeyesongroup.com\/es\/wp-json\/wp\/v2\/pages\/29326"}],"wp:attachment":[{"href":"https:\/\/theeyesongroup.com\/es\/wp-json\/wp\/v2\/media?parent=30467"}],"curies":[{"name":"wp","href":"https:\/\/api.w.org\/{rel}","templated":true}]}}