{"id":30464,"date":"2024-12-04T10:44:10","date_gmt":"2024-12-04T10:44:10","guid":{"rendered":"https:\/\/theeyesongroup.com\/contact-lenses\/avoid-contact-lens-overuse\/"},"modified":"2025-11-18T06:35:34","modified_gmt":"2025-11-18T06:35:34","slug":"avoid-contact-lens-overuse","status":"publish","type":"page","link":"https:\/\/theeyesongroup.com\/es\/contact-lenses\/avoid-contact-lens-overuse\/","title":{"rendered":"\u00a1Evita el uso excesivo de lentes de contacto!"},"content":{"rendered":"\t\t<div data-elementor-type=\"wp-page\" data-elementor-id=\"30464\" class=\"elementor elementor-30464 elementor-30404\">\n\t\t\t\t\t\t<section class=\"elementor-section elementor-top-section elementor-element elementor-element-4030b8d elementor-section-boxed elementor-section-height-default elementor-section-height-default\" data-id=\"4030b8d\" data-element_type=\"section\" data-settings=\"{&quot;background_background&quot;:&quot;classic&quot;}\">\n\t\t\t\t\t\t\t<div class=\"elementor-background-overlay\"><\/div>\n\t\t\t\t\t\t\t<div class=\"elementor-container elementor-column-gap-default\">\n\t\t\t\t\t<div class=\"elementor-column elementor-col-100 elementor-top-column elementor-element elementor-element-0c88a02\" data-id=\"0c88a02\" data-element_type=\"column\">\n\t\t\t<div class=\"elementor-widget-wrap elementor-element-populated\">\n\t\t\t\t\t\t<section class=\"elementor-section elementor-inner-section elementor-element elementor-element-eb161f4 elementor-section-boxed elementor-section-height-default elementor-section-height-default elementor-invisible\" data-id=\"eb161f4\" data-element_type=\"section\" data-settings=\"{&quot;animation&quot;:&quot;fadeIn&quot;,&quot;animation_delay&quot;:100}\">\n\t\t\t\t\t\t<div class=\"elementor-container elementor-column-gap-default\">\n\t\t\t\t\t<div class=\"elementor-column elementor-col-100 elementor-inner-column elementor-element elementor-element-31b27fa\" data-id=\"31b27fa\" data-element_type=\"column\">\n\t\t\t<div class=\"elementor-widget-wrap elementor-element-populated\">\n\t\t\t\t\t\t<div class=\"elementor-element elementor-element-199d14a elementor-widget elementor-widget-heading\" data-id=\"199d14a\" data-element_type=\"widget\" data-widget_type=\"heading.default\">\n\t\t\t\t<div class=\"elementor-widget-container\">\n\t\t\t<style>\/*! elementor - v3.23.0 - 05-08-2024 *\/\n.elementor-heading-title{padding:0;margin:0;line-height:1}.elementor-widget-heading .elementor-heading-title[class*=elementor-size-]>a{color:inherit;font-size:inherit;line-height:inherit}.elementor-widget-heading .elementor-heading-title.elementor-size-small{font-size:15px}.elementor-widget-heading .elementor-heading-title.elementor-size-medium{font-size:19px}.elementor-widget-heading .elementor-heading-title.elementor-size-large{font-size:29px}.elementor-widget-heading .elementor-heading-title.elementor-size-xl{font-size:39px}.elementor-widget-heading .elementor-heading-title.elementor-size-xxl{font-size:59px}<\/style><h1 class=\"elementor-heading-title elementor-size-default\">\u00a1Evita el uso excesivo de lentes de contacto!<\/h1>\t\t<\/div>\n\t\t\t\t<\/div>\n\t\t\t\t\t<\/div>\n\t\t<\/div>\n\t\t\t\t\t<\/div>\n\t\t<\/section>\n\t\t\t\t\t<\/div>\n\t\t<\/div>\n\t\t\t\t\t<\/div>\n\t\t<\/section>\n\t\t\t\t<section class=\"elementor-section elementor-top-section elementor-element elementor-element-f1a868c elementor-section-full_width elementor-section-height-default elementor-section-height-default\" data-id=\"f1a868c\" data-element_type=\"section\" data-settings=\"{&quot;background_background&quot;:&quot;classic&quot;}\">\n\t\t\t\t\t\t\t<div class=\"elementor-background-overlay\"><\/div>\n\t\t\t\t\t\t\t<div class=\"elementor-container elementor-column-gap-default\">\n\t\t\t\t\t<div class=\"elementor-column elementor-col-100 elementor-top-column elementor-element elementor-element-c019f6f\" data-id=\"c019f6f\" data-element_type=\"column\">\n\t\t\t<div class=\"elementor-widget-wrap elementor-element-populated\">\n\t\t\t\t\t\t<section class=\"elementor-section elementor-inner-section elementor-element elementor-element-814c9d6 elementor-section-boxed elementor-section-height-default elementor-section-height-default\" data-id=\"814c9d6\" data-element_type=\"section\">\n\t\t\t\t\t\t<div class=\"elementor-container elementor-column-gap-default\">\n\t\t\t\t\t<div class=\"elementor-column elementor-col-50 elementor-inner-column elementor-element elementor-element-ef23293\" data-id=\"ef23293\" data-element_type=\"column\" data-settings=\"{&quot;background_background&quot;:&quot;classic&quot;}\">\n\t\t\t<div class=\"elementor-widget-wrap elementor-element-populated\">\n\t\t\t\t\t\t<div class=\"elementor-element elementor-element-a2ec3a5 elementor-widget elementor-widget-text-editor\" data-id=\"a2ec3a5\" data-element_type=\"widget\" data-widget_type=\"text-editor.default\">\n\t\t\t\t<div class=\"elementor-widget-container\">\n\t\t\t<style>\/*! elementor - v3.23.0 - 05-08-2024 *\/\n.elementor-widget-text-editor.elementor-drop-cap-view-stacked .elementor-drop-cap{background-color:#69727d;color:#fff}.elementor-widget-text-editor.elementor-drop-cap-view-framed .elementor-drop-cap{color:#69727d;border:3px solid;background-color:transparent}.elementor-widget-text-editor:not(.elementor-drop-cap-view-default) .elementor-drop-cap{margin-top:8px}.elementor-widget-text-editor:not(.elementor-drop-cap-view-default) .elementor-drop-cap-letter{width:1em;height:1em}.elementor-widget-text-editor .elementor-drop-cap{float:left;text-align:center;line-height:1;font-size:50px}.elementor-widget-text-editor .elementor-drop-cap-letter{display:inline-block}<\/style>\t\t\t\t<p>Solicitar una <span style=\"color: #4268d2;\">Cita<\/span><\/p>\t\t\t\t\t\t<\/div>\n\t\t\t\t<\/div>\n\t\t\t\t<div class=\"elementor-element elementor-element-ea4ec54 elementor-widget elementor-widget-text-editor\" data-id=\"ea4ec54\" data-element_type=\"widget\" data-widget_type=\"text-editor.default\">\n\t\t\t\t<div class=\"elementor-widget-container\">\n\t\t\t\t\t\t\t<span style=\"font-weight: 400;\">Programa tu cita de cuidado ocular en l\u00ednea en la ubicaci\u00f3n m\u00e1s cercana.<\/span>\t\t\t\t\t\t<\/div>\n\t\t\t\t<\/div>\n\t\t\t\t<div class=\"elementor-element elementor-element-902165b appointment-form elementor-widget elementor-widget-shortcode\" data-id=\"902165b\" data-element_type=\"widget\" data-widget_type=\"shortcode.default\">\n\t\t\t\t<div class=\"elementor-widget-container\">\n\t\t\t\t\t<div class=\"elementor-shortcode\">\n<div class=\"wpcf7 no-js\" id=\"wpcf7-f29310-o1\" lang=\"es-ES\" dir=\"ltr\">\n<div class=\"screen-reader-response\"><p role=\"status\" aria-live=\"polite\" aria-atomic=\"true\"><\/p> <ul><\/ul><\/div>\n<form action=\"\/es\/wp-json\/wp\/v2\/pages\/30464#wpcf7-f29310-o1\" method=\"post\" class=\"wpcf7-form init\" aria-label=\"Formulario de contacto\" novalidate=\"novalidate\" data-status=\"init\">\n<div style=\"display: none;\">\n<input type=\"hidden\" name=\"_wpcf7\" value=\"29310\" \/>\n<input type=\"hidden\" name=\"_wpcf7_version\" value=\"5.9.8\" \/>\n<input type=\"hidden\" name=\"_wpcf7_locale\" value=\"es_ES\" \/>\n<input type=\"hidden\" name=\"_wpcf7_unit_tag\" value=\"wpcf7-f29310-o1\" \/>\n<input type=\"hidden\" name=\"_wpcf7_container_post\" value=\"0\" \/>\n<input type=\"hidden\" name=\"_wpcf7_posted_data_hash\" value=\"\" \/>\n<input type=\"hidden\" name=\"_wpcf7_recaptcha_response\" value=\"\" \/>\n<\/div>\n<p><label> Nombre y Apellido<br \/>\n<span class=\"wpcf7-form-control-wrap\" data-name=\"your-name\"><input size=\"40\" maxlength=\"400\" class=\"wpcf7-form-control wpcf7-text wpcf7-validates-as-required\" autocomplete=\"name\" aria-required=\"true\" aria-invalid=\"false\" value=\"\" type=\"text\" name=\"your-name\" \/><\/span> <\/label>\n<\/p>\n<p><label> Correo Electr\u00f3nico<br \/>\n<span class=\"wpcf7-form-control-wrap\" data-name=\"your-email\"><input size=\"40\" maxlength=\"400\" class=\"wpcf7-form-control wpcf7-email wpcf7-validates-as-required wpcf7-text wpcf7-validates-as-email\" autocomplete=\"email\" aria-required=\"true\" aria-invalid=\"false\" value=\"\" type=\"email\" name=\"your-email\" \/><\/span> <\/label>\n<\/p>\n<p><label> Tel\u00e9fono m\u00f3vil<br \/>\n<span class=\"wpcf7-form-control-wrap\" data-name=\"your-phone\"><input size=\"40\" maxlength=\"400\" class=\"wpcf7-form-control wpcf7-tel wpcf7-validates-as-required wpcf7-text wpcf7-validates-as-tel\" aria-required=\"true\" aria-invalid=\"false\" value=\"\" type=\"tel\" name=\"your-phone\" \/><\/span> <\/label>\n<\/p>\n<p><label> Tipo de Paciente<br \/>\n<span class=\"wpcf7-form-control-wrap\" data-name=\"patient-type\"><select class=\"wpcf7-form-control wpcf7-select wpcf7-validates-as-required\" aria-required=\"true\" aria-invalid=\"false\" name=\"patient-type\"><option value=\"\">&#8212;Por favor, elige una opci\u00f3n&#8212;<\/option><option value=\"Paciente Nuevo\">Paciente Nuevo<\/option><option value=\"Paciente Establecido\">Paciente Establecido<\/option><\/select><\/span> <\/label>\n<\/p>\n<p><label> Seleccionar Ubicaci\u00f3n<br \/>\n<span class=\"wpcf7-form-control-wrap\" data-name=\"your-location\"><select class=\"wpcf7-form-control wpcf7-select wpcf7-validates-as-required\" aria-required=\"true\" aria-invalid=\"false\" name=\"your-location\"><option value=\"\">&#8212;Por favor, elige una opci\u00f3n&#8212;<\/option><option value=\"Worcester\">Worcester<\/option><option value=\"Randolph\">Randolph<\/option><option value=\"Lincoln\">Lincoln<\/option><option value=\"Cranston\">Cranston<\/option><\/select><\/span> <\/label>\n<\/p>\n<p><input class=\"wpcf7-form-control wpcf7-submit has-spinner\" type=\"submit\" value=\"Reserva Ahora\" \/>\n<\/p><div class=\"wpcf7-response-output\" aria-hidden=\"true\"><\/div>\n<\/form>\n<\/div>\n<\/div>\n\t\t\t\t<\/div>\n\t\t\t\t<\/div>\n\t\t\t\t\t<\/div>\n\t\t<\/div>\n\t\t\t\t<div class=\"elementor-column elementor-col-50 elementor-inner-column elementor-element elementor-element-fbe3e97 elementor-invisible\" data-id=\"fbe3e97\" data-element_type=\"column\" data-settings=\"{&quot;animation&quot;:&quot;fadeIn&quot;,&quot;animation_delay&quot;:0}\">\n\t\t\t<div class=\"elementor-widget-wrap elementor-element-populated\">\n\t\t\t\t\t\t<div class=\"elementor-element elementor-element-c0b78cf elementor-widget-mobile__width-inherit elementor-widget elementor-widget-text-editor\" data-id=\"c0b78cf\" data-element_type=\"widget\" data-widget_type=\"text-editor.default\">\n\t\t\t\t<div class=\"elementor-widget-container\">\n\t\t\t\t\t\t\t<p><span style=\"color: #4268d2;\">\u00a1Evita <\/span> el uso excesivo de lentes de contacto!<\/p>\t\t\t\t\t\t<\/div>\n\t\t\t\t<\/div>\n\t\t\t\t<div class=\"elementor-element elementor-element-c84ebfe elementor-widget elementor-widget-text-editor\" data-id=\"c84ebfe\" data-element_type=\"widget\" data-widget_type=\"text-editor.default\">\n\t\t\t\t<div class=\"elementor-widget-container\">\n\t\t\t\t\t\t\t<p>Usar lentes de contacto durante demasiado tiempo puede causar molestias y problemas de salud ocular. Aprende los horarios adecuados de uso de lentes y las t\u00e9cnicas de cuidado para mantener tus ojos saludables y c\u00f3modos.<\/p><p>El uso excesivo de lentes de contacto, ya sea us\u00e1ndolas durante demasiadas horas, extendiendo su uso m\u00e1s all\u00e1 del horario de reemplazo recomendado o durmiendo con lentes que no est\u00e1n dise\u00f1adas para su uso nocturno, puede provocar problemas graves de salud ocular. Aqu\u00ed tienes un vistazo detallado a los posibles riesgos:<\/p><ol><li><b> Infecciones Oculares<\/b><\/li><\/ol><ul><li style=\"list-style-type: none;\"><ul><li style=\"font-weight: 400;\" aria-level=\"1\"><b>Queratitis:<\/b><span style=\"font-weight: 400;\"> Inflamaci\u00f3n o infecci\u00f3n de la c\u00f3rnea, a menudo causada por bacterias, hongos u otros pat\u00f3genos que pueden proliferar en el entorno de las lentes de contacto.<\/span><\/li><\/ul><\/li><\/ul><div id=\"moreCataracts\" style=\"display: none;\"><ol start=\"2\"><li><b> Hipoxia (Falta de Ox\u00edgeno)<\/b><b><br \/><\/b><span style=\"font-weight: 400;\">Las lentes de contacto, especialmente los dise\u00f1os m\u00e1s antiguos, pueden reducir la cantidad de ox\u00edgeno que llega a la c\u00f3rnea. El uso prolongado puede agravar esto, provocando s\u00edntomas como enrojecimiento, incomodidad y visi\u00f3n borrosa.<\/span><span style=\"font-weight: 400;\"><br \/><\/span><span style=\"font-weight: 400;\">La hipoxia cr\u00f3nica puede causar hinchaz\u00f3n de la c\u00f3rnea, neovascularizaci\u00f3n (crecimiento anormal de vasos sangu\u00edneos en la c\u00f3rnea) y da\u00f1o a largo plazo.<\/span><\/li><li><b> S\u00edndrome de Ojo Seco<\/b><b><br \/><\/b><span style=\"font-weight: 400;\">El uso excesivo de lentes de contacto puede empeorar o contribuir al s\u00edndrome de ojo seco, causando incomodidad, irritaci\u00f3n y visi\u00f3n borrosa.<\/span><span style=\"font-weight: 400;\"><br \/><\/span><span style=\"font-weight: 400;\">Las lentes pueden interrumpir la pel\u00edcula lagrimal natural, lo que lleva a una lubricaci\u00f3n ocular insuficiente.<\/span><\/li><li><b> Abrasiones Corneales<\/b><b><br \/><\/b><span style=\"font-weight: 400;\">El uso excesivo de lentes puede irritar la superficie del ojo, lo que provoca peque\u00f1os rasgu\u00f1os o abrasiones en la c\u00f3rnea.<\/span><span style=\"font-weight: 400;\"><br \/><\/span><span style=\"font-weight: 400;\">Las abrasiones aumentan la susceptibilidad a infecciones e incomodidad.<\/span><\/li><li><b> Reacciones Al\u00e9rgicas<\/b><b><br \/><\/b><span style=\"font-weight: 400;\">El uso prolongado de lentes puede causar la acumulaci\u00f3n de prote\u00ednas, l\u00edpidos y al\u00e9rgenos en las lentes, lo que desencadena reacciones al\u00e9rgicas como enrojecimiento, picaz\u00f3n e hinchaz\u00f3n.<\/span><\/li><li><b> Conjuntivitis Papilar Gigante (CPG)<\/b><b><br \/><\/b><span style=\"font-weight: 400;\">El uso excesivo de lentes de contacto puede provocar inflamaci\u00f3n de los p\u00e1rpados internos, caracterizada por grandes bultos (papilas) e incomodidad, especialmente con el uso de lentes.<\/span><\/li><li><b> Da\u00f1os a Largo Plazo<\/b><b><br \/><\/b><span style=\"font-weight: 400;\">El uso indebido continuo puede resultar en cambios estructurales en la c\u00f3rnea o cicatrices, lo que podr\u00eda afectar la visi\u00f3n de forma permanente.<\/span><span style=\"font-weight: 400;\"><br \/><\/span><span style=\"font-weight: 400;\">La inflamaci\u00f3n e irritaci\u00f3n cr\u00f3nica pueden llevar a una menor tolerancia al uso de lentes de contacto.<\/span><\/li><\/ol><p><b>C\u00f3mo Prevenir los Riesgos Relacionados con el Uso Excesivo<\/b><\/p><ul><li style=\"font-weight: 400;\" aria-level=\"1\"><span style=\"font-weight: 400;\">Sigue las pautas de tu optometrista para el uso y reemplazo de las lentes.<\/span><\/li><li style=\"font-weight: 400;\" aria-level=\"1\"><span style=\"font-weight: 400;\">Utiliza las soluciones de cuidado de lentes adecuadas y mant\u00e9n una higiene adecuada.<\/span><\/li><li style=\"font-weight: 400;\" aria-level=\"1\"><span style=\"font-weight: 400;\">Nunca duermas con lentes, a menos que est\u00e9n espec\u00edficamente dise\u00f1adas para uso nocturno.<\/span><\/li><li style=\"font-weight: 400;\" aria-level=\"1\"><span style=\"font-weight: 400;\">Dale descansos regulares a tus ojos cambiando a gafas siempre que sea posible.<\/span><\/li><li style=\"font-weight: 400;\" aria-level=\"1\"><span style=\"font-weight: 400;\">Programa ex\u00e1menes oculares regulares para monitorear la salud ocular y el ajuste de las lentes.<\/span><\/li><\/ul><p><span style=\"font-weight: 400;\">Siguiendo las pr\u00e1cticas adecuadas para el uso de lentes de contacto, puedes reducir significativamente el riesgo de complicaciones y mantener una salud ocular a largo plazo.<\/span><\/p><\/div><p><a id=\"readMoreCataracts\" href=\"#\">Leer m\u00e1s<\/a><br \/><a id=\"readLessCataracts\" style=\"display: none;\" href=\"#\">leer menos<\/a><\/p>\t\t\t\t\t\t<\/div>\n\t\t\t\t<\/div>\n\t\t\t\t<div class=\"elementor-element elementor-element-4d197e8 elementor-align-left elementor-tablet-align-center elementor-widget elementor-widget-button\" data-id=\"4d197e8\" data-element_type=\"widget\" data-widget_type=\"button.default\">\n\t\t\t\t<div class=\"elementor-widget-container\">\n\t\t\t\t\t<div class=\"elementor-button-wrapper\">\n\t\t\t<a class=\"elementor-button elementor-button-link elementor-size-xl\" href=\"https:\/\/theeyesongroup.com\/es\/contact-us\/\">\n\t\t\t\t\t\t<span class=\"elementor-button-content-wrapper\">\n\t\t\t\t\t\t<span class=\"elementor-button-icon\">\n\t\t\t\t<i aria-hidden=\"true\" class=\"fas fa-angle-double-right\"><\/i>\t\t\t<\/span>\n\t\t\t\t\t\t\t\t\t<span class=\"elementor-button-text\">Cont\u00e1ctanos<\/span>\n\t\t\t\t\t<\/span>\n\t\t\t\t\t<\/a>\n\t\t<\/div>\n\t\t\t\t<\/div>\n\t\t\t\t<\/div>\n\t\t\t\t\t<\/div>\n\t\t<\/div>\n\t\t\t\t\t<\/div>\n\t\t<\/section>\n\t\t\t\t\t<\/div>\n\t\t<\/div>\n\t\t\t\t\t<\/div>\n\t\t<\/section>\n\t\t\t\t<\/div>\n\t\t","protected":false},"excerpt":{"rendered":"<p>\u00a1Evita el uso excesivo de lentes de contacto! Solicitar una Cita Programa tu cita de cuidado ocular en l\u00ednea en la ubicaci\u00f3n m\u00e1s cercana. \u00a1Evita el uso excesivo de lentes de contacto! Usar lentes de contacto durante demasiado tiempo puede causar molestias y problemas de salud ocular. Aprende los horarios adecuados de uso de lentes [&hellip;]<\/p>\n","protected":false},"author":2,"featured_media":0,"parent":29326,"menu_order":0,"comment_status":"closed","ping_status":"closed","template":"page-templates\/template-full-width-page-without-header-title.php","meta":{"footnotes":""},"class_list":["post-30464","page","type-page","status-publish","hentry"],"yoast_head":"<!-- This site is optimized with the Yoast SEO plugin v23.8 - https:\/\/yoast.com\/wordpress\/plugins\/seo\/ -->\n<title>Evita el Uso Excesivo de Lentes de Contacto | Eyes on Group<\/title>\n<meta name=\"description\" content=\"Evita el sobreuso de lentes de contacto con consejos expertos de The Eyes on Group en Worcester, Randolph, Lincoln &amp; Cranston.\" \/>\n<meta name=\"robots\" content=\"index, follow, max-snippet:-1, max-image-preview:large, max-video-preview:-1\" \/>\n<link rel=\"canonical\" href=\"https:\/\/theeyesongroup.com\/es\/contact-lenses\/avoid-contact-lens-overuse\/\" \/>\n<meta property=\"og:locale\" content=\"es_ES\" \/>\n<meta property=\"og:type\" content=\"article\" \/>\n<meta property=\"og:title\" content=\"Evita el Uso Excesivo de Lentes de Contacto | Eyes on Group\" \/>\n<meta property=\"og:description\" content=\"Evita el sobreuso de lentes de contacto con consejos expertos de The Eyes on Group en Worcester, Randolph, Lincoln &amp; Cranston.\" \/>\n<meta property=\"og:url\" content=\"https:\/\/theeyesongroup.com\/es\/contact-lenses\/avoid-contact-lens-overuse\/\" \/>\n<meta property=\"og:site_name\" content=\"Eyes On\" \/>\n<meta property=\"article:modified_time\" content=\"2025-11-18T06:35:34+00:00\" \/>\n<meta name=\"twitter:card\" content=\"summary_large_image\" \/>\n<meta name=\"twitter:label1\" content=\"Tiempo de lectura\" \/>\n\t<meta name=\"twitter:data1\" content=\"3 minutos\" \/>\n<script type=\"application\/ld+json\" class=\"yoast-schema-graph\">{\"@context\":\"https:\/\/schema.org\",\"@graph\":[{\"@type\":\"WebPage\",\"@id\":\"https:\/\/theeyesongroup.com\/es\/contact-lenses\/avoid-contact-lens-overuse\/\",\"url\":\"https:\/\/theeyesongroup.com\/es\/contact-lenses\/avoid-contact-lens-overuse\/\",\"name\":\"Evita el Uso Excesivo de Lentes de Contacto | Eyes on Group\",\"isPartOf\":{\"@id\":\"https:\/\/theeyesongroup.com\/es\/#website\"},\"datePublished\":\"2024-12-04T10:44:10+00:00\",\"dateModified\":\"2025-11-18T06:35:34+00:00\",\"description\":\"Evita el sobreuso de lentes de contacto con consejos expertos de The Eyes on Group en Worcester, Randolph, Lincoln & Cranston.\",\"breadcrumb\":{\"@id\":\"https:\/\/theeyesongroup.com\/es\/contact-lenses\/avoid-contact-lens-overuse\/#breadcrumb\"},\"inLanguage\":\"es\",\"potentialAction\":[{\"@type\":\"ReadAction\",\"target\":[\"https:\/\/theeyesongroup.com\/es\/contact-lenses\/avoid-contact-lens-overuse\/\"]}]},{\"@type\":\"BreadcrumbList\",\"@id\":\"https:\/\/theeyesongroup.com\/es\/contact-lenses\/avoid-contact-lens-overuse\/#breadcrumb\",\"itemListElement\":[{\"@type\":\"ListItem\",\"position\":1,\"name\":\"Home\",\"item\":\"https:\/\/theeyesongroup.com\/es\/\"},{\"@type\":\"ListItem\",\"position\":2,\"name\":\"Contact Lenses\",\"item\":\"https:\/\/theeyesongroup.com\/es\/contact-lenses\/\"},{\"@type\":\"ListItem\",\"position\":3,\"name\":\"\u00a1Evita el uso excesivo de lentes de contacto!\"}]},{\"@type\":\"WebSite\",\"@id\":\"https:\/\/theeyesongroup.com\/es\/#website\",\"url\":\"https:\/\/theeyesongroup.com\/es\/\",\"name\":\"Eyes On\",\"description\":\"\",\"publisher\":{\"@id\":\"https:\/\/theeyesongroup.com\/es\/#organization\"},\"potentialAction\":[{\"@type\":\"SearchAction\",\"target\":{\"@type\":\"EntryPoint\",\"urlTemplate\":\"https:\/\/theeyesongroup.com\/es\/?s={search_term_string}\"},\"query-input\":{\"@type\":\"PropertyValueSpecification\",\"valueRequired\":true,\"valueName\":\"search_term_string\"}}],\"inLanguage\":\"es\"},{\"@type\":\"Organization\",\"@id\":\"https:\/\/theeyesongroup.com\/es\/#organization\",\"name\":\"Eyes On\",\"url\":\"https:\/\/theeyesongroup.com\/es\/\",\"logo\":{\"@type\":\"ImageObject\",\"inLanguage\":\"es\",\"@id\":\"https:\/\/theeyesongroup.com\/es\/#\/schema\/logo\/image\/\",\"url\":\"https:\/\/theeyesongroup.com\/wp-content\/uploads\/2024\/12\/website-header-logo.png\",\"contentUrl\":\"https:\/\/theeyesongroup.com\/wp-content\/uploads\/2024\/12\/website-header-logo.png\",\"width\":842,\"height\":304,\"caption\":\"Eyes On\"},\"image\":{\"@id\":\"https:\/\/theeyesongroup.com\/es\/#\/schema\/logo\/image\/\"}}]}<\/script>\n<!-- \/ Yoast SEO plugin. -->","yoast_head_json":{"title":"Evita el Uso Excesivo de Lentes de Contacto | Eyes on Group","description":"Evita el sobreuso de lentes de contacto con consejos expertos de The Eyes on Group en Worcester, Randolph, Lincoln & Cranston.","robots":{"index":"index","follow":"follow","max-snippet":"max-snippet:-1","max-image-preview":"max-image-preview:large","max-video-preview":"max-video-preview:-1"},"canonical":"https:\/\/theeyesongroup.com\/es\/contact-lenses\/avoid-contact-lens-overuse\/","og_locale":"es_ES","og_type":"article","og_title":"Evita el Uso Excesivo de Lentes de Contacto | Eyes on Group","og_description":"Evita el sobreuso de lentes de contacto con consejos expertos de The Eyes on Group en Worcester, Randolph, Lincoln & Cranston.","og_url":"https:\/\/theeyesongroup.com\/es\/contact-lenses\/avoid-contact-lens-overuse\/","og_site_name":"Eyes On","article_modified_time":"2025-11-18T06:35:34+00:00","twitter_card":"summary_large_image","twitter_misc":{"Tiempo de lectura":"3 minutos"},"schema":{"@context":"https:\/\/schema.org","@graph":[{"@type":"WebPage","@id":"https:\/\/theeyesongroup.com\/es\/contact-lenses\/avoid-contact-lens-overuse\/","url":"https:\/\/theeyesongroup.com\/es\/contact-lenses\/avoid-contact-lens-overuse\/","name":"Evita el Uso Excesivo de Lentes de Contacto | Eyes on Group","isPartOf":{"@id":"https:\/\/theeyesongroup.com\/es\/#website"},"datePublished":"2024-12-04T10:44:10+00:00","dateModified":"2025-11-18T06:35:34+00:00","description":"Evita el sobreuso de lentes de contacto con consejos expertos de The Eyes on Group en Worcester, Randolph, Lincoln & Cranston.","breadcrumb":{"@id":"https:\/\/theeyesongroup.com\/es\/contact-lenses\/avoid-contact-lens-overuse\/#breadcrumb"},"inLanguage":"es","potentialAction":[{"@type":"ReadAction","target":["https:\/\/theeyesongroup.com\/es\/contact-lenses\/avoid-contact-lens-overuse\/"]}]},{"@type":"BreadcrumbList","@id":"https:\/\/theeyesongroup.com\/es\/contact-lenses\/avoid-contact-lens-overuse\/#breadcrumb","itemListElement":[{"@type":"ListItem","position":1,"name":"Home","item":"https:\/\/theeyesongroup.com\/es\/"},{"@type":"ListItem","position":2,"name":"Contact Lenses","item":"https:\/\/theeyesongroup.com\/es\/contact-lenses\/"},{"@type":"ListItem","position":3,"name":"\u00a1Evita el uso excesivo de lentes de contacto!"}]},{"@type":"WebSite","@id":"https:\/\/theeyesongroup.com\/es\/#website","url":"https:\/\/theeyesongroup.com\/es\/","name":"Eyes On","description":"","publisher":{"@id":"https:\/\/theeyesongroup.com\/es\/#organization"},"potentialAction":[{"@type":"SearchAction","target":{"@type":"EntryPoint","urlTemplate":"https:\/\/theeyesongroup.com\/es\/?s={search_term_string}"},"query-input":{"@type":"PropertyValueSpecification","valueRequired":true,"valueName":"search_term_string"}}],"inLanguage":"es"},{"@type":"Organization","@id":"https:\/\/theeyesongroup.com\/es\/#organization","name":"Eyes On","url":"https:\/\/theeyesongroup.com\/es\/","logo":{"@type":"ImageObject","inLanguage":"es","@id":"https:\/\/theeyesongroup.com\/es\/#\/schema\/logo\/image\/","url":"https:\/\/theeyesongroup.com\/wp-content\/uploads\/2024\/12\/website-header-logo.png","contentUrl":"https:\/\/theeyesongroup.com\/wp-content\/uploads\/2024\/12\/website-header-logo.png","width":842,"height":304,"caption":"Eyes On"},"image":{"@id":"https:\/\/theeyesongroup.com\/es\/#\/schema\/logo\/image\/"}}]}},"_links":{"self":[{"href":"https:\/\/theeyesongroup.com\/es\/wp-json\/wp\/v2\/pages\/30464","targetHints":{"allow":["GET"]}}],"collection":[{"href":"https:\/\/theeyesongroup.com\/es\/wp-json\/wp\/v2\/pages"}],"about":[{"href":"https:\/\/theeyesongroup.com\/es\/wp-json\/wp\/v2\/types\/page"}],"author":[{"embeddable":true,"href":"https:\/\/theeyesongroup.com\/es\/wp-json\/wp\/v2\/users\/2"}],"replies":[{"embeddable":true,"href":"https:\/\/theeyesongroup.com\/es\/wp-json\/wp\/v2\/comments?post=30464"}],"version-history":[{"count":45,"href":"https:\/\/theeyesongroup.com\/es\/wp-json\/wp\/v2\/pages\/30464\/revisions"}],"predecessor-version":[{"id":38957,"href":"https:\/\/theeyesongroup.com\/es\/wp-json\/wp\/v2\/pages\/30464\/revisions\/38957"}],"up":[{"embeddable":true,"href":"https:\/\/theeyesongroup.com\/es\/wp-json\/wp\/v2\/pages\/29326"}],"wp:attachment":[{"href":"https:\/\/theeyesongroup.com\/es\/wp-json\/wp\/v2\/media?parent=30464"}],"curies":[{"name":"wp","href":"https:\/\/api.w.org\/{rel}","templated":true}]}}