{"id":30461,"date":"2024-12-04T11:01:46","date_gmt":"2024-12-04T11:01:46","guid":{"rendered":"https:\/\/theeyesongroup.com\/contact-lenses\/eye-exam-for-contact-lenses\/"},"modified":"2025-11-18T10:04:10","modified_gmt":"2025-11-18T10:04:10","slug":"eye-exam-for-contact-lenses","status":"publish","type":"page","link":"https:\/\/theeyesongroup.com\/es\/contact-lenses\/eye-exam-for-contact-lenses\/","title":{"rendered":"Ex\u00e1menes para Lentes de Contacto"},"content":{"rendered":"\t\t<div data-elementor-type=\"wp-page\" data-elementor-id=\"30461\" class=\"elementor elementor-30461 elementor-30420\">\n\t\t\t\t\t\t<section class=\"elementor-section elementor-top-section elementor-element elementor-element-4030b8d elementor-section-boxed elementor-section-height-default elementor-section-height-default\" data-id=\"4030b8d\" data-element_type=\"section\" data-settings=\"{&quot;background_background&quot;:&quot;classic&quot;}\">\n\t\t\t\t\t\t\t<div class=\"elementor-background-overlay\"><\/div>\n\t\t\t\t\t\t\t<div class=\"elementor-container elementor-column-gap-default\">\n\t\t\t\t\t<div class=\"elementor-column elementor-col-100 elementor-top-column elementor-element elementor-element-0c88a02\" data-id=\"0c88a02\" data-element_type=\"column\">\n\t\t\t<div class=\"elementor-widget-wrap elementor-element-populated\">\n\t\t\t\t\t\t<section class=\"elementor-section elementor-inner-section elementor-element elementor-element-eb161f4 elementor-section-boxed elementor-section-height-default elementor-section-height-default elementor-invisible\" data-id=\"eb161f4\" data-element_type=\"section\" data-settings=\"{&quot;animation&quot;:&quot;fadeIn&quot;,&quot;animation_delay&quot;:100}\">\n\t\t\t\t\t\t<div class=\"elementor-container elementor-column-gap-default\">\n\t\t\t\t\t<div class=\"elementor-column elementor-col-100 elementor-inner-column elementor-element elementor-element-31b27fa\" data-id=\"31b27fa\" data-element_type=\"column\">\n\t\t\t<div class=\"elementor-widget-wrap elementor-element-populated\">\n\t\t\t\t\t\t<div class=\"elementor-element elementor-element-9d148e4 elementor-widget elementor-widget-heading\" data-id=\"9d148e4\" data-element_type=\"widget\" data-widget_type=\"heading.default\">\n\t\t\t\t<div class=\"elementor-widget-container\">\n\t\t\t<style>\/*! elementor - v3.23.0 - 05-08-2024 *\/\n.elementor-heading-title{padding:0;margin:0;line-height:1}.elementor-widget-heading .elementor-heading-title[class*=elementor-size-]>a{color:inherit;font-size:inherit;line-height:inherit}.elementor-widget-heading .elementor-heading-title.elementor-size-small{font-size:15px}.elementor-widget-heading .elementor-heading-title.elementor-size-medium{font-size:19px}.elementor-widget-heading .elementor-heading-title.elementor-size-large{font-size:29px}.elementor-widget-heading .elementor-heading-title.elementor-size-xl{font-size:39px}.elementor-widget-heading .elementor-heading-title.elementor-size-xxl{font-size:59px}<\/style><h1 class=\"elementor-heading-title elementor-size-default\">Ex\u00e1menes para Lentes de Contacto<\/h1>\t\t<\/div>\n\t\t\t\t<\/div>\n\t\t\t\t\t<\/div>\n\t\t<\/div>\n\t\t\t\t\t<\/div>\n\t\t<\/section>\n\t\t\t\t\t<\/div>\n\t\t<\/div>\n\t\t\t\t\t<\/div>\n\t\t<\/section>\n\t\t\t\t<section class=\"elementor-section elementor-top-section elementor-element elementor-element-f1a868c elementor-section-full_width elementor-section-height-default elementor-section-height-default\" data-id=\"f1a868c\" data-element_type=\"section\" data-settings=\"{&quot;background_background&quot;:&quot;classic&quot;}\">\n\t\t\t\t\t\t\t<div class=\"elementor-background-overlay\"><\/div>\n\t\t\t\t\t\t\t<div class=\"elementor-container elementor-column-gap-default\">\n\t\t\t\t\t<div class=\"elementor-column elementor-col-100 elementor-top-column elementor-element elementor-element-c019f6f\" data-id=\"c019f6f\" data-element_type=\"column\">\n\t\t\t<div class=\"elementor-widget-wrap elementor-element-populated\">\n\t\t\t\t\t\t<section class=\"elementor-section elementor-inner-section elementor-element elementor-element-814c9d6 elementor-section-boxed elementor-section-height-default elementor-section-height-default\" data-id=\"814c9d6\" data-element_type=\"section\">\n\t\t\t\t\t\t<div class=\"elementor-container elementor-column-gap-default\">\n\t\t\t\t\t<div class=\"elementor-column elementor-col-50 elementor-inner-column elementor-element elementor-element-4a9e561 elementor-invisible\" data-id=\"4a9e561\" data-element_type=\"column\" data-settings=\"{&quot;animation&quot;:&quot;fadeIn&quot;,&quot;animation_delay&quot;:200,&quot;background_background&quot;:&quot;classic&quot;}\">\n\t\t\t<div class=\"elementor-widget-wrap elementor-element-populated\">\n\t\t\t\t\t\t<div class=\"elementor-element elementor-element-052b019 elementor-widget elementor-widget-image\" data-id=\"052b019\" data-element_type=\"widget\" data-settings=\"{&quot;_animation&quot;:&quot;none&quot;}\" data-widget_type=\"image.default\">\n\t\t\t\t<div class=\"elementor-widget-container\">\n\t\t\t<style>\/*! elementor - v3.23.0 - 05-08-2024 *\/\n.elementor-widget-image{text-align:center}.elementor-widget-image a{display:inline-block}.elementor-widget-image a img[src$=\".svg\"]{width:48px}.elementor-widget-image img{vertical-align:middle;display:inline-block}<\/style>\t\t\t\t\t\t\t\t\t\t<img fetchpriority=\"high\" decoding=\"async\" width=\"928\" height=\"1024\" src=\"https:\/\/theeyesongroup.com\/wp-content\/uploads\/2024\/11\/i4tugj4-928x1024.png\" class=\"attachment-large size-large wp-image-28786\" alt=\"Two optometrists in white coats conduct eye exams and display testing equipment, framed with graphic blue leaf-like shapes\" srcset=\"https:\/\/theeyesongroup.com\/wp-content\/uploads\/2024\/11\/i4tugj4-928x1024.png 928w, https:\/\/theeyesongroup.com\/wp-content\/uploads\/2024\/11\/i4tugj4-272x300.png 272w, https:\/\/theeyesongroup.com\/wp-content\/uploads\/2024\/11\/i4tugj4-768x847.png 768w, https:\/\/theeyesongroup.com\/wp-content\/uploads\/2024\/11\/i4tugj4-1392x1536.png 1392w, https:\/\/theeyesongroup.com\/wp-content\/uploads\/2024\/11\/i4tugj4-600x662.png 600w, https:\/\/theeyesongroup.com\/wp-content\/uploads\/2024\/11\/i4tugj4.png 1704w\" sizes=\"(max-width: 928px) 100vw, 928px\" \/>\t\t\t\t\t\t\t\t\t\t\t\t\t<\/div>\n\t\t\t\t<\/div>\n\t\t\t\t<div class=\"elementor-element elementor-element-4111b61 elementor-widget__width-auto elementor-absolute e-transform elementor-widget elementor-widget-image\" data-id=\"4111b61\" data-element_type=\"widget\" data-settings=\"{&quot;_position&quot;:&quot;absolute&quot;,&quot;_transform_rotateZ_effect&quot;:{&quot;unit&quot;:&quot;px&quot;,&quot;size&quot;:-22,&quot;sizes&quot;:[]},&quot;_transform_rotateZ_effect_tablet&quot;:{&quot;unit&quot;:&quot;deg&quot;,&quot;size&quot;:&quot;&quot;,&quot;sizes&quot;:[]},&quot;_transform_rotateZ_effect_mobile&quot;:{&quot;unit&quot;:&quot;deg&quot;,&quot;size&quot;:&quot;&quot;,&quot;sizes&quot;:[]}}\" data-widget_type=\"image.default\">\n\t\t\t\t<div class=\"elementor-widget-container\">\n\t\t\t\t\t\t\t\t\t\t\t\t\t<img decoding=\"async\" width=\"400\" height=\"400\" src=\"https:\/\/theeyesongroup.com\/wp-content\/uploads\/2023\/02\/oefuv.png\" class=\"attachment-large size-large wp-image-26853\" alt=\"Vision care partner logo graphic for brand identity\" srcset=\"https:\/\/theeyesongroup.com\/wp-content\/uploads\/2023\/02\/oefuv.png 400w, https:\/\/theeyesongroup.com\/wp-content\/uploads\/2023\/02\/oefuv-150x150.png 150w, https:\/\/theeyesongroup.com\/wp-content\/uploads\/2023\/02\/oefuv-300x300.png 300w, https:\/\/theeyesongroup.com\/wp-content\/uploads\/2023\/02\/oefuv-100x100.png 100w\" sizes=\"(max-width: 400px) 100vw, 400px\" \/>\t\t\t\t\t\t\t\t\t\t\t\t\t<\/div>\n\t\t\t\t<\/div>\n\t\t\t\t\t<\/div>\n\t\t<\/div>\n\t\t\t\t<div class=\"elementor-column elementor-col-50 elementor-inner-column elementor-element elementor-element-fbe3e97 elementor-invisible\" data-id=\"fbe3e97\" data-element_type=\"column\" data-settings=\"{&quot;animation&quot;:&quot;fadeIn&quot;,&quot;animation_delay&quot;:0}\">\n\t\t\t<div class=\"elementor-widget-wrap elementor-element-populated\">\n\t\t\t\t\t\t<div class=\"elementor-element elementor-element-c0b78cf elementor-widget-mobile__width-inherit elementor-widget elementor-widget-text-editor\" data-id=\"c0b78cf\" data-element_type=\"widget\" data-widget_type=\"text-editor.default\">\n\t\t\t\t<div class=\"elementor-widget-container\">\n\t\t\t<style>\/*! elementor - v3.23.0 - 05-08-2024 *\/\n.elementor-widget-text-editor.elementor-drop-cap-view-stacked .elementor-drop-cap{background-color:#69727d;color:#fff}.elementor-widget-text-editor.elementor-drop-cap-view-framed .elementor-drop-cap{color:#69727d;border:3px solid;background-color:transparent}.elementor-widget-text-editor:not(.elementor-drop-cap-view-default) .elementor-drop-cap{margin-top:8px}.elementor-widget-text-editor:not(.elementor-drop-cap-view-default) .elementor-drop-cap-letter{width:1em;height:1em}.elementor-widget-text-editor .elementor-drop-cap{float:left;text-align:center;line-height:1;font-size:50px}.elementor-widget-text-editor .elementor-drop-cap-letter{display:inline-block}<\/style>\t\t\t\t<span style=\"color: #4268d2;\">Ex\u00e1menes <\/span> para Lentes de Contacto\t\t\t\t\t\t<\/div>\n\t\t\t\t<\/div>\n\t\t\t\t<div class=\"elementor-element elementor-element-c84ebfe elementor-widget elementor-widget-text-editor\" data-id=\"c84ebfe\" data-element_type=\"widget\" data-widget_type=\"text-editor.default\">\n\t\t\t\t<div class=\"elementor-widget-container\">\n\t\t\t\t\t\t\t<p>Asegura el ajuste correcto con nuestros ex\u00e1menes especializados de lentes de contacto.<\/p>\t\t\t\t\t\t<\/div>\n\t\t\t\t<\/div>\n\t\t\t\t<div class=\"elementor-element elementor-element-4d197e8 elementor-align-left elementor-tablet-align-center elementor-widget elementor-widget-button\" data-id=\"4d197e8\" data-element_type=\"widget\" data-widget_type=\"button.default\">\n\t\t\t\t<div class=\"elementor-widget-container\">\n\t\t\t\t\t<div class=\"elementor-button-wrapper\">\n\t\t\t<a class=\"elementor-button elementor-button-link elementor-size-xl\" href=\"https:\/\/theeyesongroup.com\/es\/contact-us\/\">\n\t\t\t\t\t\t<span class=\"elementor-button-content-wrapper\">\n\t\t\t\t\t\t<span class=\"elementor-button-icon\">\n\t\t\t\t<i aria-hidden=\"true\" class=\"fas fa-angle-double-right\"><\/i>\t\t\t<\/span>\n\t\t\t\t\t\t\t\t\t<span class=\"elementor-button-text\">Cont\u00e1ctanos<\/span>\n\t\t\t\t\t<\/span>\n\t\t\t\t\t<\/a>\n\t\t<\/div>\n\t\t\t\t<\/div>\n\t\t\t\t<\/div>\n\t\t\t\t\t<\/div>\n\t\t<\/div>\n\t\t\t\t\t<\/div>\n\t\t<\/section>\n\t\t\t\t\t<\/div>\n\t\t<\/div>\n\t\t\t\t\t<\/div>\n\t\t<\/section>\n\t\t\t\t<\/div>\n\t\t","protected":false},"excerpt":{"rendered":"<p>Ex\u00e1menes para Lentes de Contacto Ex\u00e1menes para Lentes de Contacto Asegura el ajuste correcto con nuestros ex\u00e1menes especializados de lentes de contacto. Cont\u00e1ctanos<\/p>\n","protected":false},"author":2,"featured_media":0,"parent":29326,"menu_order":0,"comment_status":"closed","ping_status":"closed","template":"page-templates\/template-full-width-page-without-header-title.php","meta":{"footnotes":""},"class_list":["post-30461","page","type-page","status-publish","hentry"],"yoast_head":"<!-- This site is optimized with the Yoast SEO plugin v23.8 - https:\/\/yoast.com\/wordpress\/plugins\/seo\/ -->\n<title>Examen para lentes de contacto | Eyes on Group<\/title>\n<meta name=\"description\" content=\"Examen de lentes de contacto que eval\u00faa visi\u00f3n, ajuste y salud ocular con tecnolog\u00eda avanzada. Obt\u00e9n una adaptaci\u00f3n precisa y c\u00f3moda. Programa tu cita hoy.\" \/>\n<meta name=\"robots\" content=\"index, follow, max-snippet:-1, max-image-preview:large, max-video-preview:-1\" \/>\n<link rel=\"canonical\" href=\"https:\/\/theeyesongroup.com\/es\/contact-lenses\/eye-exam-for-contact-lenses\/\" \/>\n<meta property=\"og:locale\" content=\"es_ES\" \/>\n<meta property=\"og:type\" content=\"article\" \/>\n<meta property=\"og:title\" content=\"Examen para lentes de contacto | Eyes on Group\" \/>\n<meta property=\"og:description\" content=\"Examen de lentes de contacto que eval\u00faa visi\u00f3n, ajuste y salud ocular con tecnolog\u00eda avanzada. Obt\u00e9n una adaptaci\u00f3n precisa y c\u00f3moda. Programa tu cita hoy.\" \/>\n<meta property=\"og:url\" content=\"https:\/\/theeyesongroup.com\/es\/contact-lenses\/eye-exam-for-contact-lenses\/\" \/>\n<meta property=\"og:site_name\" content=\"Eyes On\" \/>\n<meta property=\"article:modified_time\" content=\"2025-11-18T10:04:10+00:00\" \/>\n<meta property=\"og:image\" content=\"http:\/\/theeyesongroup.com\/wp-content\/uploads\/2024\/11\/i4tugj4-928x1024.png\" \/>\n<meta name=\"twitter:card\" content=\"summary_large_image\" \/>\n<meta name=\"twitter:label1\" content=\"Tiempo de lectura\" \/>\n\t<meta name=\"twitter:data1\" content=\"1 minuto\" \/>\n<script type=\"application\/ld+json\" class=\"yoast-schema-graph\">{\"@context\":\"https:\/\/schema.org\",\"@graph\":[{\"@type\":\"WebPage\",\"@id\":\"https:\/\/theeyesongroup.com\/es\/contact-lenses\/eye-exam-for-contact-lenses\/\",\"url\":\"https:\/\/theeyesongroup.com\/es\/contact-lenses\/eye-exam-for-contact-lenses\/\",\"name\":\"Examen para lentes de contacto | Eyes on Group\",\"isPartOf\":{\"@id\":\"https:\/\/theeyesongroup.com\/es\/#website\"},\"primaryImageOfPage\":{\"@id\":\"https:\/\/theeyesongroup.com\/es\/contact-lenses\/eye-exam-for-contact-lenses\/#primaryimage\"},\"image\":{\"@id\":\"https:\/\/theeyesongroup.com\/es\/contact-lenses\/eye-exam-for-contact-lenses\/#primaryimage\"},\"thumbnailUrl\":\"http:\/\/theeyesongroup.com\/wp-content\/uploads\/2024\/11\/i4tugj4-928x1024.png\",\"datePublished\":\"2024-12-04T11:01:46+00:00\",\"dateModified\":\"2025-11-18T10:04:10+00:00\",\"description\":\"Examen de lentes de contacto que eval\u00faa visi\u00f3n, ajuste y salud ocular con tecnolog\u00eda avanzada. Obt\u00e9n una adaptaci\u00f3n precisa y c\u00f3moda. Programa tu cita hoy.\",\"breadcrumb\":{\"@id\":\"https:\/\/theeyesongroup.com\/es\/contact-lenses\/eye-exam-for-contact-lenses\/#breadcrumb\"},\"inLanguage\":\"es\",\"potentialAction\":[{\"@type\":\"ReadAction\",\"target\":[\"https:\/\/theeyesongroup.com\/es\/contact-lenses\/eye-exam-for-contact-lenses\/\"]}]},{\"@type\":\"ImageObject\",\"inLanguage\":\"es\",\"@id\":\"https:\/\/theeyesongroup.com\/es\/contact-lenses\/eye-exam-for-contact-lenses\/#primaryimage\",\"url\":\"http:\/\/theeyesongroup.com\/wp-content\/uploads\/2024\/11\/i4tugj4-928x1024.png\",\"contentUrl\":\"http:\/\/theeyesongroup.com\/wp-content\/uploads\/2024\/11\/i4tugj4-928x1024.png\"},{\"@type\":\"BreadcrumbList\",\"@id\":\"https:\/\/theeyesongroup.com\/es\/contact-lenses\/eye-exam-for-contact-lenses\/#breadcrumb\",\"itemListElement\":[{\"@type\":\"ListItem\",\"position\":1,\"name\":\"Home\",\"item\":\"https:\/\/theeyesongroup.com\/es\/\"},{\"@type\":\"ListItem\",\"position\":2,\"name\":\"Contact Lenses\",\"item\":\"https:\/\/theeyesongroup.com\/es\/contact-lenses\/\"},{\"@type\":\"ListItem\",\"position\":3,\"name\":\"Ex\u00e1menes para Lentes de Contacto\"}]},{\"@type\":\"WebSite\",\"@id\":\"https:\/\/theeyesongroup.com\/es\/#website\",\"url\":\"https:\/\/theeyesongroup.com\/es\/\",\"name\":\"Eyes On\",\"description\":\"\",\"publisher\":{\"@id\":\"https:\/\/theeyesongroup.com\/es\/#organization\"},\"potentialAction\":[{\"@type\":\"SearchAction\",\"target\":{\"@type\":\"EntryPoint\",\"urlTemplate\":\"https:\/\/theeyesongroup.com\/es\/?s={search_term_string}\"},\"query-input\":{\"@type\":\"PropertyValueSpecification\",\"valueRequired\":true,\"valueName\":\"search_term_string\"}}],\"inLanguage\":\"es\"},{\"@type\":\"Organization\",\"@id\":\"https:\/\/theeyesongroup.com\/es\/#organization\",\"name\":\"Eyes On\",\"url\":\"https:\/\/theeyesongroup.com\/es\/\",\"logo\":{\"@type\":\"ImageObject\",\"inLanguage\":\"es\",\"@id\":\"https:\/\/theeyesongroup.com\/es\/#\/schema\/logo\/image\/\",\"url\":\"https:\/\/theeyesongroup.com\/wp-content\/uploads\/2024\/12\/website-header-logo.png\",\"contentUrl\":\"https:\/\/theeyesongroup.com\/wp-content\/uploads\/2024\/12\/website-header-logo.png\",\"width\":842,\"height\":304,\"caption\":\"Eyes On\"},\"image\":{\"@id\":\"https:\/\/theeyesongroup.com\/es\/#\/schema\/logo\/image\/\"}}]}<\/script>\n<!-- \/ Yoast SEO plugin. -->","yoast_head_json":{"title":"Examen para lentes de contacto | Eyes on Group","description":"Examen de lentes de contacto que eval\u00faa visi\u00f3n, ajuste y salud ocular con tecnolog\u00eda avanzada. Obt\u00e9n una adaptaci\u00f3n precisa y c\u00f3moda. Programa tu cita hoy.","robots":{"index":"index","follow":"follow","max-snippet":"max-snippet:-1","max-image-preview":"max-image-preview:large","max-video-preview":"max-video-preview:-1"},"canonical":"https:\/\/theeyesongroup.com\/es\/contact-lenses\/eye-exam-for-contact-lenses\/","og_locale":"es_ES","og_type":"article","og_title":"Examen para lentes de contacto | Eyes on Group","og_description":"Examen de lentes de contacto que eval\u00faa visi\u00f3n, ajuste y salud ocular con tecnolog\u00eda avanzada. Obt\u00e9n una adaptaci\u00f3n precisa y c\u00f3moda. Programa tu cita hoy.","og_url":"https:\/\/theeyesongroup.com\/es\/contact-lenses\/eye-exam-for-contact-lenses\/","og_site_name":"Eyes On","article_modified_time":"2025-11-18T10:04:10+00:00","og_image":[{"url":"http:\/\/theeyesongroup.com\/wp-content\/uploads\/2024\/11\/i4tugj4-928x1024.png"}],"twitter_card":"summary_large_image","twitter_misc":{"Tiempo de lectura":"1 minuto"},"schema":{"@context":"https:\/\/schema.org","@graph":[{"@type":"WebPage","@id":"https:\/\/theeyesongroup.com\/es\/contact-lenses\/eye-exam-for-contact-lenses\/","url":"https:\/\/theeyesongroup.com\/es\/contact-lenses\/eye-exam-for-contact-lenses\/","name":"Examen para lentes de contacto | Eyes on Group","isPartOf":{"@id":"https:\/\/theeyesongroup.com\/es\/#website"},"primaryImageOfPage":{"@id":"https:\/\/theeyesongroup.com\/es\/contact-lenses\/eye-exam-for-contact-lenses\/#primaryimage"},"image":{"@id":"https:\/\/theeyesongroup.com\/es\/contact-lenses\/eye-exam-for-contact-lenses\/#primaryimage"},"thumbnailUrl":"http:\/\/theeyesongroup.com\/wp-content\/uploads\/2024\/11\/i4tugj4-928x1024.png","datePublished":"2024-12-04T11:01:46+00:00","dateModified":"2025-11-18T10:04:10+00:00","description":"Examen de lentes de contacto que eval\u00faa visi\u00f3n, ajuste y salud ocular con tecnolog\u00eda avanzada. Obt\u00e9n una adaptaci\u00f3n precisa y c\u00f3moda. Programa tu cita hoy.","breadcrumb":{"@id":"https:\/\/theeyesongroup.com\/es\/contact-lenses\/eye-exam-for-contact-lenses\/#breadcrumb"},"inLanguage":"es","potentialAction":[{"@type":"ReadAction","target":["https:\/\/theeyesongroup.com\/es\/contact-lenses\/eye-exam-for-contact-lenses\/"]}]},{"@type":"ImageObject","inLanguage":"es","@id":"https:\/\/theeyesongroup.com\/es\/contact-lenses\/eye-exam-for-contact-lenses\/#primaryimage","url":"http:\/\/theeyesongroup.com\/wp-content\/uploads\/2024\/11\/i4tugj4-928x1024.png","contentUrl":"http:\/\/theeyesongroup.com\/wp-content\/uploads\/2024\/11\/i4tugj4-928x1024.png"},{"@type":"BreadcrumbList","@id":"https:\/\/theeyesongroup.com\/es\/contact-lenses\/eye-exam-for-contact-lenses\/#breadcrumb","itemListElement":[{"@type":"ListItem","position":1,"name":"Home","item":"https:\/\/theeyesongroup.com\/es\/"},{"@type":"ListItem","position":2,"name":"Contact Lenses","item":"https:\/\/theeyesongroup.com\/es\/contact-lenses\/"},{"@type":"ListItem","position":3,"name":"Ex\u00e1menes para Lentes de Contacto"}]},{"@type":"WebSite","@id":"https:\/\/theeyesongroup.com\/es\/#website","url":"https:\/\/theeyesongroup.com\/es\/","name":"Eyes On","description":"","publisher":{"@id":"https:\/\/theeyesongroup.com\/es\/#organization"},"potentialAction":[{"@type":"SearchAction","target":{"@type":"EntryPoint","urlTemplate":"https:\/\/theeyesongroup.com\/es\/?s={search_term_string}"},"query-input":{"@type":"PropertyValueSpecification","valueRequired":true,"valueName":"search_term_string"}}],"inLanguage":"es"},{"@type":"Organization","@id":"https:\/\/theeyesongroup.com\/es\/#organization","name":"Eyes On","url":"https:\/\/theeyesongroup.com\/es\/","logo":{"@type":"ImageObject","inLanguage":"es","@id":"https:\/\/theeyesongroup.com\/es\/#\/schema\/logo\/image\/","url":"https:\/\/theeyesongroup.com\/wp-content\/uploads\/2024\/12\/website-header-logo.png","contentUrl":"https:\/\/theeyesongroup.com\/wp-content\/uploads\/2024\/12\/website-header-logo.png","width":842,"height":304,"caption":"Eyes On"},"image":{"@id":"https:\/\/theeyesongroup.com\/es\/#\/schema\/logo\/image\/"}}]}},"_links":{"self":[{"href":"https:\/\/theeyesongroup.com\/es\/wp-json\/wp\/v2\/pages\/30461","targetHints":{"allow":["GET"]}}],"collection":[{"href":"https:\/\/theeyesongroup.com\/es\/wp-json\/wp\/v2\/pages"}],"about":[{"href":"https:\/\/theeyesongroup.com\/es\/wp-json\/wp\/v2\/types\/page"}],"author":[{"embeddable":true,"href":"https:\/\/theeyesongroup.com\/es\/wp-json\/wp\/v2\/users\/2"}],"replies":[{"embeddable":true,"href":"https:\/\/theeyesongroup.com\/es\/wp-json\/wp\/v2\/comments?post=30461"}],"version-history":[{"count":15,"href":"https:\/\/theeyesongroup.com\/es\/wp-json\/wp\/v2\/pages\/30461\/revisions"}],"predecessor-version":[{"id":39082,"href":"https:\/\/theeyesongroup.com\/es\/wp-json\/wp\/v2\/pages\/30461\/revisions\/39082"}],"up":[{"embeddable":true,"href":"https:\/\/theeyesongroup.com\/es\/wp-json\/wp\/v2\/pages\/29326"}],"wp:attachment":[{"href":"https:\/\/theeyesongroup.com\/es\/wp-json\/wp\/v2\/media?parent=30461"}],"curies":[{"name":"wp","href":"https:\/\/api.w.org\/{rel}","templated":true}]}}