{"id":29422,"date":"2024-11-10T13:42:44","date_gmt":"2024-11-10T13:42:44","guid":{"rendered":"https:\/\/theeyesongroup.com\/featured-brands\/"},"modified":"2025-11-18T08:13:37","modified_gmt":"2025-11-18T08:13:37","slug":"featured-brands","status":"publish","type":"page","link":"https:\/\/theeyesongroup.com\/es\/featured-brands\/","title":{"rendered":"Featured Brands"},"content":{"rendered":"\t\t<div data-elementor-type=\"wp-page\" data-elementor-id=\"29422\" class=\"elementor elementor-29422 elementor-28528\">\n\t\t\t\t\t\t<section class=\"elementor-section elementor-top-section elementor-element elementor-element-b4aa4c5 elementor-section-boxed elementor-section-height-default elementor-section-height-default\" data-id=\"b4aa4c5\" data-element_type=\"section\" data-settings=\"{&quot;background_background&quot;:&quot;classic&quot;}\">\n\t\t\t\t\t\t\t<div class=\"elementor-background-overlay\"><\/div>\n\t\t\t\t\t\t\t<div class=\"elementor-container elementor-column-gap-default\">\n\t\t\t\t\t<div class=\"elementor-column elementor-col-100 elementor-top-column elementor-element elementor-element-cc7c9a6\" data-id=\"cc7c9a6\" data-element_type=\"column\">\n\t\t\t<div class=\"elementor-widget-wrap elementor-element-populated\">\n\t\t\t\t\t\t<section class=\"elementor-section elementor-inner-section elementor-element elementor-element-ec4fcb2 elementor-section-boxed elementor-section-height-default elementor-section-height-default elementor-invisible\" data-id=\"ec4fcb2\" data-element_type=\"section\" data-settings=\"{&quot;animation&quot;:&quot;fadeIn&quot;,&quot;animation_delay&quot;:100}\">\n\t\t\t\t\t\t<div class=\"elementor-container elementor-column-gap-default\">\n\t\t\t\t\t<div class=\"elementor-column elementor-col-100 elementor-inner-column elementor-element elementor-element-b2b0732\" data-id=\"b2b0732\" data-element_type=\"column\">\n\t\t\t<div class=\"elementor-widget-wrap elementor-element-populated\">\n\t\t\t\t\t\t<div class=\"elementor-element elementor-element-536b60c elementor-widget elementor-widget-heading\" data-id=\"536b60c\" data-element_type=\"widget\" data-widget_type=\"heading.default\">\n\t\t\t\t<div class=\"elementor-widget-container\">\n\t\t\t<style>\/*! elementor - v3.23.0 - 05-08-2024 *\/\n.elementor-heading-title{padding:0;margin:0;line-height:1}.elementor-widget-heading .elementor-heading-title[class*=elementor-size-]>a{color:inherit;font-size:inherit;line-height:inherit}.elementor-widget-heading .elementor-heading-title.elementor-size-small{font-size:15px}.elementor-widget-heading .elementor-heading-title.elementor-size-medium{font-size:19px}.elementor-widget-heading .elementor-heading-title.elementor-size-large{font-size:29px}.elementor-widget-heading .elementor-heading-title.elementor-size-xl{font-size:39px}.elementor-widget-heading .elementor-heading-title.elementor-size-xxl{font-size:59px}<\/style><h1 class=\"elementor-heading-title elementor-size-default\">Marcas <span style=\"color: #4268d2;\">Destacadas<\/span><\/h1>\t\t<\/div>\n\t\t\t\t<\/div>\n\t\t\t\t\t<\/div>\n\t\t<\/div>\n\t\t\t\t\t<\/div>\n\t\t<\/section>\n\t\t\t\t\t<\/div>\n\t\t<\/div>\n\t\t\t\t\t<\/div>\n\t\t<\/section>\n\t\t\t\t<section class=\"elementor-section elementor-top-section elementor-element elementor-element-3817104 elementor-section-boxed elementor-section-height-default elementor-section-height-default\" data-id=\"3817104\" data-element_type=\"section\" data-settings=\"{&quot;background_background&quot;:&quot;classic&quot;}\">\n\t\t\t\t\t\t\t<div class=\"elementor-background-overlay\"><\/div>\n\t\t\t\t\t\t\t<div class=\"elementor-container elementor-column-gap-default\">\n\t\t\t\t\t<div class=\"elementor-column elementor-col-100 elementor-top-column elementor-element elementor-element-b400e49\" data-id=\"b400e49\" data-element_type=\"column\">\n\t\t\t<div class=\"elementor-widget-wrap elementor-element-populated\">\n\t\t\t\t\t\t<div class=\"elementor-element elementor-element-ab36b42 elementor-widget elementor-widget-text-editor\" data-id=\"ab36b42\" data-element_type=\"widget\" data-widget_type=\"text-editor.default\">\n\t\t\t\t<div class=\"elementor-widget-container\">\n\t\t\t<style>\/*! elementor - v3.23.0 - 05-08-2024 *\/\n.elementor-widget-text-editor.elementor-drop-cap-view-stacked .elementor-drop-cap{background-color:#69727d;color:#fff}.elementor-widget-text-editor.elementor-drop-cap-view-framed .elementor-drop-cap{color:#69727d;border:3px solid;background-color:transparent}.elementor-widget-text-editor:not(.elementor-drop-cap-view-default) .elementor-drop-cap{margin-top:8px}.elementor-widget-text-editor:not(.elementor-drop-cap-view-default) .elementor-drop-cap-letter{width:1em;height:1em}.elementor-widget-text-editor .elementor-drop-cap{float:left;text-align:center;line-height:1;font-size:50px}.elementor-widget-text-editor .elementor-drop-cap-letter{display:inline-block}<\/style>\t\t\t\t<p><b>En The Eyes on Group, priorizamos su comodidad, visi\u00f3n y salud ocular, por eso recomendamos lentes de contacto de Bausch &amp; Lomb y CooperVision.<\/b><b><br \/><\/b><span style=\"font-weight: 400;\">Ambas marcas son l\u00edderes en la industria, ofreciendo tecnolog\u00edas innovadoras dise\u00f1adas para brindar una claridad excepcional y comodidad durante todo el d\u00eda.<\/span><\/p><ul><li style=\"font-weight: 400;\" aria-level=\"1\"><b>Bausch &amp; Lomb<\/b><span style=\"font-weight: 400;\"> se destaca por su avanzada retenci\u00f3n de humedad y transpirabilidad, lo que las hace ideales para ojos secos o sensibles.<\/span><\/li><li style=\"font-weight: 400;\" aria-level=\"1\"><b>CooperVision<\/b><span style=\"font-weight: 400;\"> se especializa en lentes adaptados a una variedad de necesidades, incluyendo astigmatismo, prescripciones multifocales y control de miop\u00eda.<\/span><\/li><\/ul><p><span style=\"font-weight: 400;\">Con estas marcas de confianza, garantizamos que nuestros pacientes reciban lentes de alta calidad que mejoren su visi\u00f3n y se adapten a su estilo de vida.<\/span><\/p>\t\t\t\t\t\t<\/div>\n\t\t\t\t<\/div>\n\t\t\t\t<section class=\"elementor-section elementor-inner-section elementor-element elementor-element-c0dc10e elementor-section-boxed elementor-section-height-default elementor-section-height-default elementor-invisible\" data-id=\"c0dc10e\" data-element_type=\"section\" data-settings=\"{&quot;animation&quot;:&quot;fadeIn&quot;,&quot;animation_delay&quot;:300}\">\n\t\t\t\t\t\t<div class=\"elementor-container elementor-column-gap-default\">\n\t\t\t\t\t<div class=\"elementor-column elementor-col-50 elementor-inner-column elementor-element elementor-element-0cf2f92\" data-id=\"0cf2f92\" data-element_type=\"column\" data-settings=\"{&quot;background_background&quot;:&quot;classic&quot;}\">\n\t\t\t<div class=\"elementor-widget-wrap elementor-element-populated\">\n\t\t\t\t\t\t<div class=\"elementor-element elementor-element-d4f15a3 elementor-widget__width-auto elementor-widget elementor-widget-image\" data-id=\"d4f15a3\" data-element_type=\"widget\" data-widget_type=\"image.default\">\n\t\t\t\t<div class=\"elementor-widget-container\">\n\t\t\t<style>\/*! elementor - v3.23.0 - 05-08-2024 *\/\n.elementor-widget-image{text-align:center}.elementor-widget-image a{display:inline-block}.elementor-widget-image a img[src$=\".svg\"]{width:48px}.elementor-widget-image img{vertical-align:middle;display:inline-block}<\/style>\t\t\t\t\t\t\t\t\t\t<img fetchpriority=\"high\" decoding=\"async\" width=\"1280\" height=\"609\" src=\"https:\/\/theeyesongroup.com\/wp-content\/uploads\/2024\/11\/Bausch__Lomb-Logo.wine_-e1623923989422-1.png\" class=\"attachment-full size-full wp-image-29728\" alt=\"Bausch + Lomb logo representing trusted lens partner\" srcset=\"https:\/\/theeyesongroup.com\/wp-content\/uploads\/2024\/11\/Bausch__Lomb-Logo.wine_-e1623923989422-1.png 1280w, https:\/\/theeyesongroup.com\/wp-content\/uploads\/2024\/11\/Bausch__Lomb-Logo.wine_-e1623923989422-1-300x143.png 300w, https:\/\/theeyesongroup.com\/wp-content\/uploads\/2024\/11\/Bausch__Lomb-Logo.wine_-e1623923989422-1-1024x487.png 1024w, https:\/\/theeyesongroup.com\/wp-content\/uploads\/2024\/11\/Bausch__Lomb-Logo.wine_-e1623923989422-1-768x365.png 768w, https:\/\/theeyesongroup.com\/wp-content\/uploads\/2024\/11\/Bausch__Lomb-Logo.wine_-e1623923989422-1-600x285.png 600w\" sizes=\"(max-width: 1280px) 100vw, 1280px\" \/>\t\t\t\t\t\t\t\t\t\t\t\t\t<\/div>\n\t\t\t\t<\/div>\n\t\t\t\t<section class=\"elementor-section elementor-inner-section elementor-element elementor-element-9b6bbe8 elementor-section-boxed elementor-section-height-default elementor-section-height-default\" data-id=\"9b6bbe8\" data-element_type=\"section\">\n\t\t\t\t\t\t<div class=\"elementor-container elementor-column-gap-no\">\n\t\t\t\t\t<div class=\"elementor-column elementor-col-100 elementor-inner-column elementor-element elementor-element-b6fc07f\" data-id=\"b6fc07f\" data-element_type=\"column\">\n\t\t\t<div class=\"elementor-widget-wrap elementor-element-populated\">\n\t\t\t\t\t\t<div class=\"elementor-element elementor-element-5528fef elementor-widget elementor-widget-text-editor\" data-id=\"5528fef\" data-element_type=\"widget\" data-widget_type=\"text-editor.default\">\n\t\t\t\t<div class=\"elementor-widget-container\">\n\t\t\t\t\t\t\t<p><b>Bausch + Lomb<\/b><\/p>\t\t\t\t\t\t<\/div>\n\t\t\t\t<\/div>\n\t\t\t\t<div class=\"elementor-element elementor-element-03b9fdc elementor-widget elementor-widget-text-editor\" data-id=\"03b9fdc\" data-element_type=\"widget\" data-widget_type=\"text-editor.default\">\n\t\t\t\t<div class=\"elementor-widget-container\">\n\t\t\t\t\t\t\t<p>Reconocida por productos de cuidado ocular de alta calidad, las lentes Bausch + Lomb ofrecen comodidad y claridad.<\/p>\t\t\t\t\t\t<\/div>\n\t\t\t\t<\/div>\n\t\t\t\t<div class=\"elementor-element elementor-element-a204ade elementor-align-center elementor-tablet-align-center elementor-hidden-desktop elementor-hidden-tablet elementor-hidden-mobile elementor-widget elementor-widget-button\" data-id=\"a204ade\" data-element_type=\"widget\" data-widget_type=\"button.default\">\n\t\t\t\t<div class=\"elementor-widget-container\">\n\t\t\t\t\t<div class=\"elementor-button-wrapper\">\n\t\t\t<a class=\"elementor-button elementor-button-link elementor-size-xl elementor-animation-float\" href=\"#\">\n\t\t\t\t\t\t<span class=\"elementor-button-content-wrapper\">\n\t\t\t\t\t\t\t\t\t<span class=\"elementor-button-text\">Read More<\/span>\n\t\t\t\t\t<\/span>\n\t\t\t\t\t<\/a>\n\t\t<\/div>\n\t\t\t\t<\/div>\n\t\t\t\t<\/div>\n\t\t\t\t\t<\/div>\n\t\t<\/div>\n\t\t\t\t\t<\/div>\n\t\t<\/section>\n\t\t\t\t\t<\/div>\n\t\t<\/div>\n\t\t\t\t<div class=\"elementor-column elementor-col-50 elementor-inner-column elementor-element elementor-element-b88a123\" data-id=\"b88a123\" data-element_type=\"column\" data-settings=\"{&quot;background_background&quot;:&quot;classic&quot;}\">\n\t\t\t<div class=\"elementor-widget-wrap elementor-element-populated\">\n\t\t\t\t\t\t<div class=\"elementor-element elementor-element-99dc8b0 elementor-widget__width-auto elementor-widget elementor-widget-image\" data-id=\"99dc8b0\" data-element_type=\"widget\" data-widget_type=\"image.default\">\n\t\t\t\t<div class=\"elementor-widget-container\">\n\t\t\t\t\t\t\t\t\t\t\t\t\t<img decoding=\"async\" width=\"280\" height=\"74\" src=\"https:\/\/theeyesongroup.com\/wp-content\/uploads\/2024\/11\/cooperlogo.webp\" class=\"attachment-full size-full wp-image-29726\" alt=\"CooperVision logo representing trusted lens partner\" \/>\t\t\t\t\t\t\t\t\t\t\t\t\t<\/div>\n\t\t\t\t<\/div>\n\t\t\t\t<section class=\"elementor-section elementor-inner-section elementor-element elementor-element-de771df elementor-section-boxed elementor-section-height-default elementor-section-height-default\" data-id=\"de771df\" data-element_type=\"section\">\n\t\t\t\t\t\t<div class=\"elementor-container elementor-column-gap-no\">\n\t\t\t\t\t<div class=\"elementor-column elementor-col-100 elementor-inner-column elementor-element elementor-element-b88dbdf\" data-id=\"b88dbdf\" data-element_type=\"column\">\n\t\t\t<div class=\"elementor-widget-wrap elementor-element-populated\">\n\t\t\t\t\t\t<div class=\"elementor-element elementor-element-2db82c9 elementor-widget elementor-widget-text-editor\" data-id=\"2db82c9\" data-element_type=\"widget\" data-widget_type=\"text-editor.default\">\n\t\t\t\t<div class=\"elementor-widget-container\">\n\t\t\t\t\t\t\t<p><b>CooperVision<\/b><\/p>\t\t\t\t\t\t<\/div>\n\t\t\t\t<\/div>\n\t\t\t\t<div class=\"elementor-element elementor-element-192d971 elementor-widget elementor-widget-text-editor\" data-id=\"192d971\" data-element_type=\"widget\" data-widget_type=\"text-editor.default\">\n\t\t\t\t<div class=\"elementor-widget-container\">\n\t\t\t\t\t\t\t<p>Lentes de contacto innovadores que ofrecen comodidad durante todo el d\u00eda para una variedad de necesidades de visi\u00f3n.<\/p>\t\t\t\t\t\t<\/div>\n\t\t\t\t<\/div>\n\t\t\t\t<div class=\"elementor-element elementor-element-7380908 elementor-align-center elementor-tablet-align-center elementor-hidden-desktop elementor-hidden-tablet elementor-hidden-mobile elementor-widget elementor-widget-button\" data-id=\"7380908\" data-element_type=\"widget\" data-widget_type=\"button.default\">\n\t\t\t\t<div class=\"elementor-widget-container\">\n\t\t\t\t\t<div class=\"elementor-button-wrapper\">\n\t\t\t<a class=\"elementor-button elementor-button-link elementor-size-xl elementor-animation-float\" href=\"#\">\n\t\t\t\t\t\t<span class=\"elementor-button-content-wrapper\">\n\t\t\t\t\t\t\t\t\t<span class=\"elementor-button-text\">Read More<\/span>\n\t\t\t\t\t<\/span>\n\t\t\t\t\t<\/a>\n\t\t<\/div>\n\t\t\t\t<\/div>\n\t\t\t\t<\/div>\n\t\t\t\t\t<\/div>\n\t\t<\/div>\n\t\t\t\t\t<\/div>\n\t\t<\/section>\n\t\t\t\t\t<\/div>\n\t\t<\/div>\n\t\t\t\t\t<\/div>\n\t\t<\/section>\n\t\t\t\t\t<\/div>\n\t\t<\/div>\n\t\t\t\t\t<\/div>\n\t\t<\/section>\n\t\t\t\t<\/div>\n\t\t","protected":false},"excerpt":{"rendered":"<p>Marcas Destacadas En The Eyes on Group, priorizamos su comodidad, visi\u00f3n y salud ocular, por eso recomendamos lentes de contacto de Bausch &amp; Lomb y CooperVision. Ambas marcas son l\u00edderes en la industria, ofreciendo tecnolog\u00edas innovadoras dise\u00f1adas para brindar una claridad excepcional y comodidad durante todo el d\u00eda. Bausch &amp; Lomb se destaca por su [&hellip;]<\/p>\n","protected":false},"author":2,"featured_media":0,"parent":0,"menu_order":0,"comment_status":"closed","ping_status":"closed","template":"page-templates\/template-full-width-page-without-header-title.php","meta":{"footnotes":""},"class_list":["post-29422","page","type-page","status-publish","hentry"],"yoast_head":"<!-- This site is optimized with the Yoast SEO plugin v23.8 - https:\/\/yoast.com\/wordpress\/plugins\/seo\/ -->\n<title>Marcas destacadas de gafas y lentes | Eyes on Group<\/title>\n<meta name=\"description\" content=\"Descubre las mejores marcas de lentes y gafas en The Eyes On Group. Encuentra las opciones de calidad para satisfacer tus necesidades visuales.\" \/>\n<meta name=\"robots\" content=\"index, follow, max-snippet:-1, max-image-preview:large, max-video-preview:-1\" \/>\n<link rel=\"canonical\" href=\"https:\/\/theeyesongroup.com\/es\/featured-brands\/\" \/>\n<meta property=\"og:locale\" content=\"es_ES\" \/>\n<meta property=\"og:type\" content=\"article\" \/>\n<meta property=\"og:title\" content=\"Marcas destacadas de gafas y lentes | Eyes on Group\" \/>\n<meta property=\"og:description\" content=\"Descubre las mejores marcas de lentes y gafas en The Eyes On Group. Encuentra las opciones de calidad para satisfacer tus necesidades visuales.\" \/>\n<meta property=\"og:url\" content=\"https:\/\/theeyesongroup.com\/es\/featured-brands\/\" \/>\n<meta property=\"og:site_name\" content=\"Eyes On\" \/>\n<meta property=\"article:modified_time\" content=\"2025-11-18T08:13:37+00:00\" \/>\n<meta property=\"og:image\" content=\"http:\/\/theeyesongroup.com\/wp-content\/uploads\/2024\/11\/Bausch__Lomb-Logo.wine_-e1623923989422-1.png\" \/>\n<meta name=\"twitter:card\" content=\"summary_large_image\" \/>\n<meta name=\"twitter:label1\" content=\"Tiempo de lectura\" \/>\n\t<meta name=\"twitter:data1\" content=\"2 minutos\" \/>\n<script type=\"application\/ld+json\" class=\"yoast-schema-graph\">{\"@context\":\"https:\/\/schema.org\",\"@graph\":[{\"@type\":\"WebPage\",\"@id\":\"https:\/\/theeyesongroup.com\/es\/featured-brands\/\",\"url\":\"https:\/\/theeyesongroup.com\/es\/featured-brands\/\",\"name\":\"Marcas destacadas de gafas y lentes | Eyes on Group\",\"isPartOf\":{\"@id\":\"https:\/\/theeyesongroup.com\/es\/#website\"},\"primaryImageOfPage\":{\"@id\":\"https:\/\/theeyesongroup.com\/es\/featured-brands\/#primaryimage\"},\"image\":{\"@id\":\"https:\/\/theeyesongroup.com\/es\/featured-brands\/#primaryimage\"},\"thumbnailUrl\":\"http:\/\/theeyesongroup.com\/wp-content\/uploads\/2024\/11\/Bausch__Lomb-Logo.wine_-e1623923989422-1.png\",\"datePublished\":\"2024-11-10T13:42:44+00:00\",\"dateModified\":\"2025-11-18T08:13:37+00:00\",\"description\":\"Descubre las mejores marcas de lentes y gafas en The Eyes On Group. Encuentra las opciones de calidad para satisfacer tus necesidades visuales.\",\"breadcrumb\":{\"@id\":\"https:\/\/theeyesongroup.com\/es\/featured-brands\/#breadcrumb\"},\"inLanguage\":\"es\",\"potentialAction\":[{\"@type\":\"ReadAction\",\"target\":[\"https:\/\/theeyesongroup.com\/es\/featured-brands\/\"]}]},{\"@type\":\"ImageObject\",\"inLanguage\":\"es\",\"@id\":\"https:\/\/theeyesongroup.com\/es\/featured-brands\/#primaryimage\",\"url\":\"http:\/\/theeyesongroup.com\/wp-content\/uploads\/2024\/11\/Bausch__Lomb-Logo.wine_-e1623923989422-1.png\",\"contentUrl\":\"http:\/\/theeyesongroup.com\/wp-content\/uploads\/2024\/11\/Bausch__Lomb-Logo.wine_-e1623923989422-1.png\"},{\"@type\":\"BreadcrumbList\",\"@id\":\"https:\/\/theeyesongroup.com\/es\/featured-brands\/#breadcrumb\",\"itemListElement\":[{\"@type\":\"ListItem\",\"position\":1,\"name\":\"Home\",\"item\":\"https:\/\/theeyesongroup.com\/es\/\"},{\"@type\":\"ListItem\",\"position\":2,\"name\":\"Featured Brands\"}]},{\"@type\":\"WebSite\",\"@id\":\"https:\/\/theeyesongroup.com\/es\/#website\",\"url\":\"https:\/\/theeyesongroup.com\/es\/\",\"name\":\"Eyes On\",\"description\":\"\",\"publisher\":{\"@id\":\"https:\/\/theeyesongroup.com\/es\/#organization\"},\"potentialAction\":[{\"@type\":\"SearchAction\",\"target\":{\"@type\":\"EntryPoint\",\"urlTemplate\":\"https:\/\/theeyesongroup.com\/es\/?s={search_term_string}\"},\"query-input\":{\"@type\":\"PropertyValueSpecification\",\"valueRequired\":true,\"valueName\":\"search_term_string\"}}],\"inLanguage\":\"es\"},{\"@type\":\"Organization\",\"@id\":\"https:\/\/theeyesongroup.com\/es\/#organization\",\"name\":\"Eyes On\",\"url\":\"https:\/\/theeyesongroup.com\/es\/\",\"logo\":{\"@type\":\"ImageObject\",\"inLanguage\":\"es\",\"@id\":\"https:\/\/theeyesongroup.com\/es\/#\/schema\/logo\/image\/\",\"url\":\"https:\/\/theeyesongroup.com\/wp-content\/uploads\/2024\/12\/website-header-logo.png\",\"contentUrl\":\"https:\/\/theeyesongroup.com\/wp-content\/uploads\/2024\/12\/website-header-logo.png\",\"width\":842,\"height\":304,\"caption\":\"Eyes On\"},\"image\":{\"@id\":\"https:\/\/theeyesongroup.com\/es\/#\/schema\/logo\/image\/\"}}]}<\/script>\n<!-- \/ Yoast SEO plugin. -->","yoast_head_json":{"title":"Marcas destacadas de gafas y lentes | Eyes on Group","description":"Descubre las mejores marcas de lentes y gafas en The Eyes On Group. Encuentra las opciones de calidad para satisfacer tus necesidades visuales.","robots":{"index":"index","follow":"follow","max-snippet":"max-snippet:-1","max-image-preview":"max-image-preview:large","max-video-preview":"max-video-preview:-1"},"canonical":"https:\/\/theeyesongroup.com\/es\/featured-brands\/","og_locale":"es_ES","og_type":"article","og_title":"Marcas destacadas de gafas y lentes | Eyes on Group","og_description":"Descubre las mejores marcas de lentes y gafas en The Eyes On Group. Encuentra las opciones de calidad para satisfacer tus necesidades visuales.","og_url":"https:\/\/theeyesongroup.com\/es\/featured-brands\/","og_site_name":"Eyes On","article_modified_time":"2025-11-18T08:13:37+00:00","og_image":[{"url":"http:\/\/theeyesongroup.com\/wp-content\/uploads\/2024\/11\/Bausch__Lomb-Logo.wine_-e1623923989422-1.png"}],"twitter_card":"summary_large_image","twitter_misc":{"Tiempo de lectura":"2 minutos"},"schema":{"@context":"https:\/\/schema.org","@graph":[{"@type":"WebPage","@id":"https:\/\/theeyesongroup.com\/es\/featured-brands\/","url":"https:\/\/theeyesongroup.com\/es\/featured-brands\/","name":"Marcas destacadas de gafas y lentes | Eyes on Group","isPartOf":{"@id":"https:\/\/theeyesongroup.com\/es\/#website"},"primaryImageOfPage":{"@id":"https:\/\/theeyesongroup.com\/es\/featured-brands\/#primaryimage"},"image":{"@id":"https:\/\/theeyesongroup.com\/es\/featured-brands\/#primaryimage"},"thumbnailUrl":"http:\/\/theeyesongroup.com\/wp-content\/uploads\/2024\/11\/Bausch__Lomb-Logo.wine_-e1623923989422-1.png","datePublished":"2024-11-10T13:42:44+00:00","dateModified":"2025-11-18T08:13:37+00:00","description":"Descubre las mejores marcas de lentes y gafas en The Eyes On Group. Encuentra las opciones de calidad para satisfacer tus necesidades visuales.","breadcrumb":{"@id":"https:\/\/theeyesongroup.com\/es\/featured-brands\/#breadcrumb"},"inLanguage":"es","potentialAction":[{"@type":"ReadAction","target":["https:\/\/theeyesongroup.com\/es\/featured-brands\/"]}]},{"@type":"ImageObject","inLanguage":"es","@id":"https:\/\/theeyesongroup.com\/es\/featured-brands\/#primaryimage","url":"http:\/\/theeyesongroup.com\/wp-content\/uploads\/2024\/11\/Bausch__Lomb-Logo.wine_-e1623923989422-1.png","contentUrl":"http:\/\/theeyesongroup.com\/wp-content\/uploads\/2024\/11\/Bausch__Lomb-Logo.wine_-e1623923989422-1.png"},{"@type":"BreadcrumbList","@id":"https:\/\/theeyesongroup.com\/es\/featured-brands\/#breadcrumb","itemListElement":[{"@type":"ListItem","position":1,"name":"Home","item":"https:\/\/theeyesongroup.com\/es\/"},{"@type":"ListItem","position":2,"name":"Featured Brands"}]},{"@type":"WebSite","@id":"https:\/\/theeyesongroup.com\/es\/#website","url":"https:\/\/theeyesongroup.com\/es\/","name":"Eyes On","description":"","publisher":{"@id":"https:\/\/theeyesongroup.com\/es\/#organization"},"potentialAction":[{"@type":"SearchAction","target":{"@type":"EntryPoint","urlTemplate":"https:\/\/theeyesongroup.com\/es\/?s={search_term_string}"},"query-input":{"@type":"PropertyValueSpecification","valueRequired":true,"valueName":"search_term_string"}}],"inLanguage":"es"},{"@type":"Organization","@id":"https:\/\/theeyesongroup.com\/es\/#organization","name":"Eyes On","url":"https:\/\/theeyesongroup.com\/es\/","logo":{"@type":"ImageObject","inLanguage":"es","@id":"https:\/\/theeyesongroup.com\/es\/#\/schema\/logo\/image\/","url":"https:\/\/theeyesongroup.com\/wp-content\/uploads\/2024\/12\/website-header-logo.png","contentUrl":"https:\/\/theeyesongroup.com\/wp-content\/uploads\/2024\/12\/website-header-logo.png","width":842,"height":304,"caption":"Eyes On"},"image":{"@id":"https:\/\/theeyesongroup.com\/es\/#\/schema\/logo\/image\/"}}]}},"_links":{"self":[{"href":"https:\/\/theeyesongroup.com\/es\/wp-json\/wp\/v2\/pages\/29422","targetHints":{"allow":["GET"]}}],"collection":[{"href":"https:\/\/theeyesongroup.com\/es\/wp-json\/wp\/v2\/pages"}],"about":[{"href":"https:\/\/theeyesongroup.com\/es\/wp-json\/wp\/v2\/types\/page"}],"author":[{"embeddable":true,"href":"https:\/\/theeyesongroup.com\/es\/wp-json\/wp\/v2\/users\/2"}],"replies":[{"embeddable":true,"href":"https:\/\/theeyesongroup.com\/es\/wp-json\/wp\/v2\/comments?post=29422"}],"version-history":[{"count":25,"href":"https:\/\/theeyesongroup.com\/es\/wp-json\/wp\/v2\/pages\/29422\/revisions"}],"predecessor-version":[{"id":36791,"href":"https:\/\/theeyesongroup.com\/es\/wp-json\/wp\/v2\/pages\/29422\/revisions\/36791"}],"wp:attachment":[{"href":"https:\/\/theeyesongroup.com\/es\/wp-json\/wp\/v2\/media?parent=29422"}],"curies":[{"name":"wp","href":"https:\/\/api.w.org\/{rel}","templated":true}]}}